{"id":1219,"date":"2024-03-01T14:56:11","date_gmt":"2024-03-01T14:56:11","guid":{"rendered":"https:\/\/www.sauvegarde93.fr\/?page_id=1219"},"modified":"2025-03-27T16:27:48","modified_gmt":"2025-03-27T16:27:48","slug":"missions","status":"publish","type":"page","link":"https:\/\/www.sauvegarde93.fr\/?page_id=1219","title":{"rendered":"Nos missions"},"content":{"rendered":"\n<p><strong>Le regard port\u00e9 sur l\u2019histoire de l\u2019association r\u00e9v\u00e8le ses points d\u2019ancrage dans la protection de l\u2019enfance en danger et dans l\u2019accompagnement des familles.<\/strong><\/p>\n\n\n\n<p>La Sauvegarde de Seine-Saint-Denis r\u00e9sulte de l\u2019\u00e9volution d\u2019une association cr\u00e9\u00e9e en 1968 pour r\u00e9pondre aux besoins d\u2019intervention en Milieu Ouvert aupr\u00e8s des familles dont les enfants ont fait l\u2019objet d\u2019un signalement. Elle a ensuite \u00e9largi ses champs d\u2019intervention en ouvrant des services d\u2019Investigation \u00c9ducative, d\u2019h\u00e9bergement (Placement familial, Service d\u2019Accueil d\u2019Urgence) et d\u2019Aide \u00e0 la gestion du budget familial.<\/p>\n\n\n\n<p>Son positionnement initial aupr\u00e8s des instances judiciaires puis le d\u00e9ploiement de son action \u00e9ducative en Milieu Ouvert t\u00e9moignent de sa longue exp\u00e9rience concernant le traitement des menaces port\u00e9es \u00e0 l\u2019int\u00e9grit\u00e9 de l\u2019enfant et \u00e0 ses droits.<\/p>\n\n\n\n<p>C\u2019est aujourd\u2019hui un acteur d\u00e9partemental de l\u2019Action Sociale qui a su \u00e9largir ses missions notamment \u00e0 la protection des adultes dans le cadre de l\u2019insertion et du logement, \u00e0 la pr\u00e9vention et au traitement de la d\u00e9linquance.<\/p>\n\n\n\n<p><strong>Elle assure une mission de service public ; habilit\u00e9e par le minist\u00e8re de la Justice et le Conseil D\u00e9partemental elle est financ\u00e9e par ce dernier \u00e0 85%.<\/strong><\/p>\n\n\n\n<p><strong>Les 9 activit\u00e9s principales de l\u2019association<\/strong><\/p>\n\n\n\n<ul class=\"wp-block-list\">\n<li><strong><a href=\"\/?etablissement=pole-action-educative-en-milieu-ouvert\">Services d\u2019Action \u00c9ducative en Milieu Ouvert, Aide Educative \u00e0 Domicile et Action \u00c9ducative en Milieu Ouvert Intensive<\/a> <\/strong>\/ AEMO-AED- AEMO I <\/li>\n<\/ul>\n\n\n\n<p>Ces services \u00e9ducatifs suivent <strong>1900<\/strong> enfants et adolescents et sont assur\u00e9s sur l\u2019ensemble du d\u00e9partement \u00e0 partir de <strong>6 sites <\/strong>(Gagny, Bobigny, Neuilly Plaisance, Epinay-sur-Seine, La Courneuve, Aulnay-Sous-Bois). Le SAEMO I de Bobigny intervient aupr\u00e8s de <strong>55 enfants en moyenne <\/strong>en situation d\u2019action \u00e9ducative renforc\u00e9e.<\/p>\n\n\n\n<ul class=\"wp-block-list\">\n<li><strong><a href=\"\/?etablissement=pole-hebergement-durgence\">Service d\u2019Accueil d\u2019Urgence et d\u2019Orientation<\/a> <\/strong>\/ SAUO La Courneuve<\/li>\n<\/ul>\n\n\n\n<p>Ce service est un foyer accueillant <strong>21 adolescents de 13 \u00e0 18 ans <\/strong>en situation de crise aig\u00fce.<\/p>\n\n\n\n<ul class=\"wp-block-list\">\n<li><strong><a href=\"\/?etablissement=pole-accueil-familial\">P\u00f4le Accueil Familial<\/a><\/strong> \/ PAF \u00e0 Bobigny<\/li>\n<\/ul>\n\n\n\n<p>Le P\u00f4le Accueil Familial exerce des mesures judiciaires et administratives dans le cadre de la protection de l\u2019Enfance. Il est compos\u00e9 de trois services&nbsp;habilit\u00e9s pour accueillir des mineurs et jeunes majeurs au sein de familles d\u2019accueil : le <strong>Placement Familial sp\u00e9cialis\u00e9 <\/strong>accueillant <strong>100 enfants <\/strong>de 0 \u00e0 21 ans, <strong>l\u2019Accueil Partag\u00e9 <\/strong>accueillant <strong>20 enfants <\/strong>de 6 \u00e0 12 ans et <strong>l\u2019Unit\u00e9 d\u2019Accueil d\u2019Urgence <\/strong>accueillant <strong>20 enfants <\/strong>de de 0 \u00e0 14 ans.<\/p>\n\n\n\n<ul class=\"wp-block-list\">\n<li><strong><a href=\"\/?etablissement=pole-hebergement-durgence\">Service d\u2019Accueil et d\u2019\u00c9coute pour Adolescents en Difficult\u00e9<\/a><\/strong> \/ Etap\u2019ADO \u00e0 Pantin<\/li>\n<\/ul>\n\n\n\n<p>Ce service est un lieu d\u2019<strong>\u00e9coute<\/strong> et de <strong>m\u00e9diation<\/strong> pour jeunes de 13 \u00e0 17 ans en conflit familial et\/ou scolaire.<\/p>\n\n\n\n<ul class=\"wp-block-list\">\n<li><strong><a href=\"\/?etablissement=pole-prevention-specialisee\">P\u00f4le D\u00e9veloppement Social et Pr\u00e9vention &#8211; Pr\u00e9vention sp\u00e9cialis\u00e9e<\/a> <\/strong>\/ DSP \u00e0 Stains et Noisy-Le-Grand<\/li>\n<\/ul>\n\n\n\n<p>Ce p\u00f4le assure une <strong>pr\u00e9vention des risques d\u2019exclusion <\/strong>et de <strong>d\u00e9socialisation<\/strong> des populations jeunes les plus en difficult\u00e9 dans les quartiers.<\/p>\n\n\n\n<ul class=\"wp-block-list\">\n<li><strong><a href=\"\/?etablissement=pole-accompagnement-judiciaire-et-educatif\">Service d\u2019Aide \u00e0 l\u2019Enfant et \u00e0 la Famille<\/a><\/strong> \/ ADEF M\u00e9diation \u00e0 Pantin<\/li>\n<\/ul>\n\n\n\n<p>Dans le cadre de difficult\u00e9s familiales, ce service propose plusieurs actions pour maintenir ou renouer les liens familiaux&nbsp;: la <strong>m\u00e9diation familiale <\/strong>et <strong>l\u2019Espace rencontre<\/strong> proposant un espace s\u00e9curisant et protecteur entre parents et\/ou familles \u00e9largies avec l\u2019enfant.<\/p>\n\n\n\n<ul class=\"wp-block-list\">\n<li><strong><a href=\"\/?etablissement=pole-accompagnement-judiciaire-et-educatif\">P\u00f4le d\u2019Accompagnement Judiciaire et \u00c9ducatif<\/a><\/strong> \/ PAJE \u00e0 Pantin<\/li>\n<\/ul>\n\n\n\n<p>Ce p\u00f4le met en \u0153uvre des <strong>mesures \u00e9ducatives et socio-judiciaires <\/strong>pour les mineurs et les majeurs.&nbsp;Il abrite \u00e9galement les missions relatives aux <strong>violences conjugales <\/strong>: <strong>l\u2019Unit\u00e9 de violences <\/strong>dans le couple comprenant la MAP, l\u2019ERP, le protocole f\u00e9minicide et la Mission de prise en charge des auteurs de violences conjugales avec le dispositif d\u2019h\u00e9bergement AGIR. Par ailleurs, le p\u00f4le une mission de protection de l\u2019Enfance \u00e0 travers les <strong>MJIE.<\/strong><\/p>\n\n\n\n<ul class=\"wp-block-list\">\n<li><strong><a href=\"\/?etablissement=pole-protection-des-majeurs\">Service d\u2019Accompagnement Tut\u00e9laire<\/a><\/strong> \/ ATR \u00e0 Bobigny<\/li>\n<\/ul>\n\n\n\n<p>Ce service assure la gestion des mesures de protection juridique de <strong>Personnes majeures prot\u00e9g\u00e9es <\/strong>(tutelles, curatelles, mandats sp\u00e9ciaux). La repr\u00e9sentation tout comme l\u2019assistance de la Personne, s\u2019effectuent dans le respect de ses droits et de ses besoins.<\/p>\n\n\n\n<ul class=\"wp-block-list\">\n<li><strong><a href=\"\/?etablissement=pole-economie-familiale-social-et-logement\">P\u00f4le \u00c9conomie Familiale Sociale et Logement<\/a><\/strong> \/ EFSL \u00e0 Bobigny<\/li>\n<\/ul>\n\n\n\n<p>Ce p\u00f4le regroupe plusieurs services dont celui de la <strong>Mesure d\u2019Aide Judiciaire \u00e0 la Gestion du Budget Familial <\/strong>relevant de la Protection de l\u2019Enfance : <strong>l\u2019Unit\u00e9 logement <\/strong>comprenant l\u2019Accompagnement Social li\u00e9 au Logement, la Mesure d\u2019Accompagnement Social Personnalis\u00e9, le dispositif d\u2019h\u00e9bergement alternatif \u00e0 la prise en charge h\u00f4teli\u00e8re, et les permanences socio-juridiques en convention avec la Fondation Abb\u00e9 Pierre.<\/p>\n\n\n\n<h2 class=\"wp-block-heading\"><strong><mark style=\"background-color:rgba(0, 0, 0, 0)\" class=\"has-inline-color has-accent-color\">Projet strat\u00e9gique<\/mark><\/strong><\/h2>\n\n\n\n<p>Du projet associatif d\u00e9coule le projet strat\u00e9gique, qui donne la philosophie port\u00e9e par l\u2019association et les orientations g\u00e9n\u00e9rales de notre action. Il donne les grands axes de travail et objectifs principaux qui vont guider nos travaux.<\/p>\n\n\n\n<p>Il est construit autour de 4 axes : <\/p>\n\n\n\n<ul class=\"wp-block-list\">\n<li><mark style=\"background-color:rgba(0, 0, 0, 0)\" class=\"has-inline-color has-accent-color\"><strong>Axe A<\/strong> : Accompagnement du public et am\u00e9lioration de nos pratiques<\/mark><\/li>\n\n\n\n<li><mark style=\"background-color:rgba(0, 0, 0, 0)\" class=\"has-inline-color has-accent-color\"><strong>Axe B<\/strong> : Bien-\u00eatre au travail et fid\u00e9lisation des professionnel<\/mark>s<\/li>\n\n\n\n<li><mark style=\"background-color:rgba(0, 0, 0, 0)\" class=\"has-inline-color has-accent-color\"><strong>Axe C<\/strong> : Structuration et efficacit\u00e9 organisationnelle<\/mark><\/li>\n\n\n\n<li><mark style=\"background-color:rgba(0, 0, 0, 0)\" class=\"has-inline-color has-accent-color\"><strong>Axe D<\/strong> : Optimisation des ressources financi\u00e8re et mat\u00e9rielles<\/mark><\/li>\n\n\n\n<li><mark style=\"background-color:rgba(0, 0, 0, 0)\" class=\"has-inline-color has-accent-color\"><strong>Axe E<\/strong> : Communication et coop\u00e9ration dynamiques<\/mark><\/li>\n<\/ul>\n\n\n\n<p><\/p>\n","protected":false},"excerpt":{"rendered":"<p>Le regard port\u00e9 sur l\u2019histoire de l\u2019association r\u00e9v\u00e8le ses points d\u2019ancrage dans la protection de l\u2019enfance en danger et dans l\u2019accompagnement des familles. La Sauvegarde de Seine-Saint-Denis r\u00e9sulte de l\u2019\u00e9volution d\u2019une association cr\u00e9\u00e9e en 1968 pour r\u00e9pondre aux besoins d\u2019intervention en Milieu Ouvert aupr\u00e8s des familles dont les enfants ont fait l\u2019objet d\u2019un signalement. Elle &#8230; <a title=\"Nos missions\" class=\"read-more\" href=\"https:\/\/www.sauvegarde93.fr\/?page_id=1219\" aria-label=\"En savoir plus sur Nos missions\">Lire la suite<\/a><\/p>\n","protected":false},"author":2,"featured_media":0,"parent":0,"menu_order":0,"comment_status":"closed","ping_status":"closed","template":"","meta":{"_acf_changed":false,"footnotes":""},"class_list":["post-1219","page","type-page","status-publish"],"acf":[],"yoast_head":"<!-- This site is optimized with the Yoast SEO plugin v27.3 - https:\/\/yoast.com\/product\/yoast-seo-wordpress\/ -->\n<title>Nos missions - Sauvegarde de Seine-Saint-Denis<\/title>\n<meta name=\"robots\" content=\"index, follow, max-snippet:-1, max-image-preview:large, max-video-preview:-1\" \/>\n<link rel=\"canonical\" href=\"https:\/\/www.sauvegarde93.fr\/?page_id=1219\" \/>\n<meta property=\"og:locale\" content=\"fr_FR\" \/>\n<meta property=\"og:type\" content=\"article\" \/>\n<meta property=\"og:title\" content=\"Nos missions - Sauvegarde de Seine-Saint-Denis\" \/>\n<meta property=\"og:description\" content=\"Le regard port\u00e9 sur l\u2019histoire de l\u2019association r\u00e9v\u00e8le ses points d\u2019ancrage dans la protection de l\u2019enfance en danger et dans l\u2019accompagnement des familles. La Sauvegarde de Seine-Saint-Denis r\u00e9sulte de l\u2019\u00e9volution d\u2019une association cr\u00e9\u00e9e en 1968 pour r\u00e9pondre aux besoins d\u2019intervention en Milieu Ouvert aupr\u00e8s des familles dont les enfants ont fait l\u2019objet d\u2019un signalement. Elle ... Lire la suite\" \/>\n<meta property=\"og:url\" content=\"https:\/\/www.sauvegarde93.fr\/?page_id=1219\" \/>\n<meta property=\"og:site_name\" content=\"Sauvegarde de Seine-Saint-Denis\" \/>\n<meta property=\"article:modified_time\" content=\"2025-03-27T16:27:48+00:00\" \/>\n<meta name=\"twitter:card\" content=\"summary_large_image\" \/>\n<meta name=\"twitter:label1\" content=\"Dur\u00e9e de lecture estim\u00e9e\" \/>\n\t<meta name=\"twitter:data1\" content=\"4 minutes\" \/>\n<script type=\"application\/ld+json\" class=\"yoast-schema-graph\">{\"@context\":\"https:\\\/\\\/schema.org\",\"@graph\":[{\"@type\":\"WebPage\",\"@id\":\"https:\\\/\\\/www.sauvegarde93.fr\\\/?page_id=1219\",\"url\":\"https:\\\/\\\/www.sauvegarde93.fr\\\/?page_id=1219\",\"name\":\"Nos missions - Sauvegarde de Seine-Saint-Denis\",\"isPartOf\":{\"@id\":\"https:\\\/\\\/www.sauvegarde93.fr\\\/#website\"},\"datePublished\":\"2024-03-01T14:56:11+00:00\",\"dateModified\":\"2025-03-27T16:27:48+00:00\",\"breadcrumb\":{\"@id\":\"https:\\\/\\\/www.sauvegarde93.fr\\\/?page_id=1219#breadcrumb\"},\"inLanguage\":\"fr-FR\",\"potentialAction\":[{\"@type\":\"ReadAction\",\"target\":[\"https:\\\/\\\/www.sauvegarde93.fr\\\/?page_id=1219\"]}]},{\"@type\":\"BreadcrumbList\",\"@id\":\"https:\\\/\\\/www.sauvegarde93.fr\\\/?page_id=1219#breadcrumb\",\"itemListElement\":[{\"@type\":\"ListItem\",\"position\":1,\"name\":\"Accueil\",\"item\":\"https:\\\/\\\/www.sauvegarde93.fr\\\/\"},{\"@type\":\"ListItem\",\"position\":2,\"name\":\"Nos missions\"}]},{\"@type\":\"WebSite\",\"@id\":\"https:\\\/\\\/www.sauvegarde93.fr\\\/#website\",\"url\":\"https:\\\/\\\/www.sauvegarde93.fr\\\/\",\"name\":\"Sauvegarde de Seine-Saint-Denis\",\"description\":\"Association de protection de l\u2019enfance, de l\u2019adolescence et de l\u2019adulte\",\"publisher\":{\"@id\":\"https:\\\/\\\/www.sauvegarde93.fr\\\/#organization\"},\"potentialAction\":[{\"@type\":\"SearchAction\",\"target\":{\"@type\":\"EntryPoint\",\"urlTemplate\":\"https:\\\/\\\/www.sauvegarde93.fr\\\/?s={search_term_string}\"},\"query-input\":{\"@type\":\"PropertyValueSpecification\",\"valueRequired\":true,\"valueName\":\"search_term_string\"}}],\"inLanguage\":\"fr-FR\"},{\"@type\":\"Organization\",\"@id\":\"https:\\\/\\\/www.sauvegarde93.fr\\\/#organization\",\"name\":\"Sauvegarde de Seine-Saint-Denis\",\"url\":\"https:\\\/\\\/www.sauvegarde93.fr\\\/\",\"logo\":{\"@type\":\"ImageObject\",\"inLanguage\":\"fr-FR\",\"@id\":\"https:\\\/\\\/www.sauvegarde93.fr\\\/#\\\/schema\\\/logo\\\/image\\\/\",\"url\":\"https:\\\/\\\/www.sauvegarde93.fr\\\/wp-content\\\/uploads\\\/2024\\\/04\\\/logo_S93.png\",\"contentUrl\":\"https:\\\/\\\/www.sauvegarde93.fr\\\/wp-content\\\/uploads\\\/2024\\\/04\\\/logo_S93.png\",\"width\":209,\"height\":92,\"caption\":\"Sauvegarde de Seine-Saint-Denis\"},\"image\":{\"@id\":\"https:\\\/\\\/www.sauvegarde93.fr\\\/#\\\/schema\\\/logo\\\/image\\\/\"},\"sameAs\":[\"https:\\\/\\\/www.linkedin.com\\\/company\\\/sauvegarde-de-seine-saint-denis\\\/\"]}]}<\/script>\n<!-- \/ Yoast SEO plugin. -->","yoast_head_json":{"title":"Nos missions - Sauvegarde de Seine-Saint-Denis","robots":{"index":"index","follow":"follow","max-snippet":"max-snippet:-1","max-image-preview":"max-image-preview:large","max-video-preview":"max-video-preview:-1"},"canonical":"https:\/\/www.sauvegarde93.fr\/?page_id=1219","og_locale":"fr_FR","og_type":"article","og_title":"Nos missions - Sauvegarde de Seine-Saint-Denis","og_description":"Le regard port\u00e9 sur l\u2019histoire de l\u2019association r\u00e9v\u00e8le ses points d\u2019ancrage dans la protection de l\u2019enfance en danger et dans l\u2019accompagnement des familles. La Sauvegarde de Seine-Saint-Denis r\u00e9sulte de l\u2019\u00e9volution d\u2019une association cr\u00e9\u00e9e en 1968 pour r\u00e9pondre aux besoins d\u2019intervention en Milieu Ouvert aupr\u00e8s des familles dont les enfants ont fait l\u2019objet d\u2019un signalement. Elle ... Lire la suite","og_url":"https:\/\/www.sauvegarde93.fr\/?page_id=1219","og_site_name":"Sauvegarde de Seine-Saint-Denis","article_modified_time":"2025-03-27T16:27:48+00:00","twitter_card":"summary_large_image","twitter_misc":{"Dur\u00e9e de lecture estim\u00e9e":"4 minutes"},"schema":{"@context":"https:\/\/schema.org","@graph":[{"@type":"WebPage","@id":"https:\/\/www.sauvegarde93.fr\/?page_id=1219","url":"https:\/\/www.sauvegarde93.fr\/?page_id=1219","name":"Nos missions - Sauvegarde de Seine-Saint-Denis","isPartOf":{"@id":"https:\/\/www.sauvegarde93.fr\/#website"},"datePublished":"2024-03-01T14:56:11+00:00","dateModified":"2025-03-27T16:27:48+00:00","breadcrumb":{"@id":"https:\/\/www.sauvegarde93.fr\/?page_id=1219#breadcrumb"},"inLanguage":"fr-FR","potentialAction":[{"@type":"ReadAction","target":["https:\/\/www.sauvegarde93.fr\/?page_id=1219"]}]},{"@type":"BreadcrumbList","@id":"https:\/\/www.sauvegarde93.fr\/?page_id=1219#breadcrumb","itemListElement":[{"@type":"ListItem","position":1,"name":"Accueil","item":"https:\/\/www.sauvegarde93.fr\/"},{"@type":"ListItem","position":2,"name":"Nos missions"}]},{"@type":"WebSite","@id":"https:\/\/www.sauvegarde93.fr\/#website","url":"https:\/\/www.sauvegarde93.fr\/","name":"Sauvegarde de Seine-Saint-Denis","description":"Association de protection de l\u2019enfance, de l\u2019adolescence et de l\u2019adulte","publisher":{"@id":"https:\/\/www.sauvegarde93.fr\/#organization"},"potentialAction":[{"@type":"SearchAction","target":{"@type":"EntryPoint","urlTemplate":"https:\/\/www.sauvegarde93.fr\/?s={search_term_string}"},"query-input":{"@type":"PropertyValueSpecification","valueRequired":true,"valueName":"search_term_string"}}],"inLanguage":"fr-FR"},{"@type":"Organization","@id":"https:\/\/www.sauvegarde93.fr\/#organization","name":"Sauvegarde de Seine-Saint-Denis","url":"https:\/\/www.sauvegarde93.fr\/","logo":{"@type":"ImageObject","inLanguage":"fr-FR","@id":"https:\/\/www.sauvegarde93.fr\/#\/schema\/logo\/image\/","url":"https:\/\/www.sauvegarde93.fr\/wp-content\/uploads\/2024\/04\/logo_S93.png","contentUrl":"https:\/\/www.sauvegarde93.fr\/wp-content\/uploads\/2024\/04\/logo_S93.png","width":209,"height":92,"caption":"Sauvegarde de Seine-Saint-Denis"},"image":{"@id":"https:\/\/www.sauvegarde93.fr\/#\/schema\/logo\/image\/"},"sameAs":["https:\/\/www.linkedin.com\/company\/sauvegarde-de-seine-saint-denis\/"]}]}},"_links":{"self":[{"href":"https:\/\/www.sauvegarde93.fr\/index.php?rest_route=\/wp\/v2\/pages\/1219","targetHints":{"allow":["GET"]}}],"collection":[{"href":"https:\/\/www.sauvegarde93.fr\/index.php?rest_route=\/wp\/v2\/pages"}],"about":[{"href":"https:\/\/www.sauvegarde93.fr\/index.php?rest_route=\/wp\/v2\/types\/page"}],"author":[{"embeddable":true,"href":"https:\/\/www.sauvegarde93.fr\/index.php?rest_route=\/wp\/v2\/users\/2"}],"replies":[{"embeddable":true,"href":"https:\/\/www.sauvegarde93.fr\/index.php?rest_route=%2Fwp%2Fv2%2Fcomments&post=1219"}],"version-history":[{"count":18,"href":"https:\/\/www.sauvegarde93.fr\/index.php?rest_route=\/wp\/v2\/pages\/1219\/revisions"}],"predecessor-version":[{"id":4254,"href":"https:\/\/www.sauvegarde93.fr\/index.php?rest_route=\/wp\/v2\/pages\/1219\/revisions\/4254"}],"wp:attachment":[{"href":"https:\/\/www.sauvegarde93.fr\/index.php?rest_route=%2Fwp%2Fv2%2Fmedia&parent=1219"}],"curies":[{"name":"wp","href":"https:\/\/api.w.org\/{rel}","templated":true}]}}