{"id":2,"date":"2024-02-16T09:43:44","date_gmt":"2024-02-16T09:43:44","guid":{"rendered":"https:\/\/www.sauvegarde93.fr\/?page_id=2"},"modified":"2025-01-22T15:57:53","modified_gmt":"2025-01-22T15:57:53","slug":"faire-un-don","status":"publish","type":"page","link":"https:\/\/www.sauvegarde93.fr\/?page_id=2","title":{"rendered":"Faire un don"},"content":{"rendered":"\n<p class=\"has-text-align-center has-medium-font-size\"><br><mark style=\"background-color:rgba(0, 0, 0, 0)\" class=\"has-inline-color has-accent-color\"><strong>La Sauvegarde de Seine-Saint-Denis se pr\u00e9pare pour recevoir vos dons ! <\/strong><br><\/mark><\/p>\n\n\n\n<p class=\"has-text-align-center\">La proc\u00e9dure est en cours et vous pourrez prochainement avoir acc\u00e8s au formulaire qui vous permettra de valoriser l&rsquo;association.<\/p>\n\n\n\n<p class=\"has-text-align-center\">Nous vous remercions chaleureusement par avance ! <\/p>\n\n\n\n<blockquote class=\"wp-block-quote is-layout-flow wp-block-quote-is-layout-flow\">\n<p><a href=\"https:\/\/www.sauvegarde93.fr\/?page_id=371\">Pour en savoir plus sur l&rsquo;organisation de la Sauvegarde de Seine-Saint-Denis<\/a><\/p>\n<\/blockquote>\n\n\n<div class=\"wp-block-image\">\n<figure class=\"aligncenter size-medium\"><img loading=\"lazy\" decoding=\"async\" width=\"300\" height=\"265\" src=\"https:\/\/www.sauvegarde93.fr\/wp-content\/uploads\/2025\/01\/Faire-un-don-v-reduite-300x265.jpg\" alt=\"Faire un don\" class=\"wp-image-3513\" srcset=\"https:\/\/www.sauvegarde93.fr\/wp-content\/uploads\/2025\/01\/Faire-un-don-v-reduite-300x265.jpg 300w, https:\/\/www.sauvegarde93.fr\/wp-content\/uploads\/2025\/01\/Faire-un-don-v-reduite-768x677.jpg 768w, https:\/\/www.sauvegarde93.fr\/wp-content\/uploads\/2025\/01\/Faire-un-don-v-reduite.jpg 1000w\" sizes=\"auto, (max-width: 300px) 100vw, 300px\" \/><\/figure>\n<\/div>","protected":false},"excerpt":{"rendered":"<p>La Sauvegarde de Seine-Saint-Denis se pr\u00e9pare pour recevoir vos dons ! La proc\u00e9dure est en cours et vous pourrez prochainement avoir acc\u00e8s au formulaire qui vous permettra de valoriser l&rsquo;association. Nous vous remercions chaleureusement par avance ! Pour en savoir plus sur l&rsquo;organisation de la Sauvegarde de Seine-Saint-Denis<\/p>\n","protected":false},"author":1,"featured_media":0,"parent":0,"menu_order":0,"comment_status":"closed","ping_status":"open","template":"","meta":{"_acf_changed":false,"footnotes":""},"class_list":["post-2","page","type-page","status-publish"],"acf":[],"yoast_head":"<!-- This site is optimized with the Yoast SEO plugin v27.3 - https:\/\/yoast.com\/product\/yoast-seo-wordpress\/ -->\n<title>Faire un don - Sauvegarde de Seine-Saint-Denis<\/title>\n<meta name=\"description\" content=\"Faire un don \u00e0 la Sauvegarde de Seine-Saint-Denis\" \/>\n<meta name=\"robots\" content=\"index, follow, max-snippet:-1, max-image-preview:large, max-video-preview:-1\" \/>\n<link rel=\"canonical\" href=\"https:\/\/www.sauvegarde93.fr\/?page_id=2\" \/>\n<meta property=\"og:locale\" content=\"fr_FR\" \/>\n<meta property=\"og:type\" content=\"article\" \/>\n<meta property=\"og:title\" content=\"Faire un don - Sauvegarde de Seine-Saint-Denis\" \/>\n<meta property=\"og:description\" content=\"Faire un don \u00e0 la Sauvegarde de Seine-Saint-Denis\" \/>\n<meta property=\"og:url\" content=\"https:\/\/www.sauvegarde93.fr\/?page_id=2\" \/>\n<meta property=\"og:site_name\" content=\"Sauvegarde de Seine-Saint-Denis\" \/>\n<meta property=\"article:modified_time\" content=\"2025-01-22T15:57:53+00:00\" \/>\n<meta property=\"og:image\" content=\"https:\/\/www.sauvegarde93.fr\/wp-content\/uploads\/2025\/01\/Faire-un-don-v-reduite.jpg\" \/>\n\t<meta property=\"og:image:width\" content=\"1000\" \/>\n\t<meta property=\"og:image:height\" content=\"882\" \/>\n\t<meta property=\"og:image:type\" content=\"image\/jpeg\" \/>\n<meta name=\"twitter:card\" content=\"summary_large_image\" \/>\n<meta name=\"twitter:label1\" content=\"Dur\u00e9e de lecture estim\u00e9e\" \/>\n\t<meta name=\"twitter:data1\" content=\"1 minute\" \/>\n<script type=\"application\/ld+json\" class=\"yoast-schema-graph\">{\"@context\":\"https:\\\/\\\/schema.org\",\"@graph\":[{\"@type\":\"WebPage\",\"@id\":\"https:\\\/\\\/www.sauvegarde93.fr\\\/?page_id=2\",\"url\":\"https:\\\/\\\/www.sauvegarde93.fr\\\/?page_id=2\",\"name\":\"Faire un don - Sauvegarde de Seine-Saint-Denis\",\"isPartOf\":{\"@id\":\"https:\\\/\\\/www.sauvegarde93.fr\\\/#website\"},\"primaryImageOfPage\":{\"@id\":\"https:\\\/\\\/www.sauvegarde93.fr\\\/?page_id=2#primaryimage\"},\"image\":{\"@id\":\"https:\\\/\\\/www.sauvegarde93.fr\\\/?page_id=2#primaryimage\"},\"thumbnailUrl\":\"https:\\\/\\\/www.sauvegarde93.fr\\\/wp-content\\\/uploads\\\/2025\\\/01\\\/Faire-un-don-v-reduite-300x265.jpg\",\"datePublished\":\"2024-02-16T09:43:44+00:00\",\"dateModified\":\"2025-01-22T15:57:53+00:00\",\"description\":\"Faire un don \u00e0 la Sauvegarde de Seine-Saint-Denis\",\"breadcrumb\":{\"@id\":\"https:\\\/\\\/www.sauvegarde93.fr\\\/?page_id=2#breadcrumb\"},\"inLanguage\":\"fr-FR\",\"potentialAction\":[{\"@type\":\"ReadAction\",\"target\":[\"https:\\\/\\\/www.sauvegarde93.fr\\\/?page_id=2\"]}]},{\"@type\":\"ImageObject\",\"inLanguage\":\"fr-FR\",\"@id\":\"https:\\\/\\\/www.sauvegarde93.fr\\\/?page_id=2#primaryimage\",\"url\":\"https:\\\/\\\/www.sauvegarde93.fr\\\/wp-content\\\/uploads\\\/2025\\\/01\\\/Faire-un-don-v-reduite.jpg\",\"contentUrl\":\"https:\\\/\\\/www.sauvegarde93.fr\\\/wp-content\\\/uploads\\\/2025\\\/01\\\/Faire-un-don-v-reduite.jpg\",\"width\":1000,\"height\":882,\"caption\":\"Prise en charge des vo\"},{\"@type\":\"BreadcrumbList\",\"@id\":\"https:\\\/\\\/www.sauvegarde93.fr\\\/?page_id=2#breadcrumb\",\"itemListElement\":[{\"@type\":\"ListItem\",\"position\":1,\"name\":\"Accueil\",\"item\":\"https:\\\/\\\/www.sauvegarde93.fr\\\/\"},{\"@type\":\"ListItem\",\"position\":2,\"name\":\"Faire un don\"}]},{\"@type\":\"WebSite\",\"@id\":\"https:\\\/\\\/www.sauvegarde93.fr\\\/#website\",\"url\":\"https:\\\/\\\/www.sauvegarde93.fr\\\/\",\"name\":\"Sauvegarde de Seine-Saint-Denis\",\"description\":\"Association de protection de l\u2019enfance, de l\u2019adolescence et de l\u2019adulte\",\"publisher\":{\"@id\":\"https:\\\/\\\/www.sauvegarde93.fr\\\/#organization\"},\"potentialAction\":[{\"@type\":\"SearchAction\",\"target\":{\"@type\":\"EntryPoint\",\"urlTemplate\":\"https:\\\/\\\/www.sauvegarde93.fr\\\/?s={search_term_string}\"},\"query-input\":{\"@type\":\"PropertyValueSpecification\",\"valueRequired\":true,\"valueName\":\"search_term_string\"}}],\"inLanguage\":\"fr-FR\"},{\"@type\":\"Organization\",\"@id\":\"https:\\\/\\\/www.sauvegarde93.fr\\\/#organization\",\"name\":\"Sauvegarde de Seine-Saint-Denis\",\"url\":\"https:\\\/\\\/www.sauvegarde93.fr\\\/\",\"logo\":{\"@type\":\"ImageObject\",\"inLanguage\":\"fr-FR\",\"@id\":\"https:\\\/\\\/www.sauvegarde93.fr\\\/#\\\/schema\\\/logo\\\/image\\\/\",\"url\":\"https:\\\/\\\/www.sauvegarde93.fr\\\/wp-content\\\/uploads\\\/2024\\\/04\\\/logo_S93.png\",\"contentUrl\":\"https:\\\/\\\/www.sauvegarde93.fr\\\/wp-content\\\/uploads\\\/2024\\\/04\\\/logo_S93.png\",\"width\":209,\"height\":92,\"caption\":\"Sauvegarde de Seine-Saint-Denis\"},\"image\":{\"@id\":\"https:\\\/\\\/www.sauvegarde93.fr\\\/#\\\/schema\\\/logo\\\/image\\\/\"},\"sameAs\":[\"https:\\\/\\\/www.linkedin.com\\\/company\\\/sauvegarde-de-seine-saint-denis\\\/\"]}]}<\/script>\n<!-- \/ Yoast SEO plugin. -->","yoast_head_json":{"title":"Faire un don - Sauvegarde de Seine-Saint-Denis","description":"Faire un don \u00e0 la Sauvegarde de Seine-Saint-Denis","robots":{"index":"index","follow":"follow","max-snippet":"max-snippet:-1","max-image-preview":"max-image-preview:large","max-video-preview":"max-video-preview:-1"},"canonical":"https:\/\/www.sauvegarde93.fr\/?page_id=2","og_locale":"fr_FR","og_type":"article","og_title":"Faire un don - Sauvegarde de Seine-Saint-Denis","og_description":"Faire un don \u00e0 la Sauvegarde de Seine-Saint-Denis","og_url":"https:\/\/www.sauvegarde93.fr\/?page_id=2","og_site_name":"Sauvegarde de Seine-Saint-Denis","article_modified_time":"2025-01-22T15:57:53+00:00","og_image":[{"width":1000,"height":882,"url":"https:\/\/www.sauvegarde93.fr\/wp-content\/uploads\/2025\/01\/Faire-un-don-v-reduite.jpg","type":"image\/jpeg"}],"twitter_card":"summary_large_image","twitter_misc":{"Dur\u00e9e de lecture estim\u00e9e":"1 minute"},"schema":{"@context":"https:\/\/schema.org","@graph":[{"@type":"WebPage","@id":"https:\/\/www.sauvegarde93.fr\/?page_id=2","url":"https:\/\/www.sauvegarde93.fr\/?page_id=2","name":"Faire un don - Sauvegarde de Seine-Saint-Denis","isPartOf":{"@id":"https:\/\/www.sauvegarde93.fr\/#website"},"primaryImageOfPage":{"@id":"https:\/\/www.sauvegarde93.fr\/?page_id=2#primaryimage"},"image":{"@id":"https:\/\/www.sauvegarde93.fr\/?page_id=2#primaryimage"},"thumbnailUrl":"https:\/\/www.sauvegarde93.fr\/wp-content\/uploads\/2025\/01\/Faire-un-don-v-reduite-300x265.jpg","datePublished":"2024-02-16T09:43:44+00:00","dateModified":"2025-01-22T15:57:53+00:00","description":"Faire un don \u00e0 la Sauvegarde de Seine-Saint-Denis","breadcrumb":{"@id":"https:\/\/www.sauvegarde93.fr\/?page_id=2#breadcrumb"},"inLanguage":"fr-FR","potentialAction":[{"@type":"ReadAction","target":["https:\/\/www.sauvegarde93.fr\/?page_id=2"]}]},{"@type":"ImageObject","inLanguage":"fr-FR","@id":"https:\/\/www.sauvegarde93.fr\/?page_id=2#primaryimage","url":"https:\/\/www.sauvegarde93.fr\/wp-content\/uploads\/2025\/01\/Faire-un-don-v-reduite.jpg","contentUrl":"https:\/\/www.sauvegarde93.fr\/wp-content\/uploads\/2025\/01\/Faire-un-don-v-reduite.jpg","width":1000,"height":882,"caption":"Prise en charge des vo"},{"@type":"BreadcrumbList","@id":"https:\/\/www.sauvegarde93.fr\/?page_id=2#breadcrumb","itemListElement":[{"@type":"ListItem","position":1,"name":"Accueil","item":"https:\/\/www.sauvegarde93.fr\/"},{"@type":"ListItem","position":2,"name":"Faire un don"}]},{"@type":"WebSite","@id":"https:\/\/www.sauvegarde93.fr\/#website","url":"https:\/\/www.sauvegarde93.fr\/","name":"Sauvegarde de Seine-Saint-Denis","description":"Association de protection de l\u2019enfance, de l\u2019adolescence et de l\u2019adulte","publisher":{"@id":"https:\/\/www.sauvegarde93.fr\/#organization"},"potentialAction":[{"@type":"SearchAction","target":{"@type":"EntryPoint","urlTemplate":"https:\/\/www.sauvegarde93.fr\/?s={search_term_string}"},"query-input":{"@type":"PropertyValueSpecification","valueRequired":true,"valueName":"search_term_string"}}],"inLanguage":"fr-FR"},{"@type":"Organization","@id":"https:\/\/www.sauvegarde93.fr\/#organization","name":"Sauvegarde de Seine-Saint-Denis","url":"https:\/\/www.sauvegarde93.fr\/","logo":{"@type":"ImageObject","inLanguage":"fr-FR","@id":"https:\/\/www.sauvegarde93.fr\/#\/schema\/logo\/image\/","url":"https:\/\/www.sauvegarde93.fr\/wp-content\/uploads\/2024\/04\/logo_S93.png","contentUrl":"https:\/\/www.sauvegarde93.fr\/wp-content\/uploads\/2024\/04\/logo_S93.png","width":209,"height":92,"caption":"Sauvegarde de Seine-Saint-Denis"},"image":{"@id":"https:\/\/www.sauvegarde93.fr\/#\/schema\/logo\/image\/"},"sameAs":["https:\/\/www.linkedin.com\/company\/sauvegarde-de-seine-saint-denis\/"]}]}},"_links":{"self":[{"href":"https:\/\/www.sauvegarde93.fr\/index.php?rest_route=\/wp\/v2\/pages\/2","targetHints":{"allow":["GET"]}}],"collection":[{"href":"https:\/\/www.sauvegarde93.fr\/index.php?rest_route=\/wp\/v2\/pages"}],"about":[{"href":"https:\/\/www.sauvegarde93.fr\/index.php?rest_route=\/wp\/v2\/types\/page"}],"author":[{"embeddable":true,"href":"https:\/\/www.sauvegarde93.fr\/index.php?rest_route=\/wp\/v2\/users\/1"}],"replies":[{"embeddable":true,"href":"https:\/\/www.sauvegarde93.fr\/index.php?rest_route=%2Fwp%2Fv2%2Fcomments&post=2"}],"version-history":[{"count":20,"href":"https:\/\/www.sauvegarde93.fr\/index.php?rest_route=\/wp\/v2\/pages\/2\/revisions"}],"predecessor-version":[{"id":3565,"href":"https:\/\/www.sauvegarde93.fr\/index.php?rest_route=\/wp\/v2\/pages\/2\/revisions\/3565"}],"wp:attachment":[{"href":"https:\/\/www.sauvegarde93.fr\/index.php?rest_route=%2Fwp%2Fv2%2Fmedia&parent=2"}],"curies":[{"name":"wp","href":"https:\/\/api.w.org\/{rel}","templated":true}]}}