{"id":2246,"date":"2024-05-03T09:33:42","date_gmt":"2024-05-03T09:33:42","guid":{"rendered":"https:\/\/www.sauvegarde93.fr\/?page_id=2246"},"modified":"2025-03-04T15:58:07","modified_gmt":"2025-03-04T15:58:07","slug":"politique-de-confidentialite-et-traitement-des-donnees","status":"publish","type":"page","link":"https:\/\/www.sauvegarde93.fr\/?page_id=2246","title":{"rendered":"Politique de confidentialit\u00e9 et traitement des donn\u00e9es"},"content":{"rendered":"\n<p>Les informations recueillies sur ce formulaire sont enregistr\u00e9es dans un fichier informatis\u00e9 par <strong>L&rsquo;association Sauvegarde de Seine-Saint-Denis <\/strong>pour <strong>permettre le traitement de votre demande et\/ou l&rsquo;envoi d&rsquo;informations<\/strong>. La base l\u00e9gale du traitement est <strong>bas\u00e9 sur votre consentement<\/strong>.<\/p>\n\n\n\n<p>Les donn\u00e9es collect\u00e9es seront communiqu\u00e9es aux seuls destinataires suivants : <strong>Sauvegarde 93.<\/strong><\/p>\n\n\n\n<p>Les donn\u00e9es sont conserv\u00e9es pendant la dur\u00e9e n\u00e9cessaire \u00e0 leur traitement ou sur votre demande de d\u00e9sabonnement s&rsquo;il s&rsquo;agit de la lettre d&rsquo;information.<\/p>\n\n\n\n<p>Vous pouvez acc\u00e9der aux donn\u00e9es vous concernant, les rectifier, demander leur effacement ou exercer votre droit \u00e0 la limitation du traitement de vos donn\u00e9es. <strong>Vous pouvez retirer \u00e0 tout moment votre consentement au traitement de vos donn\u00e9es.<\/strong><\/p>\n\n\n\n<p>Consultez le site&nbsp;<a href=\"https:\/\/www.cnil.fr\">cnil.fr<\/a> pour plus d\u2019informations sur vos droits.<\/p>\n\n\n\n<p>Pour exercer ces droits ou pour toute question sur le traitement de vos donn\u00e9es dans ce dispositif, vous pouvez contacter\u00a0<strong> le service communication charg\u00e9 de l\u2019exercice de ces droits\u00a0par voie postale<\/strong> ou \u00e0 l&rsquo;adresse <a href=\"mailto:dpo.sauvegarde93@accens.net\">dpo.sauvegarde93@accens.net<\/a><\/p>\n\n\n\n<p>Si vous estimez, apr\u00e8s nous avoir contact\u00e9s, que vos droits \u00ab&nbsp;Informatique et Libert\u00e9s&nbsp;\u00bb ne sont pas respect\u00e9s, vous pouvez adresser une r\u00e9clamation \u00e0 la CNIL.<\/p>\n","protected":false},"excerpt":{"rendered":"<p>Les informations recueillies sur ce formulaire sont enregistr\u00e9es dans un fichier informatis\u00e9 par L&rsquo;association Sauvegarde de Seine-Saint-Denis pour permettre le traitement de votre demande et\/ou l&rsquo;envoi d&rsquo;informations. La base l\u00e9gale du traitement est bas\u00e9 sur votre consentement. Les donn\u00e9es collect\u00e9es seront communiqu\u00e9es aux seuls destinataires suivants : Sauvegarde 93. Les donn\u00e9es sont conserv\u00e9es pendant la &#8230; <a title=\"Politique de confidentialit\u00e9 et traitement des donn\u00e9es\" class=\"read-more\" href=\"https:\/\/www.sauvegarde93.fr\/?page_id=2246\" aria-label=\"En savoir plus sur Politique de confidentialit\u00e9 et traitement des donn\u00e9es\">Lire la suite<\/a><\/p>\n","protected":false},"author":1,"featured_media":0,"parent":0,"menu_order":0,"comment_status":"closed","ping_status":"closed","template":"","meta":{"_acf_changed":false,"footnotes":""},"class_list":["post-2246","page","type-page","status-publish"],"acf":[],"yoast_head":"<!-- This site is optimized with the Yoast SEO plugin v27.3 - https:\/\/yoast.com\/product\/yoast-seo-wordpress\/ -->\n<title>Politique de confidentialit\u00e9 et traitement des donn\u00e9es - Sauvegarde de Seine-Saint-Denis<\/title>\n<meta name=\"robots\" content=\"index, follow, max-snippet:-1, max-image-preview:large, max-video-preview:-1\" \/>\n<link rel=\"canonical\" href=\"https:\/\/www.sauvegarde93.fr\/?page_id=2246\" \/>\n<meta property=\"og:locale\" content=\"fr_FR\" \/>\n<meta property=\"og:type\" content=\"article\" \/>\n<meta property=\"og:title\" content=\"Politique de confidentialit\u00e9 et traitement des donn\u00e9es - Sauvegarde de Seine-Saint-Denis\" \/>\n<meta property=\"og:description\" content=\"Les informations recueillies sur ce formulaire sont enregistr\u00e9es dans un fichier informatis\u00e9 par L&rsquo;association Sauvegarde de Seine-Saint-Denis pour permettre le traitement de votre demande et\/ou l&rsquo;envoi d&rsquo;informations. La base l\u00e9gale du traitement est bas\u00e9 sur votre consentement. Les donn\u00e9es collect\u00e9es seront communiqu\u00e9es aux seuls destinataires suivants : Sauvegarde 93. Les donn\u00e9es sont conserv\u00e9es pendant la ... Lire la suite\" \/>\n<meta property=\"og:url\" content=\"https:\/\/www.sauvegarde93.fr\/?page_id=2246\" \/>\n<meta property=\"og:site_name\" content=\"Sauvegarde de Seine-Saint-Denis\" \/>\n<meta property=\"article:modified_time\" content=\"2025-03-04T15:58:07+00:00\" \/>\n<meta name=\"twitter:card\" content=\"summary_large_image\" \/>\n<meta name=\"twitter:label1\" content=\"Dur\u00e9e de lecture estim\u00e9e\" \/>\n\t<meta name=\"twitter:data1\" content=\"1 minute\" \/>\n<script type=\"application\/ld+json\" class=\"yoast-schema-graph\">{\"@context\":\"https:\\\/\\\/schema.org\",\"@graph\":[{\"@type\":\"WebPage\",\"@id\":\"https:\\\/\\\/www.sauvegarde93.fr\\\/?page_id=2246\",\"url\":\"https:\\\/\\\/www.sauvegarde93.fr\\\/?page_id=2246\",\"name\":\"Politique de confidentialit\u00e9 et traitement des donn\u00e9es - Sauvegarde de Seine-Saint-Denis\",\"isPartOf\":{\"@id\":\"https:\\\/\\\/www.sauvegarde93.fr\\\/#website\"},\"datePublished\":\"2024-05-03T09:33:42+00:00\",\"dateModified\":\"2025-03-04T15:58:07+00:00\",\"breadcrumb\":{\"@id\":\"https:\\\/\\\/www.sauvegarde93.fr\\\/?page_id=2246#breadcrumb\"},\"inLanguage\":\"fr-FR\",\"potentialAction\":[{\"@type\":\"ReadAction\",\"target\":[\"https:\\\/\\\/www.sauvegarde93.fr\\\/?page_id=2246\"]}]},{\"@type\":\"BreadcrumbList\",\"@id\":\"https:\\\/\\\/www.sauvegarde93.fr\\\/?page_id=2246#breadcrumb\",\"itemListElement\":[{\"@type\":\"ListItem\",\"position\":1,\"name\":\"Accueil\",\"item\":\"https:\\\/\\\/www.sauvegarde93.fr\\\/\"},{\"@type\":\"ListItem\",\"position\":2,\"name\":\"Politique de confidentialit\u00e9 et traitement des donn\u00e9es\"}]},{\"@type\":\"WebSite\",\"@id\":\"https:\\\/\\\/www.sauvegarde93.fr\\\/#website\",\"url\":\"https:\\\/\\\/www.sauvegarde93.fr\\\/\",\"name\":\"Sauvegarde de Seine-Saint-Denis\",\"description\":\"Association de protection de l\u2019enfance, de l\u2019adolescence et de l\u2019adulte\",\"publisher\":{\"@id\":\"https:\\\/\\\/www.sauvegarde93.fr\\\/#organization\"},\"potentialAction\":[{\"@type\":\"SearchAction\",\"target\":{\"@type\":\"EntryPoint\",\"urlTemplate\":\"https:\\\/\\\/www.sauvegarde93.fr\\\/?s={search_term_string}\"},\"query-input\":{\"@type\":\"PropertyValueSpecification\",\"valueRequired\":true,\"valueName\":\"search_term_string\"}}],\"inLanguage\":\"fr-FR\"},{\"@type\":\"Organization\",\"@id\":\"https:\\\/\\\/www.sauvegarde93.fr\\\/#organization\",\"name\":\"Sauvegarde de Seine-Saint-Denis\",\"url\":\"https:\\\/\\\/www.sauvegarde93.fr\\\/\",\"logo\":{\"@type\":\"ImageObject\",\"inLanguage\":\"fr-FR\",\"@id\":\"https:\\\/\\\/www.sauvegarde93.fr\\\/#\\\/schema\\\/logo\\\/image\\\/\",\"url\":\"https:\\\/\\\/www.sauvegarde93.fr\\\/wp-content\\\/uploads\\\/2024\\\/04\\\/logo_S93.png\",\"contentUrl\":\"https:\\\/\\\/www.sauvegarde93.fr\\\/wp-content\\\/uploads\\\/2024\\\/04\\\/logo_S93.png\",\"width\":209,\"height\":92,\"caption\":\"Sauvegarde de Seine-Saint-Denis\"},\"image\":{\"@id\":\"https:\\\/\\\/www.sauvegarde93.fr\\\/#\\\/schema\\\/logo\\\/image\\\/\"},\"sameAs\":[\"https:\\\/\\\/www.linkedin.com\\\/company\\\/sauvegarde-de-seine-saint-denis\\\/\"]}]}<\/script>\n<!-- \/ Yoast SEO plugin. -->","yoast_head_json":{"title":"Politique de confidentialit\u00e9 et traitement des donn\u00e9es - Sauvegarde de Seine-Saint-Denis","robots":{"index":"index","follow":"follow","max-snippet":"max-snippet:-1","max-image-preview":"max-image-preview:large","max-video-preview":"max-video-preview:-1"},"canonical":"https:\/\/www.sauvegarde93.fr\/?page_id=2246","og_locale":"fr_FR","og_type":"article","og_title":"Politique de confidentialit\u00e9 et traitement des donn\u00e9es - Sauvegarde de Seine-Saint-Denis","og_description":"Les informations recueillies sur ce formulaire sont enregistr\u00e9es dans un fichier informatis\u00e9 par L&rsquo;association Sauvegarde de Seine-Saint-Denis pour permettre le traitement de votre demande et\/ou l&rsquo;envoi d&rsquo;informations. La base l\u00e9gale du traitement est bas\u00e9 sur votre consentement. Les donn\u00e9es collect\u00e9es seront communiqu\u00e9es aux seuls destinataires suivants : Sauvegarde 93. Les donn\u00e9es sont conserv\u00e9es pendant la ... Lire la suite","og_url":"https:\/\/www.sauvegarde93.fr\/?page_id=2246","og_site_name":"Sauvegarde de Seine-Saint-Denis","article_modified_time":"2025-03-04T15:58:07+00:00","twitter_card":"summary_large_image","twitter_misc":{"Dur\u00e9e de lecture estim\u00e9e":"1 minute"},"schema":{"@context":"https:\/\/schema.org","@graph":[{"@type":"WebPage","@id":"https:\/\/www.sauvegarde93.fr\/?page_id=2246","url":"https:\/\/www.sauvegarde93.fr\/?page_id=2246","name":"Politique de confidentialit\u00e9 et traitement des donn\u00e9es - Sauvegarde de Seine-Saint-Denis","isPartOf":{"@id":"https:\/\/www.sauvegarde93.fr\/#website"},"datePublished":"2024-05-03T09:33:42+00:00","dateModified":"2025-03-04T15:58:07+00:00","breadcrumb":{"@id":"https:\/\/www.sauvegarde93.fr\/?page_id=2246#breadcrumb"},"inLanguage":"fr-FR","potentialAction":[{"@type":"ReadAction","target":["https:\/\/www.sauvegarde93.fr\/?page_id=2246"]}]},{"@type":"BreadcrumbList","@id":"https:\/\/www.sauvegarde93.fr\/?page_id=2246#breadcrumb","itemListElement":[{"@type":"ListItem","position":1,"name":"Accueil","item":"https:\/\/www.sauvegarde93.fr\/"},{"@type":"ListItem","position":2,"name":"Politique de confidentialit\u00e9 et traitement des donn\u00e9es"}]},{"@type":"WebSite","@id":"https:\/\/www.sauvegarde93.fr\/#website","url":"https:\/\/www.sauvegarde93.fr\/","name":"Sauvegarde de Seine-Saint-Denis","description":"Association de protection de l\u2019enfance, de l\u2019adolescence et de l\u2019adulte","publisher":{"@id":"https:\/\/www.sauvegarde93.fr\/#organization"},"potentialAction":[{"@type":"SearchAction","target":{"@type":"EntryPoint","urlTemplate":"https:\/\/www.sauvegarde93.fr\/?s={search_term_string}"},"query-input":{"@type":"PropertyValueSpecification","valueRequired":true,"valueName":"search_term_string"}}],"inLanguage":"fr-FR"},{"@type":"Organization","@id":"https:\/\/www.sauvegarde93.fr\/#organization","name":"Sauvegarde de Seine-Saint-Denis","url":"https:\/\/www.sauvegarde93.fr\/","logo":{"@type":"ImageObject","inLanguage":"fr-FR","@id":"https:\/\/www.sauvegarde93.fr\/#\/schema\/logo\/image\/","url":"https:\/\/www.sauvegarde93.fr\/wp-content\/uploads\/2024\/04\/logo_S93.png","contentUrl":"https:\/\/www.sauvegarde93.fr\/wp-content\/uploads\/2024\/04\/logo_S93.png","width":209,"height":92,"caption":"Sauvegarde de Seine-Saint-Denis"},"image":{"@id":"https:\/\/www.sauvegarde93.fr\/#\/schema\/logo\/image\/"},"sameAs":["https:\/\/www.linkedin.com\/company\/sauvegarde-de-seine-saint-denis\/"]}]}},"_links":{"self":[{"href":"https:\/\/www.sauvegarde93.fr\/index.php?rest_route=\/wp\/v2\/pages\/2246","targetHints":{"allow":["GET"]}}],"collection":[{"href":"https:\/\/www.sauvegarde93.fr\/index.php?rest_route=\/wp\/v2\/pages"}],"about":[{"href":"https:\/\/www.sauvegarde93.fr\/index.php?rest_route=\/wp\/v2\/types\/page"}],"author":[{"embeddable":true,"href":"https:\/\/www.sauvegarde93.fr\/index.php?rest_route=\/wp\/v2\/users\/1"}],"replies":[{"embeddable":true,"href":"https:\/\/www.sauvegarde93.fr\/index.php?rest_route=%2Fwp%2Fv2%2Fcomments&post=2246"}],"version-history":[{"count":8,"href":"https:\/\/www.sauvegarde93.fr\/index.php?rest_route=\/wp\/v2\/pages\/2246\/revisions"}],"predecessor-version":[{"id":4037,"href":"https:\/\/www.sauvegarde93.fr\/index.php?rest_route=\/wp\/v2\/pages\/2246\/revisions\/4037"}],"wp:attachment":[{"href":"https:\/\/www.sauvegarde93.fr\/index.php?rest_route=%2Fwp%2Fv2%2Fmedia&parent=2246"}],"curies":[{"name":"wp","href":"https:\/\/api.w.org\/{rel}","templated":true}]}}