{"id":2340,"date":"2024-08-22T16:36:05","date_gmt":"2024-08-22T16:36:05","guid":{"rendered":"https:\/\/www.sauvegarde93.fr\/?page_id=2340"},"modified":"2025-01-22T11:44:32","modified_gmt":"2025-01-22T11:44:32","slug":"nous-rejoindre","status":"publish","type":"page","link":"https:\/\/www.sauvegarde93.fr\/?page_id=2340","title":{"rendered":"Nous rejoindre"},"content":{"rendered":"\n\n\n\n<p><\/p>\n\n\n\n<p>La Sauvegarde de Seine-Saint-Denis, cr\u00e9\u00e9e en 1968, s\u2019engage depuis plus de 55 ans au c\u0153ur des probl\u00e8mes sociaux et \u00e9ducatifs du d\u00e9partement de Seine-Saint-Denis en r\u00e9pondant aux besoins des personnes les plus fragilis\u00e9es. Elle est aujourd\u2019hui un acteur d\u00e9partemental majeur de l\u2019Action Sociale qui a su \u00e9largir ses missions et ses champs d\u2019intervention en protection des enfants, des adolescents et des adultes. Financ\u00e9e et habilit\u00e9e par le Conseil D\u00e9partemental, le minist\u00e8re de la Justice et la R\u00e9gion (DRIEETS), la Sauvegarde de Seine-Saint-Denis dispose d&rsquo;une expertise solide dans le champ de la protection de l&rsquo;enfance, dans le champ socio-judiciaire, comme dans la protection des familles et majeurs en difficult\u00e9s.<\/p>\n\n\n\n<p>Dans un contexte de plus en plus complexe, l\u2019imagination, la d\u00e9termination et la comp\u00e9tence des \u00e9quipes constituent le socle de l\u2019ambition de l\u2019association au sein de laquelle nous aurons plaisir \u00e0 vous accueillir pour poursuivre efficacement avec vous la mission sociale que nous confient par d\u00e9l\u00e9gation les autorit\u00e9s publiques.<\/p>\n\n\n<div class=\"gb-container gb-container-8e672f9d nous-rejoindre-conteneur-offres-emploi\">\n\n<h2 class=\"wp-block-heading has-text-align-center\">Nos offres d&#8217;emploi<\/h2>\n\n\n<div class=\"container-archive-type-post-offre-demploi short-code\"><article class=\"type-post-offre-demploi column\" itemtype=\"https:\/\/schema.org\/CreativeWork\" itemscope=\"\"><div class=\"inside-article\"><header class=\"entry-header\"><h2><a href=\"https:\/\/www.sauvegarde93.fr\/?offre-demploi=educateur-educatrice-specialise-e-etapado\">Educateur \/ Educatrice Sp\u00e9cialis\u00e9\/e &#8211; ETAP&rsquo;ADO<\/a><\/h2><\/header><\/div><\/article><article class=\"type-post-offre-demploi column\" itemtype=\"https:\/\/schema.org\/CreativeWork\" itemscope=\"\"><div class=\"inside-article\"><header class=\"entry-header\"><h2><a href=\"https:\/\/www.sauvegarde93.fr\/?offre-demploi=educateur-educatrice-sportif-ve-etapado\">Educateur\/ Educatrice Sportif\/ ve &#8211; Etap\u2019Ado<\/a><\/h2><\/header><\/div><\/article><article class=\"type-post-offre-demploi column\" itemtype=\"https:\/\/schema.org\/CreativeWork\" itemscope=\"\"><div class=\"inside-article\"><header class=\"entry-header\"><h2><a href=\"https:\/\/www.sauvegarde93.fr\/?offre-demploi=une-cheffe-de-service-sauo\">Un(e) Chef(fe) de service \u2013 SAUO<\/a><\/h2><\/header><\/div><\/article><article class=\"type-post-offre-demploi column\" itemtype=\"https:\/\/schema.org\/CreativeWork\" itemscope=\"\"><div class=\"inside-article\"><header class=\"entry-header\"><h2><a href=\"https:\/\/www.sauvegarde93.fr\/?offre-demploi=une-mandataire-judiciaire-a-la-protection-des-majeurs\">Un(e) Mandataire Judiciaire \u00e0 la protection des Majeurs<\/a><\/h2><\/header><\/div><\/article><\/div>\n\n<\/div>\n\n\n<a class=\"gb-button gb-button-bfb2050a gb-button-text nous-rejoindre-voir-toutes-les-offres\" href=\"https:\/\/www.sauvegarde93.fr\/?post_type=offre-demploi\">Voir toutes les offres<\/a>\n\n\n\n<h2 class=\"wp-block-heading\"><\/h2>\n\n\n\n<h2 class=\"wp-block-heading\">Nos \u00e9tablissements et services<\/h2>\n\n\n\n<p><a href=\"\/?post_type=etablissement\">D\u00e9couvrez nos \u00e9tablissements et services<\/a><\/p>\n\n\n\n<h2 class=\"wp-block-heading\">Nos implantations<\/h2>\n\n\n<div class=\"wp-block-image\">\n<figure class=\"aligncenter size-large\"><img loading=\"lazy\" decoding=\"async\" width=\"738\" height=\"1024\" src=\"https:\/\/www.sauvegarde93.fr\/wp-content\/uploads\/2024\/08\/SVG93-carte-des-services-2022_23052022_2022-738x1024.png\" alt=\"\" class=\"wp-image-2384\" srcset=\"https:\/\/www.sauvegarde93.fr\/wp-content\/uploads\/2024\/08\/SVG93-carte-des-services-2022_23052022_2022-738x1024.png 738w, https:\/\/www.sauvegarde93.fr\/wp-content\/uploads\/2024\/08\/SVG93-carte-des-services-2022_23052022_2022-216x300.png 216w, https:\/\/www.sauvegarde93.fr\/wp-content\/uploads\/2024\/08\/SVG93-carte-des-services-2022_23052022_2022-768x1066.png 768w, https:\/\/www.sauvegarde93.fr\/wp-content\/uploads\/2024\/08\/SVG93-carte-des-services-2022_23052022_2022-1107x1536.png 1107w, https:\/\/www.sauvegarde93.fr\/wp-content\/uploads\/2024\/08\/SVG93-carte-des-services-2022_23052022_2022-1476x2048.png 1476w\" sizes=\"auto, (max-width: 738px) 100vw, 738px\" \/><\/figure>\n<\/div>","protected":false},"excerpt":{"rendered":"<p>La Sauvegarde de Seine-Saint-Denis, cr\u00e9\u00e9e en 1968, s\u2019engage depuis plus de 55 ans au c\u0153ur des probl\u00e8mes sociaux et \u00e9ducatifs du d\u00e9partement de Seine-Saint-Denis en r\u00e9pondant aux besoins des personnes les plus fragilis\u00e9es. Elle est aujourd\u2019hui un acteur d\u00e9partemental majeur de l\u2019Action Sociale qui a su \u00e9largir ses missions et ses champs d\u2019intervention en protection &#8230; <a title=\"Un(e) Mandataire Judiciaire \u00e0 la protection des Majeurs\" class=\"read-more\" href=\"https:\/\/www.sauvegarde93.fr\/?offre-demploi=une-mandataire-judiciaire-a-la-protection-des-majeurs\" aria-label=\"En savoir plus sur Un(e) Mandataire Judiciaire \u00e0 la protection des Majeurs\">Lire la suite<\/a><\/p>\n","protected":false},"author":2,"featured_media":0,"parent":0,"menu_order":0,"comment_status":"closed","ping_status":"closed","template":"","meta":{"_acf_changed":false,"footnotes":""},"class_list":["post-2340","page","type-page","status-publish","hentry"],"acf":[],"yoast_head":"<!-- This site is optimized with the Yoast SEO plugin v27.3 - https:\/\/yoast.com\/product\/yoast-seo-wordpress\/ -->\n<title>Nous rejoindre - Sauvegarde de Seine-Saint-Denis<\/title>\n<meta name=\"robots\" content=\"index, follow, max-snippet:-1, max-image-preview:large, max-video-preview:-1\" \/>\n<link rel=\"canonical\" href=\"https:\/\/www.sauvegarde93.fr\/?page_id=2340\" \/>\n<meta property=\"og:locale\" content=\"fr_FR\" \/>\n<meta property=\"og:type\" content=\"article\" \/>\n<meta property=\"og:title\" content=\"Nous rejoindre - Sauvegarde de Seine-Saint-Denis\" \/>\n<meta property=\"og:description\" content=\"La Sauvegarde de Seine-Saint-Denis, cr\u00e9\u00e9e en 1968, s\u2019engage depuis plus de 55 ans au c\u0153ur des probl\u00e8mes sociaux et \u00e9ducatifs du d\u00e9partement de Seine-Saint-Denis en r\u00e9pondant aux besoins des personnes les plus fragilis\u00e9es. Elle est aujourd\u2019hui un acteur d\u00e9partemental majeur de l\u2019Action Sociale qui a su \u00e9largir ses missions et ses champs d\u2019intervention en protection ... Lire la suite\" \/>\n<meta property=\"og:url\" content=\"https:\/\/www.sauvegarde93.fr\/?page_id=2340\" \/>\n<meta property=\"og:site_name\" content=\"Sauvegarde de Seine-Saint-Denis\" \/>\n<meta property=\"article:modified_time\" content=\"2025-01-22T11:44:32+00:00\" \/>\n<meta property=\"og:image\" content=\"https:\/\/www.sauvegarde93.fr\/wp-content\/uploads\/2024\/08\/SVG93-carte-des-services-2022_23052022_2022-738x1024.png\" \/>\n<meta name=\"twitter:card\" content=\"summary_large_image\" \/>\n<meta name=\"twitter:label1\" content=\"Dur\u00e9e de lecture estim\u00e9e\" \/>\n\t<meta name=\"twitter:data1\" content=\"2 minutes\" \/>\n<script type=\"application\/ld+json\" class=\"yoast-schema-graph\">{\"@context\":\"https:\\\/\\\/schema.org\",\"@graph\":[{\"@type\":\"WebPage\",\"@id\":\"https:\\\/\\\/www.sauvegarde93.fr\\\/?page_id=2340\",\"url\":\"https:\\\/\\\/www.sauvegarde93.fr\\\/?page_id=2340\",\"name\":\"Nous rejoindre - Sauvegarde de Seine-Saint-Denis\",\"isPartOf\":{\"@id\":\"https:\\\/\\\/www.sauvegarde93.fr\\\/#website\"},\"primaryImageOfPage\":{\"@id\":\"https:\\\/\\\/www.sauvegarde93.fr\\\/?page_id=2340#primaryimage\"},\"image\":{\"@id\":\"https:\\\/\\\/www.sauvegarde93.fr\\\/?page_id=2340#primaryimage\"},\"thumbnailUrl\":\"https:\\\/\\\/www.sauvegarde93.fr\\\/wp-content\\\/uploads\\\/2024\\\/08\\\/SVG93-carte-des-services-2022_23052022_2022-738x1024.png\",\"datePublished\":\"2024-08-22T16:36:05+00:00\",\"dateModified\":\"2025-01-22T11:44:32+00:00\",\"breadcrumb\":{\"@id\":\"https:\\\/\\\/www.sauvegarde93.fr\\\/?page_id=2340#breadcrumb\"},\"inLanguage\":\"fr-FR\",\"potentialAction\":[{\"@type\":\"ReadAction\",\"target\":[\"https:\\\/\\\/www.sauvegarde93.fr\\\/?page_id=2340\"]}]},{\"@type\":\"ImageObject\",\"inLanguage\":\"fr-FR\",\"@id\":\"https:\\\/\\\/www.sauvegarde93.fr\\\/?page_id=2340#primaryimage\",\"url\":\"https:\\\/\\\/www.sauvegarde93.fr\\\/wp-content\\\/uploads\\\/2024\\\/08\\\/SVG93-carte-des-services-2022_23052022_2022.png\",\"contentUrl\":\"https:\\\/\\\/www.sauvegarde93.fr\\\/wp-content\\\/uploads\\\/2024\\\/08\\\/SVG93-carte-des-services-2022_23052022_2022.png\",\"width\":3306,\"height\":4588},{\"@type\":\"BreadcrumbList\",\"@id\":\"https:\\\/\\\/www.sauvegarde93.fr\\\/?page_id=2340#breadcrumb\",\"itemListElement\":[{\"@type\":\"ListItem\",\"position\":1,\"name\":\"Accueil\",\"item\":\"https:\\\/\\\/www.sauvegarde93.fr\\\/\"},{\"@type\":\"ListItem\",\"position\":2,\"name\":\"Nous rejoindre\"}]},{\"@type\":\"WebSite\",\"@id\":\"https:\\\/\\\/www.sauvegarde93.fr\\\/#website\",\"url\":\"https:\\\/\\\/www.sauvegarde93.fr\\\/\",\"name\":\"Sauvegarde de Seine-Saint-Denis\",\"description\":\"Association de protection de l\u2019enfance, de l\u2019adolescence et de l\u2019adulte\",\"publisher\":{\"@id\":\"https:\\\/\\\/www.sauvegarde93.fr\\\/#organization\"},\"potentialAction\":[{\"@type\":\"SearchAction\",\"target\":{\"@type\":\"EntryPoint\",\"urlTemplate\":\"https:\\\/\\\/www.sauvegarde93.fr\\\/?s={search_term_string}\"},\"query-input\":{\"@type\":\"PropertyValueSpecification\",\"valueRequired\":true,\"valueName\":\"search_term_string\"}}],\"inLanguage\":\"fr-FR\"},{\"@type\":\"Organization\",\"@id\":\"https:\\\/\\\/www.sauvegarde93.fr\\\/#organization\",\"name\":\"Sauvegarde de Seine-Saint-Denis\",\"url\":\"https:\\\/\\\/www.sauvegarde93.fr\\\/\",\"logo\":{\"@type\":\"ImageObject\",\"inLanguage\":\"fr-FR\",\"@id\":\"https:\\\/\\\/www.sauvegarde93.fr\\\/#\\\/schema\\\/logo\\\/image\\\/\",\"url\":\"https:\\\/\\\/www.sauvegarde93.fr\\\/wp-content\\\/uploads\\\/2024\\\/04\\\/logo_S93.png\",\"contentUrl\":\"https:\\\/\\\/www.sauvegarde93.fr\\\/wp-content\\\/uploads\\\/2024\\\/04\\\/logo_S93.png\",\"width\":209,\"height\":92,\"caption\":\"Sauvegarde de Seine-Saint-Denis\"},\"image\":{\"@id\":\"https:\\\/\\\/www.sauvegarde93.fr\\\/#\\\/schema\\\/logo\\\/image\\\/\"},\"sameAs\":[\"https:\\\/\\\/www.linkedin.com\\\/company\\\/sauvegarde-de-seine-saint-denis\\\/\"]}]}<\/script>\n<!-- \/ Yoast SEO plugin. -->","yoast_head_json":{"title":"Nous rejoindre - Sauvegarde de Seine-Saint-Denis","robots":{"index":"index","follow":"follow","max-snippet":"max-snippet:-1","max-image-preview":"max-image-preview:large","max-video-preview":"max-video-preview:-1"},"canonical":"https:\/\/www.sauvegarde93.fr\/?page_id=2340","og_locale":"fr_FR","og_type":"article","og_title":"Nous rejoindre - Sauvegarde de Seine-Saint-Denis","og_description":"La Sauvegarde de Seine-Saint-Denis, cr\u00e9\u00e9e en 1968, s\u2019engage depuis plus de 55 ans au c\u0153ur des probl\u00e8mes sociaux et \u00e9ducatifs du d\u00e9partement de Seine-Saint-Denis en r\u00e9pondant aux besoins des personnes les plus fragilis\u00e9es. Elle est aujourd\u2019hui un acteur d\u00e9partemental majeur de l\u2019Action Sociale qui a su \u00e9largir ses missions et ses champs d\u2019intervention en protection ... Lire la suite","og_url":"https:\/\/www.sauvegarde93.fr\/?page_id=2340","og_site_name":"Sauvegarde de Seine-Saint-Denis","article_modified_time":"2025-01-22T11:44:32+00:00","og_image":[{"url":"https:\/\/www.sauvegarde93.fr\/wp-content\/uploads\/2024\/08\/SVG93-carte-des-services-2022_23052022_2022-738x1024.png","type":"","width":"","height":""}],"twitter_card":"summary_large_image","twitter_misc":{"Dur\u00e9e de lecture estim\u00e9e":"2 minutes"},"schema":{"@context":"https:\/\/schema.org","@graph":[{"@type":"WebPage","@id":"https:\/\/www.sauvegarde93.fr\/?page_id=2340","url":"https:\/\/www.sauvegarde93.fr\/?page_id=2340","name":"Nous rejoindre - Sauvegarde de Seine-Saint-Denis","isPartOf":{"@id":"https:\/\/www.sauvegarde93.fr\/#website"},"primaryImageOfPage":{"@id":"https:\/\/www.sauvegarde93.fr\/?page_id=2340#primaryimage"},"image":{"@id":"https:\/\/www.sauvegarde93.fr\/?page_id=2340#primaryimage"},"thumbnailUrl":"https:\/\/www.sauvegarde93.fr\/wp-content\/uploads\/2024\/08\/SVG93-carte-des-services-2022_23052022_2022-738x1024.png","datePublished":"2024-08-22T16:36:05+00:00","dateModified":"2025-01-22T11:44:32+00:00","breadcrumb":{"@id":"https:\/\/www.sauvegarde93.fr\/?page_id=2340#breadcrumb"},"inLanguage":"fr-FR","potentialAction":[{"@type":"ReadAction","target":["https:\/\/www.sauvegarde93.fr\/?page_id=2340"]}]},{"@type":"ImageObject","inLanguage":"fr-FR","@id":"https:\/\/www.sauvegarde93.fr\/?page_id=2340#primaryimage","url":"https:\/\/www.sauvegarde93.fr\/wp-content\/uploads\/2024\/08\/SVG93-carte-des-services-2022_23052022_2022.png","contentUrl":"https:\/\/www.sauvegarde93.fr\/wp-content\/uploads\/2024\/08\/SVG93-carte-des-services-2022_23052022_2022.png","width":3306,"height":4588},{"@type":"BreadcrumbList","@id":"https:\/\/www.sauvegarde93.fr\/?page_id=2340#breadcrumb","itemListElement":[{"@type":"ListItem","position":1,"name":"Accueil","item":"https:\/\/www.sauvegarde93.fr\/"},{"@type":"ListItem","position":2,"name":"Nous rejoindre"}]},{"@type":"WebSite","@id":"https:\/\/www.sauvegarde93.fr\/#website","url":"https:\/\/www.sauvegarde93.fr\/","name":"Sauvegarde de Seine-Saint-Denis","description":"Association de protection de l\u2019enfance, de l\u2019adolescence et de l\u2019adulte","publisher":{"@id":"https:\/\/www.sauvegarde93.fr\/#organization"},"potentialAction":[{"@type":"SearchAction","target":{"@type":"EntryPoint","urlTemplate":"https:\/\/www.sauvegarde93.fr\/?s={search_term_string}"},"query-input":{"@type":"PropertyValueSpecification","valueRequired":true,"valueName":"search_term_string"}}],"inLanguage":"fr-FR"},{"@type":"Organization","@id":"https:\/\/www.sauvegarde93.fr\/#organization","name":"Sauvegarde de Seine-Saint-Denis","url":"https:\/\/www.sauvegarde93.fr\/","logo":{"@type":"ImageObject","inLanguage":"fr-FR","@id":"https:\/\/www.sauvegarde93.fr\/#\/schema\/logo\/image\/","url":"https:\/\/www.sauvegarde93.fr\/wp-content\/uploads\/2024\/04\/logo_S93.png","contentUrl":"https:\/\/www.sauvegarde93.fr\/wp-content\/uploads\/2024\/04\/logo_S93.png","width":209,"height":92,"caption":"Sauvegarde de Seine-Saint-Denis"},"image":{"@id":"https:\/\/www.sauvegarde93.fr\/#\/schema\/logo\/image\/"},"sameAs":["https:\/\/www.linkedin.com\/company\/sauvegarde-de-seine-saint-denis\/"]}]}},"_links":{"self":[{"href":"https:\/\/www.sauvegarde93.fr\/index.php?rest_route=\/wp\/v2\/pages\/2340","targetHints":{"allow":["GET"]}}],"collection":[{"href":"https:\/\/www.sauvegarde93.fr\/index.php?rest_route=\/wp\/v2\/pages"}],"about":[{"href":"https:\/\/www.sauvegarde93.fr\/index.php?rest_route=\/wp\/v2\/types\/page"}],"author":[{"embeddable":true,"href":"https:\/\/www.sauvegarde93.fr\/index.php?rest_route=\/wp\/v2\/users\/2"}],"replies":[{"embeddable":true,"href":"https:\/\/www.sauvegarde93.fr\/index.php?rest_route=%2Fwp%2Fv2%2Fcomments&post=2340"}],"version-history":[{"count":27,"href":"https:\/\/www.sauvegarde93.fr\/index.php?rest_route=\/wp\/v2\/pages\/2340\/revisions"}],"predecessor-version":[{"id":3546,"href":"https:\/\/www.sauvegarde93.fr\/index.php?rest_route=\/wp\/v2\/pages\/2340\/revisions\/3546"}],"wp:attachment":[{"href":"https:\/\/www.sauvegarde93.fr\/index.php?rest_route=%2Fwp%2Fv2%2Fmedia&parent=2340"}],"curies":[{"name":"wp","href":"https:\/\/api.w.org\/{rel}","templated":true}]}}