{"id":2378,"date":"2024-08-30T10:12:10","date_gmt":"2024-08-30T10:12:10","guid":{"rendered":"https:\/\/www.sauvegarde93.fr\/?page_id=2378"},"modified":"2025-12-09T08:51:29","modified_gmt":"2025-12-09T08:51:29","slug":"conseil-administration","status":"publish","type":"page","link":"https:\/\/www.sauvegarde93.fr\/?page_id=2378","title":{"rendered":"Conseil Administration"},"content":{"rendered":"\n<p>Le conseil d&rsquo;administration travaille main dans la main avec la <a href=\"https:\/\/www.sauvegarde93.fr\/?page_id=374\">Direction G\u00e9n\u00e9rale<\/a>, il est compos\u00e9 des membres suivants : <\/p>\n\n\n\n<h2 class=\"wp-block-heading\"><strong>Bureau<\/strong> <\/h2>\n\n\n<div class=\"gb-grid-wrapper gb-grid-wrapper-ceda6ac4\">\n<div class=\"gb-grid-column gb-grid-column-79f86907\"><div class=\"gb-container gb-container-79f86907\">\n\n<figure class=\"wp-block-image size-full\"><img loading=\"lazy\" decoding=\"async\" width=\"100\" height=\"100\" src=\"https:\/\/www.sauvegarde93.fr\/wp-content\/uploads\/2025\/03\/Michel-Collado-Administrateur-Sauvegarde-de-Seine-Saint-Denis-vred.jpg\" alt=\"\" class=\"wp-image-4290\"\/><\/figure>\n\n<\/div><\/div>\n\n<div class=\"gb-grid-column gb-grid-column-c9beb26a\"><div class=\"gb-container gb-container-c9beb26a\">\n\n<p><strong>Pr\u00e9sident<\/strong> : <a href=\"_wp_link_placeholder\" data-wplink-edit=\"true\">Michel COLLADO<\/a>, ancien directeur de l&rsquo;INFA\u00a0<\/p>\n\n<\/div><\/div>\n<\/div>\n\n<div class=\"gb-grid-wrapper gb-grid-wrapper-504042e1\">\n<div class=\"gb-grid-column gb-grid-column-9e54d570\"><div class=\"gb-container gb-container-9e54d570\">\n\n<figure class=\"wp-block-image size-full\"><img loading=\"lazy\" decoding=\"async\" width=\"100\" height=\"100\" src=\"https:\/\/www.sauvegarde93.fr\/wp-content\/uploads\/2025\/08\/Warda-Khorsi-Administratrice-Sauvegarde-de-Seine-Saint-Denis.-vred.jpg\" alt=\"\" class=\"wp-image-5023\"\/><\/figure>\n\n<\/div><\/div>\n\n<div class=\"gb-grid-column gb-grid-column-30c5f984\"><div class=\"gb-container gb-container-30c5f984\">\n\n<p><strong>Vice-pr\u00e9sidente<\/strong> : Warda KHORSI, responsable de formation en travail social<\/p>\n\n<\/div><\/div>\n<\/div>\n\n<div class=\"gb-grid-wrapper gb-grid-wrapper-7ddcd25d\">\n<div class=\"gb-grid-column gb-grid-column-11095967\"><div class=\"gb-container gb-container-11095967\">\n\n<figure class=\"wp-block-image size-large is-resized\"><img loading=\"lazy\" decoding=\"async\" width=\"874\" height=\"1024\" src=\"https:\/\/www.sauvegarde93.fr\/wp-content\/uploads\/2025\/08\/Christian-Romeu-Administrateur-Sauvegarde-de-Seine-Saint-Denis-874x1024.jpg\" alt=\"\" class=\"wp-image-5024\" style=\"width:102px;height:auto\" srcset=\"https:\/\/www.sauvegarde93.fr\/wp-content\/uploads\/2025\/08\/Christian-Romeu-Administrateur-Sauvegarde-de-Seine-Saint-Denis-874x1024.jpg 874w, https:\/\/www.sauvegarde93.fr\/wp-content\/uploads\/2025\/08\/Christian-Romeu-Administrateur-Sauvegarde-de-Seine-Saint-Denis-256x300.jpg 256w, https:\/\/www.sauvegarde93.fr\/wp-content\/uploads\/2025\/08\/Christian-Romeu-Administrateur-Sauvegarde-de-Seine-Saint-Denis-768x900.jpg 768w, https:\/\/www.sauvegarde93.fr\/wp-content\/uploads\/2025\/08\/Christian-Romeu-Administrateur-Sauvegarde-de-Seine-Saint-Denis.jpg 1281w\" sizes=\"auto, (max-width: 874px) 100vw, 874px\" \/><\/figure>\n\n<\/div><\/div>\n\n<div class=\"gb-grid-column gb-grid-column-b3fdb4a8\"><div class=\"gb-container gb-container-b3fdb4a8\">\n\n<p><strong>Vice-pr\u00e9sident<\/strong> : Christian ROMEU, Commandant divisionnaire honoraire de la Police Nationale<\/p>\n\n<\/div><\/div>\n<\/div>\n\n<div class=\"gb-grid-wrapper gb-grid-wrapper-d32113e4\">\n<div class=\"gb-grid-column gb-grid-column-e8b9c192\"><div class=\"gb-container gb-container-e8b9c192\">\n\n<figure class=\"wp-block-image size-full\"><img loading=\"lazy\" decoding=\"async\" width=\"100\" height=\"100\" src=\"https:\/\/www.sauvegarde93.fr\/wp-content\/uploads\/2025\/04\/Emmanuel-Millard-Administrateur-Sauvegarde-de-Seine-Saint-Denis-v.red_.jpg\" alt=\"\" class=\"wp-image-4380\"\/><\/figure>\n\n<\/div><\/div>\n\n<div class=\"gb-grid-column gb-grid-column-bae362ac\"><div class=\"gb-container gb-container-bae362ac\">\n\n<p><strong>Tr\u00e9sorier<\/strong> : <a href=\"https:\/\/www.linkedin.com\/in\/emmanuel-millard-0751b327?miniProfileUrn=urn%3Ali%3Afs_miniProfile%3AACoAAAWLy5kBYeaB49scusv6jdkVMtTJtVG7T5I&amp;lipi=urn%3Ali%3Apage%3Ad_flagship3_search_srp_all%3BCPJH%2F66%2FQoy954P91Wjbpw%3D%3D\">Emmanuel MILLARD, <\/a>secr\u00e9taire g\u00e9n\u00e9ral, groupe ENDRIX<\/p>\n\n<\/div><\/div>\n<\/div>\n\n<div class=\"gb-grid-wrapper gb-grid-wrapper-c6a3529d\">\n<div class=\"gb-grid-column gb-grid-column-31ad43b4\"><div class=\"gb-container gb-container-31ad43b4\">\n\n<figure class=\"wp-block-image size-full\"><img loading=\"lazy\" decoding=\"async\" width=\"100\" height=\"100\" src=\"https:\/\/www.sauvegarde93.fr\/wp-content\/uploads\/2025\/03\/Alain-Langlace-Administrateur-Sauvegarde-de-Seine-Saint-Denis-vred.jpg\" alt=\"\" class=\"wp-image-4306\"\/><\/figure>\n\n<\/div><\/div>\n\n<div class=\"gb-grid-column gb-grid-column-cdc59dee\"><div class=\"gb-container gb-container-cdc59dee\">\n\n<p><strong>Tr\u00e9sorier adjoint<\/strong>, Alain LANGLACE, ancien Directeur g\u00e9n\u00e9ral de l\u2019INFA<\/p>\n\n<\/div><\/div>\n<\/div>\n\n<div class=\"gb-grid-wrapper gb-grid-wrapper-6e818956\">\n<div class=\"gb-grid-column gb-grid-column-9e7f4cb6\"><div class=\"gb-container gb-container-9e7f4cb6\">\n<div class=\"gb-container gb-container-be0b1f4a\">\n\n<\/div>\n<\/div><\/div>\n\n<div class=\"gb-grid-column gb-grid-column-8be6868b\"><div class=\"gb-container gb-container-8be6868b\">\n\n<p><strong>Secr\u00e9taire<\/strong>, <em>en cours de nomination<\/em><\/p>\n\n<\/div><\/div>\n<\/div>\n\n<div class=\"gb-container gb-container-376e7927\">\n\n<h2 class=\"wp-block-heading\"><strong>Administrateurs<\/strong><\/h2>\n\n\n<div class=\"gb-grid-wrapper gb-grid-wrapper-f583d944\">\n<div class=\"gb-grid-column gb-grid-column-ec923b70\"><div class=\"gb-container gb-container-ec923b70\">\n\n<figure class=\"wp-block-image size-full\"><img loading=\"lazy\" decoding=\"async\" width=\"100\" height=\"100\" src=\"https:\/\/www.sauvegarde93.fr\/wp-content\/uploads\/2025\/09\/Ceine-Truong-Administratrice-Sauvegarde93-ATD-QuartMonde-v.red_.jpg\" alt=\"\" class=\"wp-image-5350\"\/><\/figure>\n\n<\/div><\/div>\n\n<div class=\"gb-grid-column gb-grid-column-d590fc16\"><div class=\"gb-container gb-container-d590fc16\">\n\n<p><a href=\"https:\/\/www.linkedin.com\/in\/c%C3%A9line-truong-647b916a\/overlay\/about-this-profile\/?lipi=urn%3Ali%3Apage%3Ad_flagship3_profile_view_base%3BhZjIul3yT3S1gKp9OZmdKA%3D%3D\">C\u00e9line TRUONG,<\/a> Volontaire permanente \u00e0 ATD Quart Monde. Co-directrice du Centre de promotion familiale de Noisy-le-Grand<\/p>\n\n<\/div><\/div>\n<\/div>\n\n<div class=\"gb-grid-wrapper gb-grid-wrapper-73e1a64d\">\n<div class=\"gb-grid-column gb-grid-column-38d46933\"><div class=\"gb-container gb-container-38d46933\">\n\n<figure class=\"wp-block-image size-full\"><img loading=\"lazy\" decoding=\"async\" width=\"100\" height=\"100\" src=\"https:\/\/www.sauvegarde93.fr\/wp-content\/uploads\/2025\/04\/Gisele-Gueller-Administratrice-Sauvegarde-de-Seine-Saint-Denis-v.red_.jpg\" alt=\"\" class=\"wp-image-4378\"\/><\/figure>\n\n<\/div><\/div>\n\n<div class=\"gb-grid-column gb-grid-column-c0083300\"><div class=\"gb-container gb-container-c0083300\">\n\n<p>Gis\u00e8le GUELLER, ancienne cadre de l&rsquo;Aide social \u00e0 l&rsquo;enfance\u00a0<\/p>\n\n<\/div><\/div>\n<\/div>\n<\/div>\n\n\n<div class=\"wp-block-columns is-layout-flex wp-container-core-columns-is-layout-9d6595d7 wp-block-columns-is-layout-flex\">\n<div class=\"wp-block-column is-layout-flow wp-block-column-is-layout-flow\" style=\"flex-basis:100%\"><div class=\"gb-grid-wrapper gb-grid-wrapper-920ffd5b\">\n<div class=\"gb-grid-column gb-grid-column-98e4f4f8\"><div class=\"gb-container gb-container-98e4f4f8\">\n\n<figure class=\"wp-block-image size-full\"><img loading=\"lazy\" decoding=\"async\" width=\"100\" height=\"100\" src=\"https:\/\/www.sauvegarde93.fr\/wp-content\/uploads\/2025\/04\/Laurent-Kaufmann-Administrateur-Sauvegarde-de-Seine-Saint-Denis-v.red_.jpg\" alt=\"\" class=\"wp-image-4382\"\/><\/figure>\n\n<\/div><\/div>\n\n<div class=\"gb-grid-column gb-grid-column-d022fe22\"><div class=\"gb-container gb-container-d022fe22\">\n\n<p><a href=\"https:\/\/www.linkedin.com\/in\/laurent-kaufmann-84131984\/\">Laurent KAUFMANN<\/a>, principal de coll\u00e8ge<\/p>\n\n<\/div><\/div>\n<\/div><\/div>\n<\/div>\n\n\n<div class=\"gb-grid-wrapper gb-grid-wrapper-5f527d00\">\n<div class=\"gb-grid-column gb-grid-column-94e8b292\"><div class=\"gb-container gb-container-94e8b292\">\n\n<figure class=\"wp-block-image size-full is-resized\"><img loading=\"lazy\" decoding=\"async\" width=\"292\" height=\"320\" src=\"https:\/\/www.sauvegarde93.fr\/wp-content\/uploads\/2025\/12\/Marie-Lafont-Administratrice-Sauvegarde-93.jpg\" alt=\"\" class=\"wp-image-6082\" style=\"object-fit:cover;width:100px;height:100px\" srcset=\"https:\/\/www.sauvegarde93.fr\/wp-content\/uploads\/2025\/12\/Marie-Lafont-Administratrice-Sauvegarde-93.jpg 292w, https:\/\/www.sauvegarde93.fr\/wp-content\/uploads\/2025\/12\/Marie-Lafont-Administratrice-Sauvegarde-93-274x300.jpg 274w\" sizes=\"auto, (max-width: 292px) 100vw, 292px\" \/><\/figure>\n\n<\/div><\/div>\n\n<div class=\"gb-grid-column gb-grid-column-a807998f\"><div class=\"gb-container gb-container-a807998f\">\n<div class=\"gb-container gb-container-b52a7e42\">\n\n<p><a href=\"https:\/\/www.linkedin.com\/in\/marie-lafont-517657152\/\">Marie LAFONT<\/a>, Cheffe de service des \u00e9tablissements d&rsquo;h\u00e9bergement \u00e0 la ville de Paris<\/p>\n\n<\/div>\n<\/div><\/div>\n<\/div>\n\n<div class=\"gb-grid-wrapper gb-grid-wrapper-6d76affd\">\n<div class=\"gb-grid-column gb-grid-column-2f08b4ef\"><div class=\"gb-container gb-container-2f08b4ef\">\n\n<figure class=\"wp-block-image size-full\"><img loading=\"lazy\" decoding=\"async\" width=\"100\" height=\"100\" src=\"https:\/\/www.sauvegarde93.fr\/wp-content\/uploads\/2025\/04\/Fabienne-Pourtein-Administrateur-Sauvegarde-de-Seine-Saint-Denis-v.red_.jpg\" alt=\"\" class=\"wp-image-4381\"\/><\/figure>\n\n<\/div><\/div>\n\n<div class=\"gb-grid-column gb-grid-column-2ee7b7a9\"><div class=\"gb-container gb-container-2ee7b7a9\">\n\n<p><a href=\"https:\/\/www.linkedin.com\/in\/fabienne-pourtein-91b8a8200?miniProfileUrn=urn%3Ali%3Afs_miniProfile%3AACoAADNjxScB_IkNM3m5OXIEOOJ2g8bLPDF2oSU&amp;lipi=urn%3Ali%3Apage%3Ad_flagship3_search_srp_all%3BbMaMTPL3Se%2BQRD3Bie%2FuoA%3D%3D\">Fabienne POURTEIN<\/a>, consultante en ing\u00e9nierie culturelle et en politiques et programmes europ\u00e9ens<\/p>\n\n<\/div><\/div>\n<\/div>\n\n<div class=\"gb-grid-wrapper gb-grid-wrapper-7fee2d3d\">\n<div class=\"gb-grid-column gb-grid-column-8626eb2a\"><div class=\"gb-container gb-container-8626eb2a\">\n\n<figure class=\"wp-block-image size-full\"><img loading=\"lazy\" decoding=\"async\" width=\"100\" height=\"109\" src=\"https:\/\/www.sauvegarde93.fr\/wp-content\/uploads\/2025\/04\/Manuela-Suarez-Salomon-Administratrice-Sauvegarde-de-Seine-Saint-Denis-v.red_.jpg\" alt=\"\" class=\"wp-image-4389\"\/><\/figure>\n\n<\/div><\/div>\n\n<div class=\"gb-grid-column gb-grid-column-ed690015\"><div class=\"gb-container gb-container-ed690015\">\n\n<p>Manuela SUAREZ-SALOMON, sophrologue<\/p>\n\n<\/div><\/div>\n<\/div>\n\n<div class=\"gb-grid-wrapper gb-grid-wrapper-5e21769a\">\n<div class=\"gb-grid-column gb-grid-column-805fbf81\"><div class=\"gb-container gb-container-805fbf81\">\n\n<figure class=\"wp-block-image size-full is-resized\"><img loading=\"lazy\" decoding=\"async\" width=\"200\" height=\"200\" src=\"https:\/\/www.sauvegarde93.fr\/wp-content\/uploads\/2025\/08\/Franck-Underwood.jpg\" alt=\"\" class=\"wp-image-5029\" style=\"width:119px;height:auto\" srcset=\"https:\/\/www.sauvegarde93.fr\/wp-content\/uploads\/2025\/08\/Franck-Underwood.jpg 200w, https:\/\/www.sauvegarde93.fr\/wp-content\/uploads\/2025\/08\/Franck-Underwood-150x150.jpg 150w\" sizes=\"auto, (max-width: 200px) 100vw, 200px\" \/><\/figure>\n\n<\/div><\/div>\n\n<div class=\"gb-grid-column gb-grid-column-525c651b\"><div class=\"gb-container gb-container-525c651b\">\n\n<p><a href=\"https:\/\/www.linkedin.com\/in\/frank-underwood-5613b748?miniProfileUrn=urn%3Ali%3Afs_miniProfile%3AACoAAAoGkVkBTvX1isdZWTAYHpPJ49kKwYpHz78&amp;lipi=urn%3Ali%3Apage%3Ad_flagship3_search_srp_all%3B46i2ws2QSwGgTvjlazJ8Sg%3D%3D\">Frank UNDERWOOD<\/a>, intervenant et jury en \u00e9cole de travail social<\/p>\n\n<\/div><\/div>\n<\/div>\n\n\n<p><br><br><\/p>\n\n\n\n<p>Le Conseil d\u2019administration de la <strong>Sauvegarde de Seine-Saint-Denis<\/strong> joue un r\u00f4le essentiel dans la gouvernance et l\u2019orientation strat\u00e9gique de l\u2019association. Compos\u00e9 de membres engag\u00e9s, il incarne les valeurs et la mission de l\u2019organisation tout en veillant \u00e0 son bon fonctionnement et \u00e0 la p\u00e9rennit\u00e9 de ses actions.<\/p>\n\n\n\n<p>Premi\u00e8rement, le CA est charg\u00e9 de d\u00e9finir les grandes orientations de l\u2019association en coh\u00e9rence avec son <a href=\"https:\/\/www.sauvegarde93.fr\/?page_id=362\">projet associatif.<\/a> Cette responsabilit\u00e9 implique une r\u00e9flexion approfondie sur les priorit\u00e9s strat\u00e9giques, les axes de d\u00e9veloppement et les r\u00e9ponses adapt\u00e9es aux besoins du territoire et des b\u00e9n\u00e9ficiaires.<\/p>\n\n\n\n<p>Deuxi\u00e8mement, il supervise la gestion de l\u2019association. Il approuve les budgets, valide les comptes annuels et veille \u00e0 une gestion rigoureuse des ressources humaines, financi\u00e8res et mat\u00e9rielles. Cette mission de contr\u00f4le garantit la transparence et la bonne utilisation des moyens au service des actions de l\u2019association.<\/p>\n\n\n\n<p>En parall\u00e8le, le CA assure un r\u00f4le de soutien et de suivi aupr\u00e8s de la direction g\u00e9n\u00e9rale. Il participe \u00e0 l\u2019\u00e9valuation des actions men\u00e9es et accompagne les d\u00e9cisions importantes en s\u2019appuyant sur une vision collective et partag\u00e9e.<\/p>\n\n\n\n<p>Enfin, le Conseil d\u2019administration repr\u00e9sente l\u2019association dans ses relations avec les partenaires institutionnels, financiers et associatifs. Porteur des valeurs de solidarit\u00e9 et d\u2019engagement, il s\u2019attache \u00e0 renforcer l\u2019impact et la visibilit\u00e9 de l\u2019association dans le paysage local et national.<\/p>\n\n\n\n<p>Gr\u00e2ce \u00e0 son engagement et \u00e0 son expertise, le Conseil d\u2019administration constitue un pilier indispensable pour garantir la r\u00e9alisation des missions de la Sauvegarde de Seine-Saint-Denis.<\/p>\n\n\n<div class=\"wp-block-image\">\n<figure class=\"aligncenter size-full is-resized\"><img loading=\"lazy\" decoding=\"async\" width=\"964\" height=\"397\" src=\"https:\/\/www.sauvegarde93.fr\/wp-content\/uploads\/2024\/10\/logo-S93-L.png\" alt=\"conseil administration sauvegarde 93\" class=\"wp-image-2684\" style=\"width:400px\" srcset=\"https:\/\/www.sauvegarde93.fr\/wp-content\/uploads\/2024\/10\/logo-S93-L.png 964w, https:\/\/www.sauvegarde93.fr\/wp-content\/uploads\/2024\/10\/logo-S93-L-300x124.png 300w, https:\/\/www.sauvegarde93.fr\/wp-content\/uploads\/2024\/10\/logo-S93-L-768x316.png 768w\" sizes=\"auto, (max-width: 964px) 100vw, 964px\" \/><\/figure>\n<\/div>\n\n\n<p><\/p>\n","protected":false},"excerpt":{"rendered":"<p>Le conseil d&rsquo;administration travaille main dans la main avec la Direction G\u00e9n\u00e9rale, il est compos\u00e9 des membres suivants : Bureau Administrateurs Le Conseil d\u2019administration de la Sauvegarde de Seine-Saint-Denis joue un r\u00f4le essentiel dans la gouvernance et l\u2019orientation strat\u00e9gique de l\u2019association. Compos\u00e9 de membres engag\u00e9s, il incarne les valeurs et la mission de l\u2019organisation tout &#8230; <a title=\"Conseil Administration\" class=\"read-more\" href=\"https:\/\/www.sauvegarde93.fr\/?page_id=2378\" aria-label=\"En savoir plus sur Conseil Administration\">Lire la suite<\/a><\/p>\n","protected":false},"author":1,"featured_media":0,"parent":1199,"menu_order":0,"comment_status":"closed","ping_status":"closed","template":"","meta":{"_acf_changed":false,"footnotes":""},"class_list":["post-2378","page","type-page","status-publish"],"acf":[],"yoast_head":"<!-- This site is optimized with the Yoast SEO plugin v27.3 - https:\/\/yoast.com\/product\/yoast-seo-wordpress\/ -->\n<title>Conseil Administration - Sauvegarde de Seine-Saint-Denis<\/title>\n<meta name=\"description\" content=\"D\u00e9couvrez le Conseil d&#039;Administration de la Sauvegarde 93 Seine Saint Denis. Association de protection de l&#039;enfance\" \/>\n<meta name=\"robots\" content=\"index, follow, max-snippet:-1, max-image-preview:large, max-video-preview:-1\" \/>\n<link rel=\"canonical\" href=\"https:\/\/www.sauvegarde93.fr\/?page_id=2378\" \/>\n<meta property=\"og:locale\" content=\"fr_FR\" \/>\n<meta property=\"og:type\" content=\"article\" \/>\n<meta property=\"og:title\" content=\"Conseil Administration - Sauvegarde de Seine-Saint-Denis\" \/>\n<meta property=\"og:description\" content=\"D\u00e9couvrez le Conseil d&#039;Administration de la Sauvegarde 93 Seine Saint Denis. Association de protection de l&#039;enfance\" \/>\n<meta property=\"og:url\" content=\"https:\/\/www.sauvegarde93.fr\/?page_id=2378\" \/>\n<meta property=\"og:site_name\" content=\"Sauvegarde de Seine-Saint-Denis\" \/>\n<meta property=\"article:modified_time\" content=\"2025-12-09T08:51:29+00:00\" \/>\n<meta property=\"og:image\" content=\"https:\/\/www.sauvegarde93.fr\/wp-content\/uploads\/2025\/03\/Michel-Collado-Administrateur-Sauvegarde-de-Seine-Saint-Denis-vred.jpg\" \/>\n\t<meta property=\"og:image:width\" content=\"100\" \/>\n\t<meta property=\"og:image:height\" content=\"100\" \/>\n\t<meta property=\"og:image:type\" content=\"image\/jpeg\" \/>\n<meta name=\"twitter:card\" content=\"summary_large_image\" \/>\n<meta name=\"twitter:label1\" content=\"Dur\u00e9e de lecture estim\u00e9e\" \/>\n\t<meta name=\"twitter:data1\" content=\"5 minutes\" \/>\n<script type=\"application\/ld+json\" class=\"yoast-schema-graph\">{\"@context\":\"https:\\\/\\\/schema.org\",\"@graph\":[{\"@type\":\"WebPage\",\"@id\":\"https:\\\/\\\/www.sauvegarde93.fr\\\/?page_id=2378\",\"url\":\"https:\\\/\\\/www.sauvegarde93.fr\\\/?page_id=2378\",\"name\":\"Conseil Administration - Sauvegarde de Seine-Saint-Denis\",\"isPartOf\":{\"@id\":\"https:\\\/\\\/www.sauvegarde93.fr\\\/#website\"},\"primaryImageOfPage\":{\"@id\":\"https:\\\/\\\/www.sauvegarde93.fr\\\/?page_id=2378#primaryimage\"},\"image\":{\"@id\":\"https:\\\/\\\/www.sauvegarde93.fr\\\/?page_id=2378#primaryimage\"},\"thumbnailUrl\":\"https:\\\/\\\/www.sauvegarde93.fr\\\/wp-content\\\/uploads\\\/2025\\\/03\\\/Michel-Collado-Administrateur-Sauvegarde-de-Seine-Saint-Denis-vred.jpg\",\"datePublished\":\"2024-08-30T10:12:10+00:00\",\"dateModified\":\"2025-12-09T08:51:29+00:00\",\"description\":\"D\u00e9couvrez le Conseil d'Administration de la Sauvegarde 93 Seine Saint Denis. Association de protection de l'enfance\",\"breadcrumb\":{\"@id\":\"https:\\\/\\\/www.sauvegarde93.fr\\\/?page_id=2378#breadcrumb\"},\"inLanguage\":\"fr-FR\",\"potentialAction\":[{\"@type\":\"ReadAction\",\"target\":[\"https:\\\/\\\/www.sauvegarde93.fr\\\/?page_id=2378\"]}]},{\"@type\":\"ImageObject\",\"inLanguage\":\"fr-FR\",\"@id\":\"https:\\\/\\\/www.sauvegarde93.fr\\\/?page_id=2378#primaryimage\",\"url\":\"https:\\\/\\\/www.sauvegarde93.fr\\\/wp-content\\\/uploads\\\/2025\\\/03\\\/Michel-Collado-Administrateur-Sauvegarde-de-Seine-Saint-Denis-vred.jpg\",\"contentUrl\":\"https:\\\/\\\/www.sauvegarde93.fr\\\/wp-content\\\/uploads\\\/2025\\\/03\\\/Michel-Collado-Administrateur-Sauvegarde-de-Seine-Saint-Denis-vred.jpg\",\"width\":100,\"height\":100,\"caption\":\"Michel COLLADO Pr\u00e9sident de la Sauvegarde 93\"},{\"@type\":\"BreadcrumbList\",\"@id\":\"https:\\\/\\\/www.sauvegarde93.fr\\\/?page_id=2378#breadcrumb\",\"itemListElement\":[{\"@type\":\"ListItem\",\"position\":1,\"name\":\"Accueil\",\"item\":\"https:\\\/\\\/www.sauvegarde93.fr\\\/\"},{\"@type\":\"ListItem\",\"position\":2,\"name\":\"L&rsquo;association\",\"item\":\"https:\\\/\\\/www.sauvegarde93.fr\\\/?page_id=1199\"},{\"@type\":\"ListItem\",\"position\":3,\"name\":\"Conseil Administration\"}]},{\"@type\":\"WebSite\",\"@id\":\"https:\\\/\\\/www.sauvegarde93.fr\\\/#website\",\"url\":\"https:\\\/\\\/www.sauvegarde93.fr\\\/\",\"name\":\"Sauvegarde de Seine-Saint-Denis\",\"description\":\"Association de protection de l\u2019enfance, de l\u2019adolescence et de l\u2019adulte\",\"publisher\":{\"@id\":\"https:\\\/\\\/www.sauvegarde93.fr\\\/#organization\"},\"potentialAction\":[{\"@type\":\"SearchAction\",\"target\":{\"@type\":\"EntryPoint\",\"urlTemplate\":\"https:\\\/\\\/www.sauvegarde93.fr\\\/?s={search_term_string}\"},\"query-input\":{\"@type\":\"PropertyValueSpecification\",\"valueRequired\":true,\"valueName\":\"search_term_string\"}}],\"inLanguage\":\"fr-FR\"},{\"@type\":\"Organization\",\"@id\":\"https:\\\/\\\/www.sauvegarde93.fr\\\/#organization\",\"name\":\"Sauvegarde de Seine-Saint-Denis\",\"url\":\"https:\\\/\\\/www.sauvegarde93.fr\\\/\",\"logo\":{\"@type\":\"ImageObject\",\"inLanguage\":\"fr-FR\",\"@id\":\"https:\\\/\\\/www.sauvegarde93.fr\\\/#\\\/schema\\\/logo\\\/image\\\/\",\"url\":\"https:\\\/\\\/www.sauvegarde93.fr\\\/wp-content\\\/uploads\\\/2024\\\/04\\\/logo_S93.png\",\"contentUrl\":\"https:\\\/\\\/www.sauvegarde93.fr\\\/wp-content\\\/uploads\\\/2024\\\/04\\\/logo_S93.png\",\"width\":209,\"height\":92,\"caption\":\"Sauvegarde de Seine-Saint-Denis\"},\"image\":{\"@id\":\"https:\\\/\\\/www.sauvegarde93.fr\\\/#\\\/schema\\\/logo\\\/image\\\/\"},\"sameAs\":[\"https:\\\/\\\/www.linkedin.com\\\/company\\\/sauvegarde-de-seine-saint-denis\\\/\"]}]}<\/script>\n<!-- \/ Yoast SEO plugin. -->","yoast_head_json":{"title":"Conseil Administration - Sauvegarde de Seine-Saint-Denis","description":"D\u00e9couvrez le Conseil d'Administration de la Sauvegarde 93 Seine Saint Denis. Association de protection de l'enfance","robots":{"index":"index","follow":"follow","max-snippet":"max-snippet:-1","max-image-preview":"max-image-preview:large","max-video-preview":"max-video-preview:-1"},"canonical":"https:\/\/www.sauvegarde93.fr\/?page_id=2378","og_locale":"fr_FR","og_type":"article","og_title":"Conseil Administration - Sauvegarde de Seine-Saint-Denis","og_description":"D\u00e9couvrez le Conseil d'Administration de la Sauvegarde 93 Seine Saint Denis. Association de protection de l'enfance","og_url":"https:\/\/www.sauvegarde93.fr\/?page_id=2378","og_site_name":"Sauvegarde de Seine-Saint-Denis","article_modified_time":"2025-12-09T08:51:29+00:00","og_image":[{"width":100,"height":100,"url":"https:\/\/www.sauvegarde93.fr\/wp-content\/uploads\/2025\/03\/Michel-Collado-Administrateur-Sauvegarde-de-Seine-Saint-Denis-vred.jpg","type":"image\/jpeg"}],"twitter_card":"summary_large_image","twitter_misc":{"Dur\u00e9e de lecture estim\u00e9e":"5 minutes"},"schema":{"@context":"https:\/\/schema.org","@graph":[{"@type":"WebPage","@id":"https:\/\/www.sauvegarde93.fr\/?page_id=2378","url":"https:\/\/www.sauvegarde93.fr\/?page_id=2378","name":"Conseil Administration - Sauvegarde de Seine-Saint-Denis","isPartOf":{"@id":"https:\/\/www.sauvegarde93.fr\/#website"},"primaryImageOfPage":{"@id":"https:\/\/www.sauvegarde93.fr\/?page_id=2378#primaryimage"},"image":{"@id":"https:\/\/www.sauvegarde93.fr\/?page_id=2378#primaryimage"},"thumbnailUrl":"https:\/\/www.sauvegarde93.fr\/wp-content\/uploads\/2025\/03\/Michel-Collado-Administrateur-Sauvegarde-de-Seine-Saint-Denis-vred.jpg","datePublished":"2024-08-30T10:12:10+00:00","dateModified":"2025-12-09T08:51:29+00:00","description":"D\u00e9couvrez le Conseil d'Administration de la Sauvegarde 93 Seine Saint Denis. Association de protection de l'enfance","breadcrumb":{"@id":"https:\/\/www.sauvegarde93.fr\/?page_id=2378#breadcrumb"},"inLanguage":"fr-FR","potentialAction":[{"@type":"ReadAction","target":["https:\/\/www.sauvegarde93.fr\/?page_id=2378"]}]},{"@type":"ImageObject","inLanguage":"fr-FR","@id":"https:\/\/www.sauvegarde93.fr\/?page_id=2378#primaryimage","url":"https:\/\/www.sauvegarde93.fr\/wp-content\/uploads\/2025\/03\/Michel-Collado-Administrateur-Sauvegarde-de-Seine-Saint-Denis-vred.jpg","contentUrl":"https:\/\/www.sauvegarde93.fr\/wp-content\/uploads\/2025\/03\/Michel-Collado-Administrateur-Sauvegarde-de-Seine-Saint-Denis-vred.jpg","width":100,"height":100,"caption":"Michel COLLADO Pr\u00e9sident de la Sauvegarde 93"},{"@type":"BreadcrumbList","@id":"https:\/\/www.sauvegarde93.fr\/?page_id=2378#breadcrumb","itemListElement":[{"@type":"ListItem","position":1,"name":"Accueil","item":"https:\/\/www.sauvegarde93.fr\/"},{"@type":"ListItem","position":2,"name":"L&rsquo;association","item":"https:\/\/www.sauvegarde93.fr\/?page_id=1199"},{"@type":"ListItem","position":3,"name":"Conseil Administration"}]},{"@type":"WebSite","@id":"https:\/\/www.sauvegarde93.fr\/#website","url":"https:\/\/www.sauvegarde93.fr\/","name":"Sauvegarde de Seine-Saint-Denis","description":"Association de protection de l\u2019enfance, de l\u2019adolescence et de l\u2019adulte","publisher":{"@id":"https:\/\/www.sauvegarde93.fr\/#organization"},"potentialAction":[{"@type":"SearchAction","target":{"@type":"EntryPoint","urlTemplate":"https:\/\/www.sauvegarde93.fr\/?s={search_term_string}"},"query-input":{"@type":"PropertyValueSpecification","valueRequired":true,"valueName":"search_term_string"}}],"inLanguage":"fr-FR"},{"@type":"Organization","@id":"https:\/\/www.sauvegarde93.fr\/#organization","name":"Sauvegarde de Seine-Saint-Denis","url":"https:\/\/www.sauvegarde93.fr\/","logo":{"@type":"ImageObject","inLanguage":"fr-FR","@id":"https:\/\/www.sauvegarde93.fr\/#\/schema\/logo\/image\/","url":"https:\/\/www.sauvegarde93.fr\/wp-content\/uploads\/2024\/04\/logo_S93.png","contentUrl":"https:\/\/www.sauvegarde93.fr\/wp-content\/uploads\/2024\/04\/logo_S93.png","width":209,"height":92,"caption":"Sauvegarde de Seine-Saint-Denis"},"image":{"@id":"https:\/\/www.sauvegarde93.fr\/#\/schema\/logo\/image\/"},"sameAs":["https:\/\/www.linkedin.com\/company\/sauvegarde-de-seine-saint-denis\/"]}]}},"_links":{"self":[{"href":"https:\/\/www.sauvegarde93.fr\/index.php?rest_route=\/wp\/v2\/pages\/2378","targetHints":{"allow":["GET"]}}],"collection":[{"href":"https:\/\/www.sauvegarde93.fr\/index.php?rest_route=\/wp\/v2\/pages"}],"about":[{"href":"https:\/\/www.sauvegarde93.fr\/index.php?rest_route=\/wp\/v2\/types\/page"}],"author":[{"embeddable":true,"href":"https:\/\/www.sauvegarde93.fr\/index.php?rest_route=\/wp\/v2\/users\/1"}],"replies":[{"embeddable":true,"href":"https:\/\/www.sauvegarde93.fr\/index.php?rest_route=%2Fwp%2Fv2%2Fcomments&post=2378"}],"version-history":[{"count":63,"href":"https:\/\/www.sauvegarde93.fr\/index.php?rest_route=\/wp\/v2\/pages\/2378\/revisions"}],"predecessor-version":[{"id":6086,"href":"https:\/\/www.sauvegarde93.fr\/index.php?rest_route=\/wp\/v2\/pages\/2378\/revisions\/6086"}],"up":[{"embeddable":true,"href":"https:\/\/www.sauvegarde93.fr\/index.php?rest_route=\/wp\/v2\/pages\/1199"}],"wp:attachment":[{"href":"https:\/\/www.sauvegarde93.fr\/index.php?rest_route=%2Fwp%2Fv2%2Fmedia&parent=2378"}],"curies":[{"name":"wp","href":"https:\/\/api.w.org\/{rel}","templated":true}]}}