{"id":362,"date":"2012-09-07T09:16:43","date_gmt":"2012-09-07T09:16:43","guid":{"rendered":"https:\/\/www.sauvegarde93.fr\/?p=362"},"modified":"2026-02-03T15:06:05","modified_gmt":"2026-02-03T15:06:05","slug":"notre-projet-associatif","status":"publish","type":"page","link":"https:\/\/www.sauvegarde93.fr\/?page_id=362","title":{"rendered":"Notre projet associatif et notre projet strat\u00e9gique"},"content":{"rendered":"<div class=\"wp-block-image\">\n<figure class=\"aligncenter size-full\"><img loading=\"lazy\" decoding=\"async\" width=\"209\" height=\"92\" src=\"https:\/\/www.sauvegarde93.fr\/wp-content\/uploads\/2024\/04\/logo_S93.png\" alt=\"Projet associatif\" class=\"wp-image-2201\"\/><\/figure>\n<\/div>\n\n\n<p class=\"post_excerpt\"><\/p>\n\n\n\n<h2 class=\"wp-block-heading\"><strong><mark style=\"background-color:rgba(0, 0, 0, 0)\" class=\"has-inline-color has-accent-color\">Notre projet associatif<\/mark><\/strong><\/h2>\n\n\n\n<p>Notre projet associatif s\u2019inscrit r\u00e9solument dans une dynamique tourn\u00e9e vers l\u2019avenir, avec l\u2019ambition de r\u00e9pondre aux d\u00e9fis contemporains tout en accompagnant les publics fragiles vers une meilleure insertion sociale et \u00e9ducative.<\/p>\n\n\n\n<p>Cependant, cette projection vers l\u2019avenir ne saurait faire abstraction de nos racines et de l\u2019histoire riche qui a fa\u00e7onn\u00e9 notre identit\u00e9. Ce projet puise son inspiration dans l\u2019engagement de femmes et d\u2019hommes, b\u00e9n\u00e9voles et professionnels, qui ont, au fil des ann\u00e9es, b\u00e2ti les fondations solides sur lesquelles repose aujourd\u2019hui notre action. Ce patrimoine historique nourrit une culture commune au sein de l\u2019association, fond\u00e9e sur un principe cl\u00e9 : celui de la <strong>co-construction<\/strong>, qui repose sur l\u2019implication active de tous les acteurs.<\/p>\n\n\n\n<p>C\u2019est dans cet esprit collaboratif que notre projet associatif a vu le jour, fruit d\u2019un v\u00e9ritable travail collectif. Administrateurs, salari\u00e9s, b\u00e9n\u00e9ficiaires des actions \u00e9ducatives et partenaires se sont r\u00e9unis dans un effort commun pour concevoir un projet \u00e0 la fois ambitieux, pragmatique et ancr\u00e9 dans la r\u00e9alit\u00e9 des besoins locaux.<\/p>\n\n\n\n<p>Tout au long de l\u2019ann\u00e9e 2021, des tables rondes participatives ont permis de structurer ce projet autour de cinq grandes th\u00e9matiques. Ces \u00e9changes riches et constructifs ont \u00e9t\u00e9 l\u2019occasion d\u2019int\u00e9grer une diversit\u00e9 de points de vue, contribuant ainsi \u00e0 une pens\u00e9e collective ouverte et inclusive. Chaque th\u00e9matique, d\u00e9velopp\u00e9e \u00e0 partir de la r\u00e9alit\u00e9 des situations v\u00e9cues par les personnes accompagn\u00e9es, constitue un rep\u00e8re structurant de notre projet.<\/p>\n\n\n\n<p>Ce processus de co-construction incarne notre volont\u00e9 d\u2019agir ensemble, dans une d\u00e9marche solidaire et partag\u00e9e, au service d\u2019une action \u00e9ducative toujours plus efficace et humaine. En pla\u00e7ant l\u2019engagement, le dialogue et la r\u00e9flexion commune au c\u0153ur de nos pratiques, nous nous assurons que notre projet associatif reste un outil vivant, \u00e9volutif et fid\u00e8le \u00e0 nos valeurs fondamentales.<\/p>\n\n\n\n<p>Ce projet associatif couvre la p\u00e9riode 2022 &#8211; 2026 d\u00e9couvrez le ici : <\/p>\n\n\n\n<p><\/p>\n\n\n\n<div class=\"wp-block-file visionneuse-pdf\"><a id=\"wp-block-file--media-6b736fff-8199-443c-bbe9-287aa850d49f\" href=\"https:\/\/www.sauvegarde93.fr\/wp-content\/uploads\/2024\/10\/Projet-associatif-2022-2026-v-finale.pdf\" target=\"_blank\" rel=\"noreferrer noopener\"><strong>T\u00e9l\u00e9charger le projet associatif<\/strong><\/a><a href=\"https:\/\/www.sauvegarde93.fr\/wp-content\/uploads\/2024\/10\/Projet-associatif-2022-2026-v-finale.pdf\" class=\"wp-block-file__button wp-element-button\" download aria-describedby=\"wp-block-file--media-6b736fff-8199-443c-bbe9-287aa850d49f\">T\u00e9l\u00e9charger<\/a><\/div>\n\n\n\n<p class=\"post_excerpt\"><\/p>\n\n\n\n<p><\/p>\n\n\n\n<p><\/p>\n\n\n\n<h2 class=\"wp-block-heading\"><strong><mark style=\"background-color:rgba(0, 0, 0, 0)\" class=\"has-inline-color has-accent-color\">Notre projet strat\u00e9gique 2025-2026<\/mark><\/strong><\/h2>\n\n\n\n<p>Du projet associatif d\u00e9coule le projet strat\u00e9gique, qui donne la philosophie port\u00e9e par l\u2019association et les orientations g\u00e9n\u00e9rales de notre action. Il donne les grands axes de travail et objectifs principaux qui vont guider nos travaux.<\/p>\n\n\n\n<p>Il est construit autour de 4 axes :<\/p>\n\n\n\n<ul class=\"wp-block-list\">\n<li><mark style=\"background-color:rgba(0, 0, 0, 0)\" class=\"has-inline-color has-accent-color\"><strong>Axe A<\/strong> : Accompagnement du public et am\u00e9lioration de nos pratiques<\/mark><\/li>\n\n\n\n<li><mark style=\"background-color:rgba(0, 0, 0, 0)\" class=\"has-inline-color has-accent-color\"><strong>Axe B<\/strong> : Bien-\u00eatre au travail et fid\u00e9lisation des professionnel<\/mark>s<\/li>\n\n\n\n<li><mark style=\"background-color:rgba(0, 0, 0, 0)\" class=\"has-inline-color has-accent-color\"><strong>Axe C<\/strong> : Structuration et efficacit\u00e9 organisationnelle<\/mark><\/li>\n\n\n\n<li><mark style=\"background-color:rgba(0, 0, 0, 0)\" class=\"has-inline-color has-accent-color\"><strong>Axe D<\/strong> : Optimisation des ressources financi\u00e8re et mat\u00e9rielles<\/mark><\/li>\n\n\n\n<li><mark style=\"background-color:rgba(0, 0, 0, 0)\" class=\"has-inline-color has-accent-color\"><strong>Axe E<\/strong> : Communication et coop\u00e9ration dynamiques<\/mark><\/li>\n<\/ul>\n\n\n\n<h3 class=\"wp-block-heading\"><strong>T<a href=\"https:\/\/www.sauvegarde93.fr\/wp-content\/uploads\/2026\/02\/Plan-Strat-Detaille-Au-30-janvier-2025.pdf\">\u00e9l\u00e9charger le plan strat\u00e9gique  2025-2026 de la Sauvegarde 93<\/a><\/strong><\/h3>\n\n\n\n<figure class=\"wp-block-gallery has-nested-images columns-default is-cropped wp-block-gallery-1 is-layout-flex wp-block-gallery-is-layout-flex\">\n<figure class=\"wp-block-image size-large\"><img loading=\"lazy\" decoding=\"async\" width=\"1024\" height=\"724\" data-id=\"4257\" src=\"https:\/\/www.sauvegarde93.fr\/wp-content\/uploads\/2025\/03\/Axe-1-1024x724.png\" alt=\"\" class=\"wp-image-4257\" srcset=\"https:\/\/www.sauvegarde93.fr\/wp-content\/uploads\/2025\/03\/Axe-1-1024x724.png 1024w, https:\/\/www.sauvegarde93.fr\/wp-content\/uploads\/2025\/03\/Axe-1-300x212.png 300w, https:\/\/www.sauvegarde93.fr\/wp-content\/uploads\/2025\/03\/Axe-1-768x543.png 768w, https:\/\/www.sauvegarde93.fr\/wp-content\/uploads\/2025\/03\/Axe-1-1536x1086.png 1536w, https:\/\/www.sauvegarde93.fr\/wp-content\/uploads\/2025\/03\/Axe-1.png 2000w\" sizes=\"auto, (max-width: 1024px) 100vw, 1024px\" \/><\/figure>\n\n\n\n<figure class=\"wp-block-image size-large\"><img loading=\"lazy\" decoding=\"async\" width=\"1024\" height=\"724\" data-id=\"4256\" src=\"https:\/\/www.sauvegarde93.fr\/wp-content\/uploads\/2025\/03\/Axe-2-1024x724.png\" alt=\"\" class=\"wp-image-4256\" srcset=\"https:\/\/www.sauvegarde93.fr\/wp-content\/uploads\/2025\/03\/Axe-2-1024x724.png 1024w, https:\/\/www.sauvegarde93.fr\/wp-content\/uploads\/2025\/03\/Axe-2-300x212.png 300w, https:\/\/www.sauvegarde93.fr\/wp-content\/uploads\/2025\/03\/Axe-2-768x543.png 768w, https:\/\/www.sauvegarde93.fr\/wp-content\/uploads\/2025\/03\/Axe-2-1536x1086.png 1536w, https:\/\/www.sauvegarde93.fr\/wp-content\/uploads\/2025\/03\/Axe-2.png 2000w\" sizes=\"auto, (max-width: 1024px) 100vw, 1024px\" \/><\/figure>\n\n\n\n<figure class=\"wp-block-image size-large\"><img loading=\"lazy\" decoding=\"async\" width=\"1024\" height=\"724\" data-id=\"4259\" src=\"https:\/\/www.sauvegarde93.fr\/wp-content\/uploads\/2025\/03\/Axe-3-1024x724.png\" alt=\"\" class=\"wp-image-4259\" srcset=\"https:\/\/www.sauvegarde93.fr\/wp-content\/uploads\/2025\/03\/Axe-3-1024x724.png 1024w, https:\/\/www.sauvegarde93.fr\/wp-content\/uploads\/2025\/03\/Axe-3-300x212.png 300w, https:\/\/www.sauvegarde93.fr\/wp-content\/uploads\/2025\/03\/Axe-3-768x543.png 768w, https:\/\/www.sauvegarde93.fr\/wp-content\/uploads\/2025\/03\/Axe-3-1536x1086.png 1536w, https:\/\/www.sauvegarde93.fr\/wp-content\/uploads\/2025\/03\/Axe-3.png 2000w\" sizes=\"auto, (max-width: 1024px) 100vw, 1024px\" \/><\/figure>\n\n\n\n<figure class=\"wp-block-image size-large\"><img loading=\"lazy\" decoding=\"async\" width=\"1024\" height=\"724\" data-id=\"4260\" src=\"https:\/\/www.sauvegarde93.fr\/wp-content\/uploads\/2025\/03\/Axe-4-1024x724.png\" alt=\"\" class=\"wp-image-4260\" srcset=\"https:\/\/www.sauvegarde93.fr\/wp-content\/uploads\/2025\/03\/Axe-4-1024x724.png 1024w, https:\/\/www.sauvegarde93.fr\/wp-content\/uploads\/2025\/03\/Axe-4-300x212.png 300w, https:\/\/www.sauvegarde93.fr\/wp-content\/uploads\/2025\/03\/Axe-4-768x543.png 768w, https:\/\/www.sauvegarde93.fr\/wp-content\/uploads\/2025\/03\/Axe-4-1536x1086.png 1536w, https:\/\/www.sauvegarde93.fr\/wp-content\/uploads\/2025\/03\/Axe-4.png 2000w\" sizes=\"auto, (max-width: 1024px) 100vw, 1024px\" \/><\/figure>\n\n\n\n<figure class=\"wp-block-image size-large\"><img loading=\"lazy\" decoding=\"async\" width=\"1024\" height=\"724\" data-id=\"4258\" src=\"https:\/\/www.sauvegarde93.fr\/wp-content\/uploads\/2025\/03\/Axe-5-1024x724.png\" alt=\"\" class=\"wp-image-4258\" srcset=\"https:\/\/www.sauvegarde93.fr\/wp-content\/uploads\/2025\/03\/Axe-5-1024x724.png 1024w, https:\/\/www.sauvegarde93.fr\/wp-content\/uploads\/2025\/03\/Axe-5-300x212.png 300w, https:\/\/www.sauvegarde93.fr\/wp-content\/uploads\/2025\/03\/Axe-5-768x543.png 768w, https:\/\/www.sauvegarde93.fr\/wp-content\/uploads\/2025\/03\/Axe-5-1536x1086.png 1536w, https:\/\/www.sauvegarde93.fr\/wp-content\/uploads\/2025\/03\/Axe-5.png 2000w\" sizes=\"auto, (max-width: 1024px) 100vw, 1024px\" \/><\/figure>\n<\/figure>\n\n\n\n<p><\/p>\n","protected":false},"excerpt":{"rendered":"<p>Notre projet associatif Notre projet associatif s\u2019inscrit r\u00e9solument dans une dynamique tourn\u00e9e vers l\u2019avenir, avec l\u2019ambition de r\u00e9pondre aux d\u00e9fis contemporains tout en accompagnant les publics fragiles vers une meilleure insertion sociale et \u00e9ducative. Cependant, cette projection vers l\u2019avenir ne saurait faire abstraction de nos racines et de l\u2019histoire riche qui a fa\u00e7onn\u00e9 notre identit\u00e9. &#8230; <a title=\"Notre projet associatif et notre projet strat\u00e9gique\" class=\"read-more\" href=\"https:\/\/www.sauvegarde93.fr\/?page_id=362\" aria-label=\"En savoir plus sur Notre projet associatif et notre projet strat\u00e9gique\">Lire la suite<\/a><\/p>\n","protected":false},"author":2,"featured_media":361,"parent":1199,"menu_order":0,"comment_status":"closed","ping_status":"open","template":"","meta":{"_acf_changed":false,"footnotes":""},"class_list":["post-362","page","type-page","status-publish","has-post-thumbnail"],"acf":[],"yoast_head":"<!-- This site is optimized with the Yoast SEO plugin v27.3 - https:\/\/yoast.com\/product\/yoast-seo-wordpress\/ -->\n<title>Notre projet associatif et notre projet strat\u00e9gique - Sauvegarde de Seine-Saint-Denis<\/title>\n<meta name=\"description\" content=\"D\u00e9couvrez le projet associatif de la Sauvegarde 93 Seine Saint Denis association de protection de l&#039;enfance.\" \/>\n<meta name=\"robots\" content=\"index, follow, max-snippet:-1, max-image-preview:large, max-video-preview:-1\" \/>\n<link rel=\"canonical\" href=\"https:\/\/www.sauvegarde93.fr\/?page_id=362\" \/>\n<meta property=\"og:locale\" content=\"fr_FR\" \/>\n<meta property=\"og:type\" content=\"article\" \/>\n<meta property=\"og:title\" content=\"Notre projet associatif et notre projet strat\u00e9gique - Sauvegarde de Seine-Saint-Denis\" \/>\n<meta property=\"og:description\" content=\"D\u00e9couvrez le projet associatif de la Sauvegarde 93 Seine Saint Denis association de protection de l&#039;enfance.\" \/>\n<meta property=\"og:url\" content=\"https:\/\/www.sauvegarde93.fr\/?page_id=362\" \/>\n<meta property=\"og:site_name\" content=\"Sauvegarde de Seine-Saint-Denis\" \/>\n<meta property=\"article:modified_time\" content=\"2026-02-03T15:06:05+00:00\" \/>\n<meta name=\"twitter:card\" content=\"summary_large_image\" \/>\n<meta name=\"twitter:label1\" content=\"Dur\u00e9e de lecture estim\u00e9e\" \/>\n\t<meta name=\"twitter:data1\" content=\"4 minutes\" \/>\n<script type=\"application\/ld+json\" class=\"yoast-schema-graph\">{\"@context\":\"https:\\\/\\\/schema.org\",\"@graph\":[{\"@type\":\"WebPage\",\"@id\":\"https:\\\/\\\/www.sauvegarde93.fr\\\/?page_id=362\",\"url\":\"https:\\\/\\\/www.sauvegarde93.fr\\\/?page_id=362\",\"name\":\"Notre projet associatif et notre projet strat\u00e9gique - Sauvegarde de Seine-Saint-Denis\",\"isPartOf\":{\"@id\":\"https:\\\/\\\/www.sauvegarde93.fr\\\/#website\"},\"primaryImageOfPage\":{\"@id\":\"https:\\\/\\\/www.sauvegarde93.fr\\\/?page_id=362#primaryimage\"},\"image\":{\"@id\":\"https:\\\/\\\/www.sauvegarde93.fr\\\/?page_id=362#primaryimage\"},\"thumbnailUrl\":\"\",\"datePublished\":\"2012-09-07T09:16:43+00:00\",\"dateModified\":\"2026-02-03T15:06:05+00:00\",\"description\":\"D\u00e9couvrez le projet associatif de la Sauvegarde 93 Seine Saint Denis association de protection de l'enfance.\",\"breadcrumb\":{\"@id\":\"https:\\\/\\\/www.sauvegarde93.fr\\\/?page_id=362#breadcrumb\"},\"inLanguage\":\"fr-FR\",\"potentialAction\":[{\"@type\":\"ReadAction\",\"target\":[\"https:\\\/\\\/www.sauvegarde93.fr\\\/?page_id=362\"]}]},{\"@type\":\"ImageObject\",\"inLanguage\":\"fr-FR\",\"@id\":\"https:\\\/\\\/www.sauvegarde93.fr\\\/?page_id=362#primaryimage\",\"url\":\"\",\"contentUrl\":\"\"},{\"@type\":\"BreadcrumbList\",\"@id\":\"https:\\\/\\\/www.sauvegarde93.fr\\\/?page_id=362#breadcrumb\",\"itemListElement\":[{\"@type\":\"ListItem\",\"position\":1,\"name\":\"Accueil\",\"item\":\"https:\\\/\\\/www.sauvegarde93.fr\\\/\"},{\"@type\":\"ListItem\",\"position\":2,\"name\":\"L&rsquo;association\",\"item\":\"https:\\\/\\\/www.sauvegarde93.fr\\\/?page_id=1199\"},{\"@type\":\"ListItem\",\"position\":3,\"name\":\"Notre projet associatif et notre projet strat\u00e9gique\"}]},{\"@type\":\"WebSite\",\"@id\":\"https:\\\/\\\/www.sauvegarde93.fr\\\/#website\",\"url\":\"https:\\\/\\\/www.sauvegarde93.fr\\\/\",\"name\":\"Sauvegarde de Seine-Saint-Denis\",\"description\":\"Association de protection de l\u2019enfance, de l\u2019adolescence et de l\u2019adulte\",\"publisher\":{\"@id\":\"https:\\\/\\\/www.sauvegarde93.fr\\\/#organization\"},\"potentialAction\":[{\"@type\":\"SearchAction\",\"target\":{\"@type\":\"EntryPoint\",\"urlTemplate\":\"https:\\\/\\\/www.sauvegarde93.fr\\\/?s={search_term_string}\"},\"query-input\":{\"@type\":\"PropertyValueSpecification\",\"valueRequired\":true,\"valueName\":\"search_term_string\"}}],\"inLanguage\":\"fr-FR\"},{\"@type\":\"Organization\",\"@id\":\"https:\\\/\\\/www.sauvegarde93.fr\\\/#organization\",\"name\":\"Sauvegarde de Seine-Saint-Denis\",\"url\":\"https:\\\/\\\/www.sauvegarde93.fr\\\/\",\"logo\":{\"@type\":\"ImageObject\",\"inLanguage\":\"fr-FR\",\"@id\":\"https:\\\/\\\/www.sauvegarde93.fr\\\/#\\\/schema\\\/logo\\\/image\\\/\",\"url\":\"https:\\\/\\\/www.sauvegarde93.fr\\\/wp-content\\\/uploads\\\/2024\\\/04\\\/logo_S93.png\",\"contentUrl\":\"https:\\\/\\\/www.sauvegarde93.fr\\\/wp-content\\\/uploads\\\/2024\\\/04\\\/logo_S93.png\",\"width\":209,\"height\":92,\"caption\":\"Sauvegarde de Seine-Saint-Denis\"},\"image\":{\"@id\":\"https:\\\/\\\/www.sauvegarde93.fr\\\/#\\\/schema\\\/logo\\\/image\\\/\"},\"sameAs\":[\"https:\\\/\\\/www.linkedin.com\\\/company\\\/sauvegarde-de-seine-saint-denis\\\/\"]}]}<\/script>\n<!-- \/ Yoast SEO plugin. -->","yoast_head_json":{"title":"Notre projet associatif et notre projet strat\u00e9gique - Sauvegarde de Seine-Saint-Denis","description":"D\u00e9couvrez le projet associatif de la Sauvegarde 93 Seine Saint Denis association de protection de l'enfance.","robots":{"index":"index","follow":"follow","max-snippet":"max-snippet:-1","max-image-preview":"max-image-preview:large","max-video-preview":"max-video-preview:-1"},"canonical":"https:\/\/www.sauvegarde93.fr\/?page_id=362","og_locale":"fr_FR","og_type":"article","og_title":"Notre projet associatif et notre projet strat\u00e9gique - Sauvegarde de Seine-Saint-Denis","og_description":"D\u00e9couvrez le projet associatif de la Sauvegarde 93 Seine Saint Denis association de protection de l'enfance.","og_url":"https:\/\/www.sauvegarde93.fr\/?page_id=362","og_site_name":"Sauvegarde de Seine-Saint-Denis","article_modified_time":"2026-02-03T15:06:05+00:00","twitter_card":"summary_large_image","twitter_misc":{"Dur\u00e9e de lecture estim\u00e9e":"4 minutes"},"schema":{"@context":"https:\/\/schema.org","@graph":[{"@type":"WebPage","@id":"https:\/\/www.sauvegarde93.fr\/?page_id=362","url":"https:\/\/www.sauvegarde93.fr\/?page_id=362","name":"Notre projet associatif et notre projet strat\u00e9gique - Sauvegarde de Seine-Saint-Denis","isPartOf":{"@id":"https:\/\/www.sauvegarde93.fr\/#website"},"primaryImageOfPage":{"@id":"https:\/\/www.sauvegarde93.fr\/?page_id=362#primaryimage"},"image":{"@id":"https:\/\/www.sauvegarde93.fr\/?page_id=362#primaryimage"},"thumbnailUrl":"","datePublished":"2012-09-07T09:16:43+00:00","dateModified":"2026-02-03T15:06:05+00:00","description":"D\u00e9couvrez le projet associatif de la Sauvegarde 93 Seine Saint Denis association de protection de l'enfance.","breadcrumb":{"@id":"https:\/\/www.sauvegarde93.fr\/?page_id=362#breadcrumb"},"inLanguage":"fr-FR","potentialAction":[{"@type":"ReadAction","target":["https:\/\/www.sauvegarde93.fr\/?page_id=362"]}]},{"@type":"ImageObject","inLanguage":"fr-FR","@id":"https:\/\/www.sauvegarde93.fr\/?page_id=362#primaryimage","url":"","contentUrl":""},{"@type":"BreadcrumbList","@id":"https:\/\/www.sauvegarde93.fr\/?page_id=362#breadcrumb","itemListElement":[{"@type":"ListItem","position":1,"name":"Accueil","item":"https:\/\/www.sauvegarde93.fr\/"},{"@type":"ListItem","position":2,"name":"L&rsquo;association","item":"https:\/\/www.sauvegarde93.fr\/?page_id=1199"},{"@type":"ListItem","position":3,"name":"Notre projet associatif et notre projet strat\u00e9gique"}]},{"@type":"WebSite","@id":"https:\/\/www.sauvegarde93.fr\/#website","url":"https:\/\/www.sauvegarde93.fr\/","name":"Sauvegarde de Seine-Saint-Denis","description":"Association de protection de l\u2019enfance, de l\u2019adolescence et de l\u2019adulte","publisher":{"@id":"https:\/\/www.sauvegarde93.fr\/#organization"},"potentialAction":[{"@type":"SearchAction","target":{"@type":"EntryPoint","urlTemplate":"https:\/\/www.sauvegarde93.fr\/?s={search_term_string}"},"query-input":{"@type":"PropertyValueSpecification","valueRequired":true,"valueName":"search_term_string"}}],"inLanguage":"fr-FR"},{"@type":"Organization","@id":"https:\/\/www.sauvegarde93.fr\/#organization","name":"Sauvegarde de Seine-Saint-Denis","url":"https:\/\/www.sauvegarde93.fr\/","logo":{"@type":"ImageObject","inLanguage":"fr-FR","@id":"https:\/\/www.sauvegarde93.fr\/#\/schema\/logo\/image\/","url":"https:\/\/www.sauvegarde93.fr\/wp-content\/uploads\/2024\/04\/logo_S93.png","contentUrl":"https:\/\/www.sauvegarde93.fr\/wp-content\/uploads\/2024\/04\/logo_S93.png","width":209,"height":92,"caption":"Sauvegarde de Seine-Saint-Denis"},"image":{"@id":"https:\/\/www.sauvegarde93.fr\/#\/schema\/logo\/image\/"},"sameAs":["https:\/\/www.linkedin.com\/company\/sauvegarde-de-seine-saint-denis\/"]}]}},"_links":{"self":[{"href":"https:\/\/www.sauvegarde93.fr\/index.php?rest_route=\/wp\/v2\/pages\/362","targetHints":{"allow":["GET"]}}],"collection":[{"href":"https:\/\/www.sauvegarde93.fr\/index.php?rest_route=\/wp\/v2\/pages"}],"about":[{"href":"https:\/\/www.sauvegarde93.fr\/index.php?rest_route=\/wp\/v2\/types\/page"}],"author":[{"embeddable":true,"href":"https:\/\/www.sauvegarde93.fr\/index.php?rest_route=\/wp\/v2\/users\/2"}],"replies":[{"embeddable":true,"href":"https:\/\/www.sauvegarde93.fr\/index.php?rest_route=%2Fwp%2Fv2%2Fcomments&post=362"}],"version-history":[{"count":21,"href":"https:\/\/www.sauvegarde93.fr\/index.php?rest_route=\/wp\/v2\/pages\/362\/revisions"}],"predecessor-version":[{"id":6485,"href":"https:\/\/www.sauvegarde93.fr\/index.php?rest_route=\/wp\/v2\/pages\/362\/revisions\/6485"}],"up":[{"embeddable":true,"href":"https:\/\/www.sauvegarde93.fr\/index.php?rest_route=\/wp\/v2\/pages\/1199"}],"wp:featuredmedia":[{"embeddable":true,"href":"https:\/\/www.sauvegarde93.fr\/index.php?rest_route=\/"}],"wp:attachment":[{"href":"https:\/\/www.sauvegarde93.fr\/index.php?rest_route=%2Fwp%2Fv2%2Fmedia&parent=362"}],"curies":[{"name":"wp","href":"https:\/\/api.w.org\/{rel}","templated":true}]}}