{"id":371,"date":"2013-07-01T11:50:49","date_gmt":"2013-07-01T11:50:49","guid":{"rendered":"https:\/\/www.sauvegarde93.fr\/?p=371"},"modified":"2026-04-16T07:24:38","modified_gmt":"2026-04-16T07:24:38","slug":"notre-organisation","status":"publish","type":"page","link":"https:\/\/www.sauvegarde93.fr\/?page_id=371","title":{"rendered":"Notre organisation"},"content":{"rendered":"\n<p>La direction et la bonne gouvernance de l\u2019association sont assur\u00e9es par les instances suivantes :<\/p>\n\n\n\n<ul class=\"wp-block-list\">\n<li>un conseil d\u2019administration compos\u00e9 de 11 membres<\/li>\n\n\n\n<li>un comit\u00e9 de direction g\u00e9n\u00e9rale pr\u00e9sent\u00e9 plus bas<\/li>\n\n\n\n<li>un conseil de direction compos\u00e9 de 15 membres<\/li>\n\n\n\n<li>un conseil de direction \u00e9largi compos\u00e9 de 30 membres<\/li>\n\n\n\n<li>un comit\u00e9 \u00e9conomique et financier.<\/li>\n<\/ul>\n\n\n\n<p>Cette organisation nous permet de garantir \u00e0 la fois un fonctionnement d\u00e9mocratique mais aussi de veiller au respect des exigences de nos diff\u00e9rents partenaires et financeurs tout en gardant \u00e0 l&rsquo;esprit la finalit\u00e9 de notre mission de service public.<\/p>\n\n\n\n<h2 class=\"wp-block-heading\">Un conseil d\u2019administration<\/h2>\n\n\n\n<p>Constitu\u00e9 de 11 membres et pr\u00e9sid\u00e9 par Michel COLLADO<br>Il d\u00e9cide les orientations et les strat\u00e9gies n\u00e9cessaires \u00e0 la vie de l\u2019association, entre autres pour la mise en \u0153uvre du projet associatif.<\/p>\n\n\n\n<p><strong>Voir les <a href=\"https:\/\/www.sauvegarde93.fr\/?page_id=334\" data-type=\"page\" data-id=\"334\">Statuts<\/a> de l\u2019association<\/strong><\/p>\n\n\n\n<h2 class=\"wp-block-heading\">Un comit\u00e9 de direction g\u00e9n\u00e9rale<\/h2>\n\n\n\n<p>Il r\u00e9unit chaque semaine la directrice g\u00e9n\u00e9rale, la directrice des services, de l&rsquo;activit\u00e9 et du d\u00e9veloppement, la directrice des ressources humaines et le directeur administratif et financier.<br>Il d\u00e9cide, coordonne et contr\u00f4le la mise en \u0153uvre des actions associatives.<\/p>\n\n\n\n<ul class=\"wp-block-list\">\n<li>Directrice g\u00e9n\u00e9rale : <strong><a href=\"https:\/\/www.linkedin.com\/in\/l\u00e9a-jeannin-44143b29\/\">L\u00e9a JEANNIN<\/a><\/strong><\/li>\n\n\n\n<li>Directrice des Ressources Humaines : <strong><a href=\"https:\/\/www.linkedin.com\/in\/sonia-maria-13908a14?miniProfileUrn=urn%3Ali%3Afs_miniProfile%3AACoAAALbzD0B2bF8DybUiVsurQb3s0EKqaJ0SN4&amp;lipi=urn%3Ali%3Apage%3Ad_flagship3_search_srp_all%3BHWQuEzdHQ7GwKtWOzLx0Xg%3D%3D\">Sonia MARIA<\/a><\/strong><\/li>\n\n\n\n<li>Responsable Financier : <strong><a href=\"https:\/\/www.linkedin.com\/in\/fran%C3%A7ois-prince-24571744\/overlay\/about-this-profile\/?lipi=urn%3Ali%3Apage%3Ad_flagship3_profile_view_base%3BxVxk14efQMa5VXTTMGdFtA%3D%3D\">Fran\u00e7ois PRINCE<\/a><\/strong><\/li>\n\n\n\n<li>Responsable des moyens g\u00e9n\u00e9raux et des syst\u00e8mes d&rsquo;information : <strong><a href=\"https:\/\/www.linkedin.com\/in\/bilitis-lenormand-891b46144?miniProfileUrn=urn%3Ali%3Afs_miniProfile%3AACoAACMNdW0BULeU5BYLAJoXuZZ8vnJSR0x8Rks&amp;lipi=urn%3Ali%3Apage%3Ad_flagship3_search_srp_all%3BswAcN%2FrTTRGeKbPQexCp6w%3D%3D\">Bilitis LENORMAND<\/a><\/strong><\/li>\n\n\n\n<li>Assistante de direction et en charge de la communication : <a href=\"https:\/\/www.linkedin.com\/in\/nathalie-de-pacht%C3%A8re-0b0615a6\/?lipi=urn%3Ali%3Apage%3Ad_flagship3_feed%3BSVc8etHNR6acwsWzjgTAlA%3D%3D\"><strong>Nathalie DE PACHTERE<\/strong><\/a><\/li>\n<\/ul>\n\n\n\n<h2 class=\"wp-block-heading\">Un conseil de direction<\/h2>\n\n\n\n<p>Compos\u00e9 de 15 membres (directeurs et responsables \u00e0 la Direction g\u00e9n\u00e9rale) et pr\u00e9sid\u00e9 par la directrice g\u00e9n\u00e9rale.<br>Il d\u00e9cide et contr\u00f4le les modalit\u00e9s de mise en \u0153uvre des orientations associatives.<\/p>\n\n\n\n<h2 class=\"wp-block-heading\">Un conseil de direction \u00e9largi<\/h2>\n\n\n\n<p>Compos\u00e9 de 30 membres (directeurs, responsables \u00e0 la Direction g\u00e9n\u00e9rale et chefs de service) et pr\u00e9sid\u00e9 par la directrice g\u00e9n\u00e9rale.<br>Il pilote la mise en \u0153uvre op\u00e9rationnelle des orientations associatives au niveau des services.<\/p>\n\n\n\n<figure class=\"wp-block-image size-full\"><img loading=\"lazy\" decoding=\"async\" width=\"1024\" height=\"768\" src=\"https:\/\/www.sauvegarde93.fr\/wp-content\/uploads\/2026\/04\/DIRIGEANCE-Sauvegarde-de-Seine-Saint-Denis-v.Avril26.png\" alt=\"\" class=\"wp-image-7027\" srcset=\"https:\/\/www.sauvegarde93.fr\/wp-content\/uploads\/2026\/04\/DIRIGEANCE-Sauvegarde-de-Seine-Saint-Denis-v.Avril26.png 1024w, https:\/\/www.sauvegarde93.fr\/wp-content\/uploads\/2026\/04\/DIRIGEANCE-Sauvegarde-de-Seine-Saint-Denis-v.Avril26-300x225.png 300w, https:\/\/www.sauvegarde93.fr\/wp-content\/uploads\/2026\/04\/DIRIGEANCE-Sauvegarde-de-Seine-Saint-Denis-v.Avril26-768x576.png 768w\" sizes=\"auto, (max-width: 1024px) 100vw, 1024px\" \/><\/figure>\n","protected":false},"excerpt":{"rendered":"<p>La direction et la bonne gouvernance de l\u2019association sont assur\u00e9es par les instances suivantes : Cette organisation nous permet de garantir \u00e0 la fois un fonctionnement d\u00e9mocratique mais aussi de veiller au respect des exigences de nos diff\u00e9rents partenaires et financeurs tout en gardant \u00e0 l&rsquo;esprit la finalit\u00e9 de notre mission de service public. Un &#8230; <a title=\"Notre organisation\" class=\"read-more\" href=\"https:\/\/www.sauvegarde93.fr\/?page_id=371\" aria-label=\"En savoir plus sur Notre organisation\">Lire la suite<\/a><\/p>\n","protected":false},"author":2,"featured_media":0,"parent":1199,"menu_order":0,"comment_status":"closed","ping_status":"open","template":"","meta":{"_acf_changed":false,"footnotes":""},"class_list":["post-371","page","type-page","status-publish"],"acf":[],"yoast_head":"<!-- This site is optimized with the Yoast SEO plugin v27.3 - https:\/\/yoast.com\/product\/yoast-seo-wordpress\/ -->\n<title>Notre organisation - Sauvegarde de Seine-Saint-Denis<\/title>\n<meta name=\"description\" content=\"Organisation association Sauvegarde 93 Seine Saint Denis, protection de l&#039;enfance. Pr\u00e9sentation de l&#039;association.\" \/>\n<meta name=\"robots\" content=\"index, follow, max-snippet:-1, max-image-preview:large, max-video-preview:-1\" \/>\n<link rel=\"canonical\" href=\"https:\/\/www.sauvegarde93.fr\/?page_id=371\" \/>\n<meta property=\"og:locale\" content=\"fr_FR\" \/>\n<meta property=\"og:type\" content=\"article\" \/>\n<meta property=\"og:title\" content=\"Notre organisation - Sauvegarde de Seine-Saint-Denis\" \/>\n<meta property=\"og:description\" content=\"Organisation association Sauvegarde 93 Seine Saint Denis, protection de l&#039;enfance. Pr\u00e9sentation de l&#039;association.\" \/>\n<meta property=\"og:url\" content=\"https:\/\/www.sauvegarde93.fr\/?page_id=371\" \/>\n<meta property=\"og:site_name\" content=\"Sauvegarde de Seine-Saint-Denis\" \/>\n<meta property=\"article:modified_time\" content=\"2026-04-16T07:24:38+00:00\" \/>\n<meta property=\"og:image\" content=\"https:\/\/www.sauvegarde93.fr\/wp-content\/uploads\/2026\/04\/DIRIGEANCE-Sauvegarde-de-Seine-Saint-Denis-v.Avril26.png\" \/>\n\t<meta property=\"og:image:width\" content=\"1024\" \/>\n\t<meta property=\"og:image:height\" content=\"768\" \/>\n\t<meta property=\"og:image:type\" content=\"image\/png\" \/>\n<meta name=\"twitter:card\" content=\"summary_large_image\" \/>\n<meta name=\"twitter:label1\" content=\"Dur\u00e9e de lecture estim\u00e9e\" \/>\n\t<meta name=\"twitter:data1\" content=\"2 minutes\" \/>\n<script type=\"application\/ld+json\" class=\"yoast-schema-graph\">{\"@context\":\"https:\\\/\\\/schema.org\",\"@graph\":[{\"@type\":\"WebPage\",\"@id\":\"https:\\\/\\\/www.sauvegarde93.fr\\\/?page_id=371\",\"url\":\"https:\\\/\\\/www.sauvegarde93.fr\\\/?page_id=371\",\"name\":\"Notre organisation - Sauvegarde de Seine-Saint-Denis\",\"isPartOf\":{\"@id\":\"https:\\\/\\\/www.sauvegarde93.fr\\\/#website\"},\"primaryImageOfPage\":{\"@id\":\"https:\\\/\\\/www.sauvegarde93.fr\\\/?page_id=371#primaryimage\"},\"image\":{\"@id\":\"https:\\\/\\\/www.sauvegarde93.fr\\\/?page_id=371#primaryimage\"},\"thumbnailUrl\":\"https:\\\/\\\/www.sauvegarde93.fr\\\/wp-content\\\/uploads\\\/2026\\\/04\\\/DIRIGEANCE-Sauvegarde-de-Seine-Saint-Denis-v.Avril26.png\",\"datePublished\":\"2013-07-01T11:50:49+00:00\",\"dateModified\":\"2026-04-16T07:24:38+00:00\",\"description\":\"Organisation association Sauvegarde 93 Seine Saint Denis, protection de l'enfance. Pr\u00e9sentation de l'association.\",\"breadcrumb\":{\"@id\":\"https:\\\/\\\/www.sauvegarde93.fr\\\/?page_id=371#breadcrumb\"},\"inLanguage\":\"fr-FR\",\"potentialAction\":[{\"@type\":\"ReadAction\",\"target\":[\"https:\\\/\\\/www.sauvegarde93.fr\\\/?page_id=371\"]}]},{\"@type\":\"ImageObject\",\"inLanguage\":\"fr-FR\",\"@id\":\"https:\\\/\\\/www.sauvegarde93.fr\\\/?page_id=371#primaryimage\",\"url\":\"https:\\\/\\\/www.sauvegarde93.fr\\\/wp-content\\\/uploads\\\/2026\\\/04\\\/DIRIGEANCE-Sauvegarde-de-Seine-Saint-Denis-v.Avril26.png\",\"contentUrl\":\"https:\\\/\\\/www.sauvegarde93.fr\\\/wp-content\\\/uploads\\\/2026\\\/04\\\/DIRIGEANCE-Sauvegarde-de-Seine-Saint-Denis-v.Avril26.png\",\"width\":1024,\"height\":768},{\"@type\":\"BreadcrumbList\",\"@id\":\"https:\\\/\\\/www.sauvegarde93.fr\\\/?page_id=371#breadcrumb\",\"itemListElement\":[{\"@type\":\"ListItem\",\"position\":1,\"name\":\"Accueil\",\"item\":\"https:\\\/\\\/www.sauvegarde93.fr\\\/\"},{\"@type\":\"ListItem\",\"position\":2,\"name\":\"L&rsquo;association\",\"item\":\"https:\\\/\\\/www.sauvegarde93.fr\\\/?page_id=1199\"},{\"@type\":\"ListItem\",\"position\":3,\"name\":\"Notre organisation\"}]},{\"@type\":\"WebSite\",\"@id\":\"https:\\\/\\\/www.sauvegarde93.fr\\\/#website\",\"url\":\"https:\\\/\\\/www.sauvegarde93.fr\\\/\",\"name\":\"Sauvegarde de Seine-Saint-Denis\",\"description\":\"Association de protection de l\u2019enfance, de l\u2019adolescence et de l\u2019adulte\",\"publisher\":{\"@id\":\"https:\\\/\\\/www.sauvegarde93.fr\\\/#organization\"},\"potentialAction\":[{\"@type\":\"SearchAction\",\"target\":{\"@type\":\"EntryPoint\",\"urlTemplate\":\"https:\\\/\\\/www.sauvegarde93.fr\\\/?s={search_term_string}\"},\"query-input\":{\"@type\":\"PropertyValueSpecification\",\"valueRequired\":true,\"valueName\":\"search_term_string\"}}],\"inLanguage\":\"fr-FR\"},{\"@type\":\"Organization\",\"@id\":\"https:\\\/\\\/www.sauvegarde93.fr\\\/#organization\",\"name\":\"Sauvegarde de Seine-Saint-Denis\",\"url\":\"https:\\\/\\\/www.sauvegarde93.fr\\\/\",\"logo\":{\"@type\":\"ImageObject\",\"inLanguage\":\"fr-FR\",\"@id\":\"https:\\\/\\\/www.sauvegarde93.fr\\\/#\\\/schema\\\/logo\\\/image\\\/\",\"url\":\"https:\\\/\\\/www.sauvegarde93.fr\\\/wp-content\\\/uploads\\\/2024\\\/04\\\/logo_S93.png\",\"contentUrl\":\"https:\\\/\\\/www.sauvegarde93.fr\\\/wp-content\\\/uploads\\\/2024\\\/04\\\/logo_S93.png\",\"width\":209,\"height\":92,\"caption\":\"Sauvegarde de Seine-Saint-Denis\"},\"image\":{\"@id\":\"https:\\\/\\\/www.sauvegarde93.fr\\\/#\\\/schema\\\/logo\\\/image\\\/\"},\"sameAs\":[\"https:\\\/\\\/www.linkedin.com\\\/company\\\/sauvegarde-de-seine-saint-denis\\\/\"]}]}<\/script>\n<!-- \/ Yoast SEO plugin. -->","yoast_head_json":{"title":"Notre organisation - Sauvegarde de Seine-Saint-Denis","description":"Organisation association Sauvegarde 93 Seine Saint Denis, protection de l'enfance. Pr\u00e9sentation de l'association.","robots":{"index":"index","follow":"follow","max-snippet":"max-snippet:-1","max-image-preview":"max-image-preview:large","max-video-preview":"max-video-preview:-1"},"canonical":"https:\/\/www.sauvegarde93.fr\/?page_id=371","og_locale":"fr_FR","og_type":"article","og_title":"Notre organisation - Sauvegarde de Seine-Saint-Denis","og_description":"Organisation association Sauvegarde 93 Seine Saint Denis, protection de l'enfance. Pr\u00e9sentation de l'association.","og_url":"https:\/\/www.sauvegarde93.fr\/?page_id=371","og_site_name":"Sauvegarde de Seine-Saint-Denis","article_modified_time":"2026-04-16T07:24:38+00:00","og_image":[{"width":1024,"height":768,"url":"https:\/\/www.sauvegarde93.fr\/wp-content\/uploads\/2026\/04\/DIRIGEANCE-Sauvegarde-de-Seine-Saint-Denis-v.Avril26.png","type":"image\/png"}],"twitter_card":"summary_large_image","twitter_misc":{"Dur\u00e9e de lecture estim\u00e9e":"2 minutes"},"schema":{"@context":"https:\/\/schema.org","@graph":[{"@type":"WebPage","@id":"https:\/\/www.sauvegarde93.fr\/?page_id=371","url":"https:\/\/www.sauvegarde93.fr\/?page_id=371","name":"Notre organisation - Sauvegarde de Seine-Saint-Denis","isPartOf":{"@id":"https:\/\/www.sauvegarde93.fr\/#website"},"primaryImageOfPage":{"@id":"https:\/\/www.sauvegarde93.fr\/?page_id=371#primaryimage"},"image":{"@id":"https:\/\/www.sauvegarde93.fr\/?page_id=371#primaryimage"},"thumbnailUrl":"https:\/\/www.sauvegarde93.fr\/wp-content\/uploads\/2026\/04\/DIRIGEANCE-Sauvegarde-de-Seine-Saint-Denis-v.Avril26.png","datePublished":"2013-07-01T11:50:49+00:00","dateModified":"2026-04-16T07:24:38+00:00","description":"Organisation association Sauvegarde 93 Seine Saint Denis, protection de l'enfance. Pr\u00e9sentation de l'association.","breadcrumb":{"@id":"https:\/\/www.sauvegarde93.fr\/?page_id=371#breadcrumb"},"inLanguage":"fr-FR","potentialAction":[{"@type":"ReadAction","target":["https:\/\/www.sauvegarde93.fr\/?page_id=371"]}]},{"@type":"ImageObject","inLanguage":"fr-FR","@id":"https:\/\/www.sauvegarde93.fr\/?page_id=371#primaryimage","url":"https:\/\/www.sauvegarde93.fr\/wp-content\/uploads\/2026\/04\/DIRIGEANCE-Sauvegarde-de-Seine-Saint-Denis-v.Avril26.png","contentUrl":"https:\/\/www.sauvegarde93.fr\/wp-content\/uploads\/2026\/04\/DIRIGEANCE-Sauvegarde-de-Seine-Saint-Denis-v.Avril26.png","width":1024,"height":768},{"@type":"BreadcrumbList","@id":"https:\/\/www.sauvegarde93.fr\/?page_id=371#breadcrumb","itemListElement":[{"@type":"ListItem","position":1,"name":"Accueil","item":"https:\/\/www.sauvegarde93.fr\/"},{"@type":"ListItem","position":2,"name":"L&rsquo;association","item":"https:\/\/www.sauvegarde93.fr\/?page_id=1199"},{"@type":"ListItem","position":3,"name":"Notre organisation"}]},{"@type":"WebSite","@id":"https:\/\/www.sauvegarde93.fr\/#website","url":"https:\/\/www.sauvegarde93.fr\/","name":"Sauvegarde de Seine-Saint-Denis","description":"Association de protection de l\u2019enfance, de l\u2019adolescence et de l\u2019adulte","publisher":{"@id":"https:\/\/www.sauvegarde93.fr\/#organization"},"potentialAction":[{"@type":"SearchAction","target":{"@type":"EntryPoint","urlTemplate":"https:\/\/www.sauvegarde93.fr\/?s={search_term_string}"},"query-input":{"@type":"PropertyValueSpecification","valueRequired":true,"valueName":"search_term_string"}}],"inLanguage":"fr-FR"},{"@type":"Organization","@id":"https:\/\/www.sauvegarde93.fr\/#organization","name":"Sauvegarde de Seine-Saint-Denis","url":"https:\/\/www.sauvegarde93.fr\/","logo":{"@type":"ImageObject","inLanguage":"fr-FR","@id":"https:\/\/www.sauvegarde93.fr\/#\/schema\/logo\/image\/","url":"https:\/\/www.sauvegarde93.fr\/wp-content\/uploads\/2024\/04\/logo_S93.png","contentUrl":"https:\/\/www.sauvegarde93.fr\/wp-content\/uploads\/2024\/04\/logo_S93.png","width":209,"height":92,"caption":"Sauvegarde de Seine-Saint-Denis"},"image":{"@id":"https:\/\/www.sauvegarde93.fr\/#\/schema\/logo\/image\/"},"sameAs":["https:\/\/www.linkedin.com\/company\/sauvegarde-de-seine-saint-denis\/"]}]}},"_links":{"self":[{"href":"https:\/\/www.sauvegarde93.fr\/index.php?rest_route=\/wp\/v2\/pages\/371","targetHints":{"allow":["GET"]}}],"collection":[{"href":"https:\/\/www.sauvegarde93.fr\/index.php?rest_route=\/wp\/v2\/pages"}],"about":[{"href":"https:\/\/www.sauvegarde93.fr\/index.php?rest_route=\/wp\/v2\/types\/page"}],"author":[{"embeddable":true,"href":"https:\/\/www.sauvegarde93.fr\/index.php?rest_route=\/wp\/v2\/users\/2"}],"replies":[{"embeddable":true,"href":"https:\/\/www.sauvegarde93.fr\/index.php?rest_route=%2Fwp%2Fv2%2Fcomments&post=371"}],"version-history":[{"count":28,"href":"https:\/\/www.sauvegarde93.fr\/index.php?rest_route=\/wp\/v2\/pages\/371\/revisions"}],"predecessor-version":[{"id":7028,"href":"https:\/\/www.sauvegarde93.fr\/index.php?rest_route=\/wp\/v2\/pages\/371\/revisions\/7028"}],"up":[{"embeddable":true,"href":"https:\/\/www.sauvegarde93.fr\/index.php?rest_route=\/wp\/v2\/pages\/1199"}],"wp:attachment":[{"href":"https:\/\/www.sauvegarde93.fr\/index.php?rest_route=%2Fwp%2Fv2%2Fmedia&parent=371"}],"curies":[{"name":"wp","href":"https:\/\/api.w.org\/{rel}","templated":true}]}}