{"id":374,"date":"2012-09-07T09:16:29","date_gmt":"2012-09-07T09:16:29","guid":{"rendered":"https:\/\/www.sauvegarde93.fr\/?p=374"},"modified":"2026-01-30T09:23:33","modified_gmt":"2026-01-30T09:23:33","slug":"direction-generale","status":"publish","type":"page","link":"https:\/\/www.sauvegarde93.fr\/?page_id=374","title":{"rendered":"Direction G\u00e9n\u00e9rale"},"content":{"rendered":"\n<p class=\"post_excerpt\">Au service de tous les p\u00f4les d\u2019activit\u00e9 de la Sauvegarde de Seine-Saint-Denis, la Direction Generale assure cinq fonctions :<\/p>\n\n\n\n<h3 class=\"wp-block-heading\"><strong>L&rsquo;animation de la politique g\u00e9n\u00e9rale<\/strong><\/h3>\n\n\n\n<p>La Direction G\u00e9n\u00e9rale pilote et anime la politique g\u00e9n\u00e9rale de l\u2019association, en veillant \u00e0 ce que les orientations du projet associatif soient pleinement respect\u00e9es et mises en \u0153uvre. Cet engagement inclut une r\u00e9flexion constante pour adapter l\u2019organisation interne aux \u00e9volutions des besoins, tout en optimisant les ressources humaines et financi\u00e8res disponibles.<\/p>\n\n\n\n<h3 class=\"wp-block-heading\"><strong>La coordination des \u00e9quipes<\/strong><\/h3>\n\n\n\n<p>Afin de garantir la coh\u00e9rence et l\u2019harmonie du fonctionnement interne, la Direction G\u00e9n\u00e9rale joue un r\u00f4le cl\u00e9 dans la coordination des \u00e9quipes. Cela permet de fluidifier les \u00e9changes, de favoriser une collaboration transversale efficace et d\u2019assurer une continuit\u00e9 dans les actions men\u00e9es au sein des diff\u00e9rents p\u00f4les d\u2019activit\u00e9.<\/p>\n\n\n\n<h3 class=\"wp-block-heading\"><strong>Le contr\u00f4le des processus et proc\u00e9dures<\/strong><\/h3>\n\n\n\n<p>Dans un souci de rigueur et de performance, la Direction G\u00e9n\u00e9rale supervise les processus de travail et veille au respect des proc\u00e9dures \u00e9tablies. Cette mission inclut une gestion financi\u00e8re et administrative s\u00e9curis\u00e9e, soutenue par des outils de contr\u00f4le de gestion, d\u2019\u00e9valuation et d\u2019analyse. L\u2019objectif est d\u2019optimiser en permanence le rapport entre les moyens mis en \u0153uvre et les actions r\u00e9alis\u00e9es.<\/p>\n\n\n\n<h3 class=\"wp-block-heading\"><strong>Le conseil et le soutien technique<\/strong><\/h3>\n\n\n\n<p>La Direction G\u00e9n\u00e9rale accompagne \u00e9galement les directeurs de service en leur apportant un soutien technique indispensable dans plusieurs domaines : gestion du personnel, gestion administrative et financi\u00e8re, ainsi que dans la conduite des projets. Cet appui garantit une prise de d\u00e9cision \u00e9clair\u00e9e et une gestion efficace des diff\u00e9rentes responsabilit\u00e9s.<\/p>\n\n\n\n<h3 class=\"wp-block-heading\"><strong>La repr\u00e9sentation de l\u2019association<\/strong><\/h3>\n\n\n\n<p>Enfin, la Direction G\u00e9n\u00e9rale repr\u00e9sente l\u2019association aupr\u00e8s des institutions politiques, administratives, ainsi que des f\u00e9d\u00e9rations et syndicats op\u00e9rant dans son champ d\u2019intervention. Cette mission de repr\u00e9sentation est essentielle pour porter les valeurs et les objectifs de l\u2019association, d\u00e9fendre ses int\u00e9r\u00eats, et renforcer son positionnement dans le paysage institutionnel et associatif.<\/p>\n\n\n\n<p>Ainsi, par ses cinq fonctions fondamentales, la Direction G\u00e9n\u00e9rale constitue un pilier essentiel pour assurer la coh\u00e9sion, la strat\u00e9gie et la p\u00e9rennit\u00e9 des actions men\u00e9es par la Sauvegarde de Seine-Saint-Denis.<\/p>\n\n\n\n<p>Elle comprend 15 personnes en charge des activit\u00e9s de direction generale (vie associative, communication, administration, finances, ressources humaines, salaires, formation, informatique, entretien, \u00e9conomat\u2026) et travail en \u00e9troite collaboration avec le <a href=\"https:\/\/www.sauvegarde93.fr\/?page_id=2378\">conseil d&rsquo;administration<\/a> mais aussi son principal financeur : le <a href=\"https:\/\/seinesaintdenis.fr\/\">conseil d\u00e9partemental du 93.<\/a><\/p>\n\n\n<div class=\"wp-block-image\">\n<figure class=\"aligncenter size-full\"><img decoding=\"async\" src=\"https:\/\/www.sauvegarde93.fr\/wp-content\/uploads\/2025\/12\/Organigramme-par-poles-Sauvegarde-de-Seine-Saint-Denis-Dec25-1.png\" alt=\"\" class=\"wp-image-6151\"\/><\/figure>\n<\/div>","protected":false},"excerpt":{"rendered":"<p>Au service de tous les p\u00f4les d\u2019activit\u00e9 de la Sauvegarde de Seine-Saint-Denis, la Direction Generale assure cinq fonctions : L&rsquo;animation de la politique g\u00e9n\u00e9rale La Direction G\u00e9n\u00e9rale pilote et anime la politique g\u00e9n\u00e9rale de l\u2019association, en veillant \u00e0 ce que les orientations du projet associatif soient pleinement respect\u00e9es et mises en \u0153uvre. Cet engagement inclut &#8230; <a title=\"Direction G\u00e9n\u00e9rale\" class=\"read-more\" href=\"https:\/\/www.sauvegarde93.fr\/?page_id=374\" aria-label=\"En savoir plus sur Direction G\u00e9n\u00e9rale\">Lire la suite<\/a><\/p>\n","protected":false},"author":2,"featured_media":373,"parent":0,"menu_order":0,"comment_status":"closed","ping_status":"open","template":"","meta":{"_acf_changed":false,"footnotes":""},"class_list":["post-374","page","type-page","status-publish","has-post-thumbnail"],"acf":[],"yoast_head":"<!-- This site is optimized with the Yoast SEO plugin v27.3 - https:\/\/yoast.com\/product\/yoast-seo-wordpress\/ -->\n<title>Direction generale - Sauvegarde de Seine-Saint-Denis<\/title>\n<meta name=\"description\" content=\"Pr\u00e9sentation de la direction generale Sauvegarde 93 seine saint denis, association de protection de l&#039;enfance\" \/>\n<meta name=\"robots\" content=\"index, follow, max-snippet:-1, max-image-preview:large, max-video-preview:-1\" \/>\n<link rel=\"canonical\" href=\"https:\/\/www.sauvegarde93.fr\/?page_id=374\" \/>\n<meta property=\"og:locale\" content=\"fr_FR\" \/>\n<meta property=\"og:type\" content=\"article\" \/>\n<meta property=\"og:title\" content=\"Direction generale - Sauvegarde de Seine-Saint-Denis\" \/>\n<meta property=\"og:description\" content=\"Pr\u00e9sentation de la direction generale Sauvegarde 93 seine saint denis, association de protection de l&#039;enfance\" \/>\n<meta property=\"og:url\" content=\"https:\/\/www.sauvegarde93.fr\/?page_id=374\" \/>\n<meta property=\"og:site_name\" content=\"Sauvegarde de Seine-Saint-Denis\" \/>\n<meta property=\"article:modified_time\" content=\"2026-01-30T09:23:33+00:00\" \/>\n<meta name=\"twitter:card\" content=\"summary_large_image\" \/>\n<meta name=\"twitter:label1\" content=\"Dur\u00e9e de lecture estim\u00e9e\" \/>\n\t<meta name=\"twitter:data1\" content=\"3 minutes\" \/>\n<script type=\"application\/ld+json\" class=\"yoast-schema-graph\">{\"@context\":\"https:\\\/\\\/schema.org\",\"@graph\":[{\"@type\":\"WebPage\",\"@id\":\"https:\\\/\\\/www.sauvegarde93.fr\\\/?page_id=374\",\"url\":\"https:\\\/\\\/www.sauvegarde93.fr\\\/?page_id=374\",\"name\":\"Direction generale - Sauvegarde de Seine-Saint-Denis\",\"isPartOf\":{\"@id\":\"https:\\\/\\\/www.sauvegarde93.fr\\\/#website\"},\"primaryImageOfPage\":{\"@id\":\"https:\\\/\\\/www.sauvegarde93.fr\\\/?page_id=374#primaryimage\"},\"image\":{\"@id\":\"https:\\\/\\\/www.sauvegarde93.fr\\\/?page_id=374#primaryimage\"},\"thumbnailUrl\":\"\",\"datePublished\":\"2012-09-07T09:16:29+00:00\",\"dateModified\":\"2026-01-30T09:23:33+00:00\",\"description\":\"Pr\u00e9sentation de la direction generale Sauvegarde 93 seine saint denis, association de protection de l'enfance\",\"breadcrumb\":{\"@id\":\"https:\\\/\\\/www.sauvegarde93.fr\\\/?page_id=374#breadcrumb\"},\"inLanguage\":\"fr-FR\",\"potentialAction\":[{\"@type\":\"ReadAction\",\"target\":[\"https:\\\/\\\/www.sauvegarde93.fr\\\/?page_id=374\"]}]},{\"@type\":\"ImageObject\",\"inLanguage\":\"fr-FR\",\"@id\":\"https:\\\/\\\/www.sauvegarde93.fr\\\/?page_id=374#primaryimage\",\"url\":\"\",\"contentUrl\":\"\"},{\"@type\":\"BreadcrumbList\",\"@id\":\"https:\\\/\\\/www.sauvegarde93.fr\\\/?page_id=374#breadcrumb\",\"itemListElement\":[{\"@type\":\"ListItem\",\"position\":1,\"name\":\"Accueil\",\"item\":\"https:\\\/\\\/www.sauvegarde93.fr\\\/\"},{\"@type\":\"ListItem\",\"position\":2,\"name\":\"Direction G\u00e9n\u00e9rale\"}]},{\"@type\":\"WebSite\",\"@id\":\"https:\\\/\\\/www.sauvegarde93.fr\\\/#website\",\"url\":\"https:\\\/\\\/www.sauvegarde93.fr\\\/\",\"name\":\"Sauvegarde de Seine-Saint-Denis\",\"description\":\"Association de protection de l\u2019enfance, de l\u2019adolescence et de l\u2019adulte\",\"publisher\":{\"@id\":\"https:\\\/\\\/www.sauvegarde93.fr\\\/#organization\"},\"potentialAction\":[{\"@type\":\"SearchAction\",\"target\":{\"@type\":\"EntryPoint\",\"urlTemplate\":\"https:\\\/\\\/www.sauvegarde93.fr\\\/?s={search_term_string}\"},\"query-input\":{\"@type\":\"PropertyValueSpecification\",\"valueRequired\":true,\"valueName\":\"search_term_string\"}}],\"inLanguage\":\"fr-FR\"},{\"@type\":\"Organization\",\"@id\":\"https:\\\/\\\/www.sauvegarde93.fr\\\/#organization\",\"name\":\"Sauvegarde de Seine-Saint-Denis\",\"url\":\"https:\\\/\\\/www.sauvegarde93.fr\\\/\",\"logo\":{\"@type\":\"ImageObject\",\"inLanguage\":\"fr-FR\",\"@id\":\"https:\\\/\\\/www.sauvegarde93.fr\\\/#\\\/schema\\\/logo\\\/image\\\/\",\"url\":\"https:\\\/\\\/www.sauvegarde93.fr\\\/wp-content\\\/uploads\\\/2024\\\/04\\\/logo_S93.png\",\"contentUrl\":\"https:\\\/\\\/www.sauvegarde93.fr\\\/wp-content\\\/uploads\\\/2024\\\/04\\\/logo_S93.png\",\"width\":209,\"height\":92,\"caption\":\"Sauvegarde de Seine-Saint-Denis\"},\"image\":{\"@id\":\"https:\\\/\\\/www.sauvegarde93.fr\\\/#\\\/schema\\\/logo\\\/image\\\/\"},\"sameAs\":[\"https:\\\/\\\/www.linkedin.com\\\/company\\\/sauvegarde-de-seine-saint-denis\\\/\"]}]}<\/script>\n<!-- \/ Yoast SEO plugin. -->","yoast_head_json":{"title":"Direction generale - Sauvegarde de Seine-Saint-Denis","description":"Pr\u00e9sentation de la direction generale Sauvegarde 93 seine saint denis, association de protection de l'enfance","robots":{"index":"index","follow":"follow","max-snippet":"max-snippet:-1","max-image-preview":"max-image-preview:large","max-video-preview":"max-video-preview:-1"},"canonical":"https:\/\/www.sauvegarde93.fr\/?page_id=374","og_locale":"fr_FR","og_type":"article","og_title":"Direction generale - Sauvegarde de Seine-Saint-Denis","og_description":"Pr\u00e9sentation de la direction generale Sauvegarde 93 seine saint denis, association de protection de l'enfance","og_url":"https:\/\/www.sauvegarde93.fr\/?page_id=374","og_site_name":"Sauvegarde de Seine-Saint-Denis","article_modified_time":"2026-01-30T09:23:33+00:00","twitter_card":"summary_large_image","twitter_misc":{"Dur\u00e9e de lecture estim\u00e9e":"3 minutes"},"schema":{"@context":"https:\/\/schema.org","@graph":[{"@type":"WebPage","@id":"https:\/\/www.sauvegarde93.fr\/?page_id=374","url":"https:\/\/www.sauvegarde93.fr\/?page_id=374","name":"Direction generale - Sauvegarde de Seine-Saint-Denis","isPartOf":{"@id":"https:\/\/www.sauvegarde93.fr\/#website"},"primaryImageOfPage":{"@id":"https:\/\/www.sauvegarde93.fr\/?page_id=374#primaryimage"},"image":{"@id":"https:\/\/www.sauvegarde93.fr\/?page_id=374#primaryimage"},"thumbnailUrl":"","datePublished":"2012-09-07T09:16:29+00:00","dateModified":"2026-01-30T09:23:33+00:00","description":"Pr\u00e9sentation de la direction generale Sauvegarde 93 seine saint denis, association de protection de l'enfance","breadcrumb":{"@id":"https:\/\/www.sauvegarde93.fr\/?page_id=374#breadcrumb"},"inLanguage":"fr-FR","potentialAction":[{"@type":"ReadAction","target":["https:\/\/www.sauvegarde93.fr\/?page_id=374"]}]},{"@type":"ImageObject","inLanguage":"fr-FR","@id":"https:\/\/www.sauvegarde93.fr\/?page_id=374#primaryimage","url":"","contentUrl":""},{"@type":"BreadcrumbList","@id":"https:\/\/www.sauvegarde93.fr\/?page_id=374#breadcrumb","itemListElement":[{"@type":"ListItem","position":1,"name":"Accueil","item":"https:\/\/www.sauvegarde93.fr\/"},{"@type":"ListItem","position":2,"name":"Direction G\u00e9n\u00e9rale"}]},{"@type":"WebSite","@id":"https:\/\/www.sauvegarde93.fr\/#website","url":"https:\/\/www.sauvegarde93.fr\/","name":"Sauvegarde de Seine-Saint-Denis","description":"Association de protection de l\u2019enfance, de l\u2019adolescence et de l\u2019adulte","publisher":{"@id":"https:\/\/www.sauvegarde93.fr\/#organization"},"potentialAction":[{"@type":"SearchAction","target":{"@type":"EntryPoint","urlTemplate":"https:\/\/www.sauvegarde93.fr\/?s={search_term_string}"},"query-input":{"@type":"PropertyValueSpecification","valueRequired":true,"valueName":"search_term_string"}}],"inLanguage":"fr-FR"},{"@type":"Organization","@id":"https:\/\/www.sauvegarde93.fr\/#organization","name":"Sauvegarde de Seine-Saint-Denis","url":"https:\/\/www.sauvegarde93.fr\/","logo":{"@type":"ImageObject","inLanguage":"fr-FR","@id":"https:\/\/www.sauvegarde93.fr\/#\/schema\/logo\/image\/","url":"https:\/\/www.sauvegarde93.fr\/wp-content\/uploads\/2024\/04\/logo_S93.png","contentUrl":"https:\/\/www.sauvegarde93.fr\/wp-content\/uploads\/2024\/04\/logo_S93.png","width":209,"height":92,"caption":"Sauvegarde de Seine-Saint-Denis"},"image":{"@id":"https:\/\/www.sauvegarde93.fr\/#\/schema\/logo\/image\/"},"sameAs":["https:\/\/www.linkedin.com\/company\/sauvegarde-de-seine-saint-denis\/"]}]}},"_links":{"self":[{"href":"https:\/\/www.sauvegarde93.fr\/index.php?rest_route=\/wp\/v2\/pages\/374","targetHints":{"allow":["GET"]}}],"collection":[{"href":"https:\/\/www.sauvegarde93.fr\/index.php?rest_route=\/wp\/v2\/pages"}],"about":[{"href":"https:\/\/www.sauvegarde93.fr\/index.php?rest_route=\/wp\/v2\/types\/page"}],"author":[{"embeddable":true,"href":"https:\/\/www.sauvegarde93.fr\/index.php?rest_route=\/wp\/v2\/users\/2"}],"replies":[{"embeddable":true,"href":"https:\/\/www.sauvegarde93.fr\/index.php?rest_route=%2Fwp%2Fv2%2Fcomments&post=374"}],"version-history":[{"count":12,"href":"https:\/\/www.sauvegarde93.fr\/index.php?rest_route=\/wp\/v2\/pages\/374\/revisions"}],"predecessor-version":[{"id":6408,"href":"https:\/\/www.sauvegarde93.fr\/index.php?rest_route=\/wp\/v2\/pages\/374\/revisions\/6408"}],"wp:featuredmedia":[{"embeddable":true,"href":"https:\/\/www.sauvegarde93.fr\/index.php?rest_route=\/"}],"wp:attachment":[{"href":"https:\/\/www.sauvegarde93.fr\/index.php?rest_route=%2Fwp%2Fv2%2Fmedia&parent=374"}],"curies":[{"name":"wp","href":"https:\/\/api.w.org\/{rel}","templated":true}]}}