{"id":425,"date":"2012-08-11T18:45:58","date_gmt":"2012-08-11T18:45:58","guid":{"rendered":"https:\/\/www.sauvegarde93.fr\/?p=425"},"modified":"2024-10-23T14:11:59","modified_gmt":"2024-10-23T14:11:59","slug":"credits-et-mentions-legales","status":"publish","type":"page","link":"https:\/\/www.sauvegarde93.fr\/?page_id=425","title":{"rendered":"Cr\u00e9dits et Mentions l\u00e9gales"},"content":{"rendered":"\n<p>Le site <a href=\"https:\/\/www.sauvegarde93.fr\">www.sauvegarde93.fr<\/a> est le site web de l\u2019association la Sauvegarde de Seine-Saint-Denis (pr\u00e9c\u00e9demment Adsea 93), repr\u00e9sent\u00e9e par Monsieur Michel COLLADO, Pr\u00e9sident. La Sauvegarde de Seine-Saint-Denis est une association r\u00e9gie par la loi du 1er juillet 1901, fond\u00e9e en 1968. Directrice de publication : L\u00e9a JEANNIN, Directrice G\u00e9n\u00e9rale.<\/p>\n\n\n\n<h2 class=\"wp-block-heading\">Cr\u00e9dits<\/h2>\n\n\n\n<p>Conception et r\u00e9alisation du site Agence web <a href=\"https:\/\/artaban.fr\" target=\"_blank\" rel=\"noreferrer noopener\">ARTABAN<\/a><\/p>\n\n\n\n<p>Outils utilis\u00e9s : CMS WordPress et Matomo.<\/p>\n\n\n\n<h2 class=\"wp-block-heading\">Objet du site internet<\/h2>\n\n\n\n<p>Le site www.sauvegarde93.fr est le site \u00e9dit\u00e9 par la Sauvegarde de Seine-Saint-Denis, dont la vocation est de <strong>diffuser des informations sur les activit\u00e9s, les actions et les services<\/strong> de l\u2019Association Sauvegarde de Seine-Saint-Denis.<br><\/p>\n\n\n\n<h2 class=\"wp-block-heading\">Images<\/h2>\n\n\n\n<p>Images, illustrations, vid\u00e9os : \u00a9 Sauvegarde de Seine-Saint-Denis ou les <strong>cr\u00e9dits mentionn\u00e9s<\/strong> ci-dessous :<\/p>\n\n\n\n<p><strong> Cr\u00e9dits Photos <\/strong><br>\u00a9 Jacques Grison<br>\u00a9 Gratiane de Moustier<\/p>\n\n\n\n<p>\u00a9 ChantalS | Fotolia<br>\u00a9 Alicia Shields | Fotolia<br>\u00a9 Vladimir Kolobov | Fotolia<br>\u00a9 Ruggiero Scardigno | Fotolia<br>\u00a9 Christine Radnich | Fotolia<br>\u00a9 a_korn | Fotolia<\/p>\n\n\n\n<p><strong> Cr\u00e9dits Illustrations <\/strong><br>\u00a9 Pierre-Yves Genin (Aquarelles)<br>\u00a9 David Cessac (Dessins humoristiques)<br><\/p>\n\n\n\n<h2 class=\"wp-block-heading\">Informations sur les contenus<\/h2>\n\n\n\n<p>Les textes et les contenus sont pr\u00e9sent\u00e9s \u00e0 titre indicatif <strong>sans valeur contractuelle<\/strong>. Les textes sont valables \u00e0 la date de leur publication et ne sauraient engager la responsabilit\u00e9 de leurs auteurs ou de la structure. Toutes les informations de ce site peuvent \u00eatre modifi\u00e9es \u00e0 tout moment et sans pr\u00e9avis par la Sauvegarde de Seine-Saint-Denis.<\/p>\n\n\n\n<p>[(La Sauvegarde de Seine-Saint-Denis ne pourrait \u00eatre tenue responsable de l\u2019utilisation qui pourrait \u00eatre faite par un tiers de ces informations qui ne sont donn\u00e9es au public <strong>qu\u2019\u00e0 titre indicatif<\/strong>.)]<\/p>\n\n\n\n<h2 class=\"wp-block-heading\">Propri\u00e9t\u00e9s<\/h2>\n\n\n\n<p>Les contenus et les informations de ce site sont prot\u00e9g\u00e9s par le droit sur la propri\u00e9t\u00e9 intellectuelle. Il est interdit de les utiliser ou de les reproduire sans l\u2019autorisation expresse et pr\u00e9alable de la Sauvegarde de Seine-Saint-Denis.<\/p>\n\n\n\n<p>Toute reproduction, utilisation ou repr\u00e9sentation, int\u00e9grale ou partielle des pages, des donn\u00e9es, et d\u2019une mani\u00e8re g\u00e9n\u00e9rale de tout \u00e9l\u00e9ment constituant ce site sur quelque support que ce soit est strictement interdite <strong>sans autorisation pr\u00e9alable de la Sauvegarde de Seine-Saint-Denis<\/strong>.<\/p>\n\n\n\n<p><strong>Copyright<\/strong> : \u00a9 Sauvegarde de Seine-Saint-Denis<\/p>\n\n\n\n<h2 class=\"wp-block-heading\">Liens hypertextes<\/h2>\n\n\n\n<p>Des liens hypertextes contenus dans le site orientent le lecteur vers des ressources internes de La Sauvegarde de Seine-Saint-Denis, vers d\u2019autres sites propri\u00e9t\u00e9s de la Sauvegarde de Seine-Saint-Denis, ou vers des ressources ou des sites pr\u00e9sents sur le r\u00e9seau internet.<\/p>\n\n\n\n<p>La Sauvegarde de Seine-Saint-Denis d\u00e9cline toute responsabilit\u00e9 concernant :<\/p>\n\n\n\n<ul class=\"wp-block-list\">\n<li>les d\u00e9faillances techniques en relation avec ces liens<\/li>\n\n\n\n<li>le contenu et l\u2019utilisation qui serait faite par des tiers de ces informations.<\/li>\n<\/ul>\n\n\n\n<p>La langue officielle du site est le fran\u00e7ais et le site est soumis au droit fran\u00e7ais et rel\u00e8ve de la comp\u00e9tence exclusive des juridictions fran\u00e7aises.<\/p>\n\n\n\n<h2 class=\"wp-block-heading\">Cr\u00e9ation de liens vers le site de la Sauvegarde de Seine-Saint-Denis<\/h2>\n\n\n\n<p>Le site de la Sauvegarde de Seine-Saint-Denis autorise tout site Internet ou tout autre support \u00e0 le citer ou \u00e0 mettre en place un lien hypertexte pointant vers son contenu. L\u2019autorisation de mise en place d\u2019un lien est <strong>valable pour tout site, \u00e0 l\u2019exception de<\/strong> ceux diffusant des informations \u00e0 caract\u00e8re pol\u00e9mique, pornographique, x\u00e9nophobe ou pouvant, dans une plus large mesure, porter atteinte \u00e0 la sensibilit\u00e9 du plus grand nombre, ou causer un pr\u00e9judice quelconque \u00e0 de la Sauvegarde de Seine-Saint-Denis, \u00e0 son image ainsi qu\u2019\u00e0 celle de ses membres.<\/p>\n\n\n\n<h2 class=\"wp-block-heading\">H\u00e9bergement<\/h2>\n\n\n\n<p><a href=\"https:\/\/www.o2switch.fr\/\" target=\"_blank\" rel=\"noreferrer noopener\">o2switch<\/a><br>Siret : 510 909 807 00032<br>RCS Clermont Ferrand<br>SAS au capital de 100 000\u20ac<\/p>\n\n\n\n<p><strong>Op\u00e9rateur T\u00e9l\u00e9com d\u00e9clar\u00e9 ARCEP<br>09\/2989 \u2013 AS50474<\/strong><\/p>\n\n\n\n<p><\/p>\n","protected":false},"excerpt":{"rendered":"<p>Le site www.sauvegarde93.fr est le site web de l\u2019association la Sauvegarde de Seine-Saint-Denis (pr\u00e9c\u00e9demment Adsea 93), repr\u00e9sent\u00e9e par Monsieur Michel COLLADO, Pr\u00e9sident. La Sauvegarde de Seine-Saint-Denis est une association r\u00e9gie par la loi du 1er juillet 1901, fond\u00e9e en 1968. Directrice de publication : L\u00e9a JEANNIN, Directrice G\u00e9n\u00e9rale. Cr\u00e9dits Conception et r\u00e9alisation du site Agence &#8230; <a title=\"Cr\u00e9dits et Mentions l\u00e9gales\" class=\"read-more\" href=\"https:\/\/www.sauvegarde93.fr\/?page_id=425\" aria-label=\"En savoir plus sur Cr\u00e9dits et Mentions l\u00e9gales\">Lire la suite<\/a><\/p>\n","protected":false},"author":2,"featured_media":0,"parent":0,"menu_order":0,"comment_status":"closed","ping_status":"open","template":"","meta":{"_acf_changed":false,"footnotes":""},"class_list":["post-425","page","type-page","status-publish"],"acf":[],"yoast_head":"<!-- This site is optimized with the Yoast SEO plugin v27.3 - https:\/\/yoast.com\/product\/yoast-seo-wordpress\/ -->\n<title>Cr\u00e9dits et Mentions l\u00e9gales - Sauvegarde de Seine-Saint-Denis<\/title>\n<meta name=\"robots\" content=\"index, follow, max-snippet:-1, max-image-preview:large, max-video-preview:-1\" \/>\n<link rel=\"canonical\" href=\"https:\/\/www.sauvegarde93.fr\/?page_id=425\" \/>\n<meta property=\"og:locale\" content=\"fr_FR\" \/>\n<meta property=\"og:type\" content=\"article\" \/>\n<meta property=\"og:title\" content=\"Cr\u00e9dits et Mentions l\u00e9gales - Sauvegarde de Seine-Saint-Denis\" \/>\n<meta property=\"og:description\" content=\"Le site www.sauvegarde93.fr est le site web de l\u2019association la Sauvegarde de Seine-Saint-Denis (pr\u00e9c\u00e9demment Adsea 93), repr\u00e9sent\u00e9e par Monsieur Michel COLLADO, Pr\u00e9sident. La Sauvegarde de Seine-Saint-Denis est une association r\u00e9gie par la loi du 1er juillet 1901, fond\u00e9e en 1968. Directrice de publication : L\u00e9a JEANNIN, Directrice G\u00e9n\u00e9rale. Cr\u00e9dits Conception et r\u00e9alisation du site Agence ... Lire la suite\" \/>\n<meta property=\"og:url\" content=\"https:\/\/www.sauvegarde93.fr\/?page_id=425\" \/>\n<meta property=\"og:site_name\" content=\"Sauvegarde de Seine-Saint-Denis\" \/>\n<meta property=\"article:modified_time\" content=\"2024-10-23T14:11:59+00:00\" \/>\n<meta name=\"twitter:card\" content=\"summary_large_image\" \/>\n<meta name=\"twitter:label1\" content=\"Dur\u00e9e de lecture estim\u00e9e\" \/>\n\t<meta name=\"twitter:data1\" content=\"3 minutes\" \/>\n<script type=\"application\/ld+json\" class=\"yoast-schema-graph\">{\"@context\":\"https:\\\/\\\/schema.org\",\"@graph\":[{\"@type\":\"WebPage\",\"@id\":\"https:\\\/\\\/www.sauvegarde93.fr\\\/?page_id=425\",\"url\":\"https:\\\/\\\/www.sauvegarde93.fr\\\/?page_id=425\",\"name\":\"Cr\u00e9dits et Mentions l\u00e9gales - Sauvegarde de Seine-Saint-Denis\",\"isPartOf\":{\"@id\":\"https:\\\/\\\/www.sauvegarde93.fr\\\/#website\"},\"datePublished\":\"2012-08-11T18:45:58+00:00\",\"dateModified\":\"2024-10-23T14:11:59+00:00\",\"breadcrumb\":{\"@id\":\"https:\\\/\\\/www.sauvegarde93.fr\\\/?page_id=425#breadcrumb\"},\"inLanguage\":\"fr-FR\",\"potentialAction\":[{\"@type\":\"ReadAction\",\"target\":[\"https:\\\/\\\/www.sauvegarde93.fr\\\/?page_id=425\"]}]},{\"@type\":\"BreadcrumbList\",\"@id\":\"https:\\\/\\\/www.sauvegarde93.fr\\\/?page_id=425#breadcrumb\",\"itemListElement\":[{\"@type\":\"ListItem\",\"position\":1,\"name\":\"Accueil\",\"item\":\"https:\\\/\\\/www.sauvegarde93.fr\\\/\"},{\"@type\":\"ListItem\",\"position\":2,\"name\":\"Cr\u00e9dits et Mentions l\u00e9gales\"}]},{\"@type\":\"WebSite\",\"@id\":\"https:\\\/\\\/www.sauvegarde93.fr\\\/#website\",\"url\":\"https:\\\/\\\/www.sauvegarde93.fr\\\/\",\"name\":\"Sauvegarde de Seine-Saint-Denis\",\"description\":\"Association de protection de l\u2019enfance, de l\u2019adolescence et de l\u2019adulte\",\"publisher\":{\"@id\":\"https:\\\/\\\/www.sauvegarde93.fr\\\/#organization\"},\"potentialAction\":[{\"@type\":\"SearchAction\",\"target\":{\"@type\":\"EntryPoint\",\"urlTemplate\":\"https:\\\/\\\/www.sauvegarde93.fr\\\/?s={search_term_string}\"},\"query-input\":{\"@type\":\"PropertyValueSpecification\",\"valueRequired\":true,\"valueName\":\"search_term_string\"}}],\"inLanguage\":\"fr-FR\"},{\"@type\":\"Organization\",\"@id\":\"https:\\\/\\\/www.sauvegarde93.fr\\\/#organization\",\"name\":\"Sauvegarde de Seine-Saint-Denis\",\"url\":\"https:\\\/\\\/www.sauvegarde93.fr\\\/\",\"logo\":{\"@type\":\"ImageObject\",\"inLanguage\":\"fr-FR\",\"@id\":\"https:\\\/\\\/www.sauvegarde93.fr\\\/#\\\/schema\\\/logo\\\/image\\\/\",\"url\":\"https:\\\/\\\/www.sauvegarde93.fr\\\/wp-content\\\/uploads\\\/2024\\\/04\\\/logo_S93.png\",\"contentUrl\":\"https:\\\/\\\/www.sauvegarde93.fr\\\/wp-content\\\/uploads\\\/2024\\\/04\\\/logo_S93.png\",\"width\":209,\"height\":92,\"caption\":\"Sauvegarde de Seine-Saint-Denis\"},\"image\":{\"@id\":\"https:\\\/\\\/www.sauvegarde93.fr\\\/#\\\/schema\\\/logo\\\/image\\\/\"},\"sameAs\":[\"https:\\\/\\\/www.linkedin.com\\\/company\\\/sauvegarde-de-seine-saint-denis\\\/\"]}]}<\/script>\n<!-- \/ Yoast SEO plugin. -->","yoast_head_json":{"title":"Cr\u00e9dits et Mentions l\u00e9gales - Sauvegarde de Seine-Saint-Denis","robots":{"index":"index","follow":"follow","max-snippet":"max-snippet:-1","max-image-preview":"max-image-preview:large","max-video-preview":"max-video-preview:-1"},"canonical":"https:\/\/www.sauvegarde93.fr\/?page_id=425","og_locale":"fr_FR","og_type":"article","og_title":"Cr\u00e9dits et Mentions l\u00e9gales - Sauvegarde de Seine-Saint-Denis","og_description":"Le site www.sauvegarde93.fr est le site web de l\u2019association la Sauvegarde de Seine-Saint-Denis (pr\u00e9c\u00e9demment Adsea 93), repr\u00e9sent\u00e9e par Monsieur Michel COLLADO, Pr\u00e9sident. La Sauvegarde de Seine-Saint-Denis est une association r\u00e9gie par la loi du 1er juillet 1901, fond\u00e9e en 1968. Directrice de publication : L\u00e9a JEANNIN, Directrice G\u00e9n\u00e9rale. Cr\u00e9dits Conception et r\u00e9alisation du site Agence ... Lire la suite","og_url":"https:\/\/www.sauvegarde93.fr\/?page_id=425","og_site_name":"Sauvegarde de Seine-Saint-Denis","article_modified_time":"2024-10-23T14:11:59+00:00","twitter_card":"summary_large_image","twitter_misc":{"Dur\u00e9e de lecture estim\u00e9e":"3 minutes"},"schema":{"@context":"https:\/\/schema.org","@graph":[{"@type":"WebPage","@id":"https:\/\/www.sauvegarde93.fr\/?page_id=425","url":"https:\/\/www.sauvegarde93.fr\/?page_id=425","name":"Cr\u00e9dits et Mentions l\u00e9gales - Sauvegarde de Seine-Saint-Denis","isPartOf":{"@id":"https:\/\/www.sauvegarde93.fr\/#website"},"datePublished":"2012-08-11T18:45:58+00:00","dateModified":"2024-10-23T14:11:59+00:00","breadcrumb":{"@id":"https:\/\/www.sauvegarde93.fr\/?page_id=425#breadcrumb"},"inLanguage":"fr-FR","potentialAction":[{"@type":"ReadAction","target":["https:\/\/www.sauvegarde93.fr\/?page_id=425"]}]},{"@type":"BreadcrumbList","@id":"https:\/\/www.sauvegarde93.fr\/?page_id=425#breadcrumb","itemListElement":[{"@type":"ListItem","position":1,"name":"Accueil","item":"https:\/\/www.sauvegarde93.fr\/"},{"@type":"ListItem","position":2,"name":"Cr\u00e9dits et Mentions l\u00e9gales"}]},{"@type":"WebSite","@id":"https:\/\/www.sauvegarde93.fr\/#website","url":"https:\/\/www.sauvegarde93.fr\/","name":"Sauvegarde de Seine-Saint-Denis","description":"Association de protection de l\u2019enfance, de l\u2019adolescence et de l\u2019adulte","publisher":{"@id":"https:\/\/www.sauvegarde93.fr\/#organization"},"potentialAction":[{"@type":"SearchAction","target":{"@type":"EntryPoint","urlTemplate":"https:\/\/www.sauvegarde93.fr\/?s={search_term_string}"},"query-input":{"@type":"PropertyValueSpecification","valueRequired":true,"valueName":"search_term_string"}}],"inLanguage":"fr-FR"},{"@type":"Organization","@id":"https:\/\/www.sauvegarde93.fr\/#organization","name":"Sauvegarde de Seine-Saint-Denis","url":"https:\/\/www.sauvegarde93.fr\/","logo":{"@type":"ImageObject","inLanguage":"fr-FR","@id":"https:\/\/www.sauvegarde93.fr\/#\/schema\/logo\/image\/","url":"https:\/\/www.sauvegarde93.fr\/wp-content\/uploads\/2024\/04\/logo_S93.png","contentUrl":"https:\/\/www.sauvegarde93.fr\/wp-content\/uploads\/2024\/04\/logo_S93.png","width":209,"height":92,"caption":"Sauvegarde de Seine-Saint-Denis"},"image":{"@id":"https:\/\/www.sauvegarde93.fr\/#\/schema\/logo\/image\/"},"sameAs":["https:\/\/www.linkedin.com\/company\/sauvegarde-de-seine-saint-denis\/"]}]}},"_links":{"self":[{"href":"https:\/\/www.sauvegarde93.fr\/index.php?rest_route=\/wp\/v2\/pages\/425","targetHints":{"allow":["GET"]}}],"collection":[{"href":"https:\/\/www.sauvegarde93.fr\/index.php?rest_route=\/wp\/v2\/pages"}],"about":[{"href":"https:\/\/www.sauvegarde93.fr\/index.php?rest_route=\/wp\/v2\/types\/page"}],"author":[{"embeddable":true,"href":"https:\/\/www.sauvegarde93.fr\/index.php?rest_route=\/wp\/v2\/users\/2"}],"replies":[{"embeddable":true,"href":"https:\/\/www.sauvegarde93.fr\/index.php?rest_route=%2Fwp%2Fv2%2Fcomments&post=425"}],"version-history":[{"count":3,"href":"https:\/\/www.sauvegarde93.fr\/index.php?rest_route=\/wp\/v2\/pages\/425\/revisions"}],"predecessor-version":[{"id":2759,"href":"https:\/\/www.sauvegarde93.fr\/index.php?rest_route=\/wp\/v2\/pages\/425\/revisions\/2759"}],"wp:attachment":[{"href":"https:\/\/www.sauvegarde93.fr\/index.php?rest_route=%2Fwp%2Fv2%2Fmedia&parent=425"}],"curies":[{"name":"wp","href":"https:\/\/api.w.org\/{rel}","templated":true}]}}