{"id":472,"date":"2012-09-20T00:44:46","date_gmt":"2012-09-20T00:44:46","guid":{"rendered":"https:\/\/www.sauvegarde93.fr\/?p=472"},"modified":"2026-03-24T10:52:11","modified_gmt":"2026-03-24T10:52:11","slug":"assemblee-generale-et-rapports-dactivites","status":"publish","type":"page","link":"https:\/\/www.sauvegarde93.fr\/?page_id=472","title":{"rendered":"Assembl\u00e9e G\u00e9n\u00e9rale et Rapports activit\u00e9"},"content":{"rendered":"\n<p><\/p>\n\n\n\n<p><\/p>\n\n\n\n<p class=\"post_excerpt\">Vous trouverez ci apr\u00e8s notre rapport d&rsquo;activit\u00e9 2024 vot\u00e9 lors de notre assembl\u00e9e g\u00e9n\u00e9rale.<\/p>\n\n\n\n<p class=\"has-text-align-center post_excerpt\"><em>\u00ab Allons de l\u2019avant, allons plus haut !<br><br>L\u2019ici-bas et l\u2019existence ne sont supportables que si l\u2019on emprunte ce raide sentier vers les hauteurs !\u00bb<\/em><\/p>\n\n\n\n<p class=\"has-text-align-center\"><em>Friedrich NIETZSCHE<\/em><\/p>\n\n\n<div class=\"wp-block-image\">\n<figure class=\"aligncenter size-large\"><img loading=\"lazy\" decoding=\"async\" width=\"1024\" height=\"464\" src=\"https:\/\/www.sauvegarde93.fr\/wp-content\/uploads\/2025\/07\/AG25_Assemblee1-2-1024x464.jpg\" alt=\"\" class=\"wp-image-4933\" srcset=\"https:\/\/www.sauvegarde93.fr\/wp-content\/uploads\/2025\/07\/AG25_Assemblee1-2-1024x464.jpg 1024w, https:\/\/www.sauvegarde93.fr\/wp-content\/uploads\/2025\/07\/AG25_Assemblee1-2-300x136.jpg 300w, https:\/\/www.sauvegarde93.fr\/wp-content\/uploads\/2025\/07\/AG25_Assemblee1-2-768x348.jpg 768w, https:\/\/www.sauvegarde93.fr\/wp-content\/uploads\/2025\/07\/AG25_Assemblee1-2.jpg 1150w\" sizes=\"auto, (max-width: 1024px) 100vw, 1024px\" \/><figcaption class=\"wp-element-caption\">Assembl\u00e9e_g\u00e9n\u00e9rale-Sauvegarde93<\/figcaption><\/figure>\n<\/div>\n\n\n<p><br><\/p>\n\n\n\n<h2 class=\"wp-block-heading\">Rapport d&rsquo;activit\u00e9 2024<\/h2>\n\n\n\n<div class=\"wp-block-group\"><div class=\"wp-block-group__inner-container is-layout-constrained wp-block-group-is-layout-constrained\">\n<div class=\"wp-block-group\"><div class=\"wp-block-group__inner-container is-layout-constrained wp-block-group-is-layout-constrained\">\n<div data-wp-interactive=\"core\/file\" class=\"wp-block-file\"><object data-wp-bind--hidden=\"!state.hasPdfPreview\" hidden class=\"wp-block-file__embed\" data=\"https:\/\/www.sauvegarde93.fr\/wp-content\/uploads\/2025\/07\/Rapport-d-activite-2024-Sauvegarde-de-Seine-Saint-Denis_web.pdf\" type=\"application\/pdf\" style=\"width:100%;height:600px\" aria-label=\"Contenu embarqu\u00e9 Rapport-d-activite-2024-Sauvegarde de Seine-Saint-Denis_web.\"><\/object><a id=\"wp-block-file--media-84601d5d-9fcc-42c2-8213-e0095c20f2d6\" href=\"https:\/\/www.sauvegarde93.fr\/wp-content\/uploads\/2025\/07\/Rapport-d-activite-2024-Sauvegarde-de-Seine-Saint-Denis_web.pdf\" target=\"_blank\" rel=\"noreferrer noopener\">Rapport-d-activite-2024-Sauvegarde de Seine-Saint-Denis_web<\/a><a href=\"https:\/\/www.sauvegarde93.fr\/wp-content\/uploads\/2025\/07\/Rapport-d-activite-2024-Sauvegarde-de-Seine-Saint-Denis_web.pdf\" class=\"wp-block-file__button wp-element-button\" download aria-describedby=\"wp-block-file--media-84601d5d-9fcc-42c2-8213-e0095c20f2d6\">T\u00e9l\u00e9charger<\/a><\/div>\n<\/div><\/div>\n<\/div><\/div>\n\n\n\n<details class=\"wp-block-details is-layout-flow wp-block-details-is-layout-flow\"><summary><\/summary>\n<div class=\"wp-block-columns is-layout-flex wp-container-core-columns-is-layout-9d6595d7 wp-block-columns-is-layout-flex\">\n<div class=\"wp-block-column is-layout-flow wp-block-column-is-layout-flow\" style=\"flex-basis:100%\">\n<details class=\"wp-block-details is-layout-flow wp-block-details-is-layout-flow\"><summary><\/summary>\n<div class=\"wp-block-group\"><div class=\"wp-block-group__inner-container is-layout-constrained wp-block-group-is-layout-constrained\">\n<div class=\"wp-block-columns is-layout-flex wp-container-core-columns-is-layout-9d6595d7 wp-block-columns-is-layout-flex\">\n<div class=\"wp-block-column is-layout-flow wp-block-column-is-layout-flow\" style=\"flex-basis:100%\">\n<details class=\"wp-block-details is-layout-flow wp-block-details-is-layout-flow\"><summary><\/summary>\n<div data-wp-interactive=\"core\/file\" class=\"wp-block-file\"><object data-wp-bind--hidden=\"!state.hasPdfPreview\" hidden class=\"wp-block-file__embed\" data=\"https:\/\/www.sauvegarde93.fr\/wp-content\/uploads\/2025\/07\/Rapport-d-activite-2024-Sauvegarde-de-Seine-Saint-Denis_web.pdf\" type=\"application\/pdf\" style=\"width:100%;height:600px\" aria-label=\"Contenu embarqu\u00e9 Rapport-d-activite-2024-Sauvegarde de Seine-Saint-Denis_web.\"><\/object><a id=\"wp-block-file--media-a0cb8e82-058e-4da3-be64-76e698cb9854\" href=\"https:\/\/www.sauvegarde93.fr\/wp-content\/uploads\/2025\/07\/Rapport-d-activite-2024-Sauvegarde-de-Seine-Saint-Denis_web.pdf\">Rapport-d-activite-2024-Sauvegarde de Seine-Saint-Denis_web<\/a><a href=\"https:\/\/www.sauvegarde93.fr\/wp-content\/uploads\/2025\/07\/Rapport-d-activite-2024-Sauvegarde-de-Seine-Saint-Denis_web.pdf\" class=\"wp-block-file__button wp-element-button\" download aria-describedby=\"wp-block-file--media-a0cb8e82-058e-4da3-be64-76e698cb9854\">T\u00e9l\u00e9charger<\/a><\/div>\n<\/details>\n<\/div>\n<\/div>\n<\/div><\/div>\n<\/details>\n<\/div>\n<\/div>\n<\/details>\n\n\n\n<p><br><\/p>\n\n\n\n<h2 class=\"wp-block-heading\">Rapport d&rsquo;activit\u00e9 2023<\/h2>\n\n\n\n<div class=\"wp-block-file\"><a id=\"wp-block-file--media-563c857f-435f-44bb-9343-962df77450c9\" href=\"https:\/\/www.sauvegarde93.fr\/wp-content\/uploads\/2024\/10\/sauvegarde-seine-saint-denis_rapport-d-activite_numerique.pdf\" target=\"_blank\" rel=\"noreferrer noopener\">sauvegarde-seine-saint-denis_rapport-d-activite_numerique<\/a><a href=\"https:\/\/www.sauvegarde93.fr\/wp-content\/uploads\/2024\/10\/sauvegarde-seine-saint-denis_rapport-d-activite_numerique.pdf\" class=\"wp-block-file__button wp-element-button\" download aria-describedby=\"wp-block-file--media-563c857f-435f-44bb-9343-962df77450c9\">T\u00e9l\u00e9charger<\/a><\/div>\n","protected":false},"excerpt":{"rendered":"<p>Vous trouverez ci apr\u00e8s notre rapport d&rsquo;activit\u00e9 2024 vot\u00e9 lors de notre assembl\u00e9e g\u00e9n\u00e9rale. \u00ab Allons de l\u2019avant, allons plus haut ! L\u2019ici-bas et l\u2019existence ne sont supportables que si l\u2019on emprunte ce raide sentier vers les hauteurs !\u00bb Friedrich NIETZSCHE Rapport d&rsquo;activit\u00e9 2024 Rapport d&rsquo;activit\u00e9 2023<\/p>\n","protected":false},"author":2,"featured_media":0,"parent":1199,"menu_order":0,"comment_status":"closed","ping_status":"closed","template":"","meta":{"_acf_changed":false,"footnotes":""},"class_list":["post-472","page","type-page","status-publish"],"acf":[],"yoast_head":"<!-- This site is optimized with the Yoast SEO plugin v27.3 - https:\/\/yoast.com\/product\/yoast-seo-wordpress\/ -->\n<title>Assembl\u00e9e G\u00e9n\u00e9rale et Rapports activit\u00e9 - Sauvegarde de Seine-Saint-Denis<\/title>\n<meta name=\"description\" content=\"Assembl\u00e9e g\u00e9n\u00e9rale de l&#039;association de protection de l&#039;enfance Sauvegarde 93. Elle assure une mission de service public.\" \/>\n<meta name=\"robots\" content=\"index, follow, max-snippet:-1, max-image-preview:large, max-video-preview:-1\" \/>\n<link rel=\"canonical\" href=\"https:\/\/www.sauvegarde93.fr\/?page_id=472\" \/>\n<meta property=\"og:locale\" content=\"fr_FR\" \/>\n<meta property=\"og:type\" content=\"article\" \/>\n<meta property=\"og:title\" content=\"Assembl\u00e9e G\u00e9n\u00e9rale et Rapports activit\u00e9 - Sauvegarde de Seine-Saint-Denis\" \/>\n<meta property=\"og:description\" content=\"Assembl\u00e9e g\u00e9n\u00e9rale de l&#039;association de protection de l&#039;enfance Sauvegarde 93. Elle assure une mission de service public.\" \/>\n<meta property=\"og:url\" content=\"https:\/\/www.sauvegarde93.fr\/?page_id=472\" \/>\n<meta property=\"og:site_name\" content=\"Sauvegarde de Seine-Saint-Denis\" \/>\n<meta property=\"article:modified_time\" content=\"2026-03-24T10:52:11+00:00\" \/>\n<meta property=\"og:image\" content=\"https:\/\/www.sauvegarde93.fr\/wp-content\/uploads\/2025\/07\/AG25_Assemblee1-2.jpg\" \/>\n\t<meta property=\"og:image:width\" content=\"1150\" \/>\n\t<meta property=\"og:image:height\" content=\"521\" \/>\n\t<meta property=\"og:image:type\" content=\"image\/jpeg\" \/>\n<meta name=\"twitter:card\" content=\"summary_large_image\" \/>\n<meta name=\"twitter:label1\" content=\"Dur\u00e9e de lecture estim\u00e9e\" \/>\n\t<meta name=\"twitter:data1\" content=\"1 minute\" \/>\n<script type=\"application\/ld+json\" class=\"yoast-schema-graph\">{\"@context\":\"https:\\\/\\\/schema.org\",\"@graph\":[{\"@type\":\"WebPage\",\"@id\":\"https:\\\/\\\/www.sauvegarde93.fr\\\/?page_id=472\",\"url\":\"https:\\\/\\\/www.sauvegarde93.fr\\\/?page_id=472\",\"name\":\"Assembl\u00e9e G\u00e9n\u00e9rale et Rapports activit\u00e9 - Sauvegarde de Seine-Saint-Denis\",\"isPartOf\":{\"@id\":\"https:\\\/\\\/www.sauvegarde93.fr\\\/#website\"},\"primaryImageOfPage\":{\"@id\":\"https:\\\/\\\/www.sauvegarde93.fr\\\/?page_id=472#primaryimage\"},\"image\":{\"@id\":\"https:\\\/\\\/www.sauvegarde93.fr\\\/?page_id=472#primaryimage\"},\"thumbnailUrl\":\"https:\\\/\\\/www.sauvegarde93.fr\\\/wp-content\\\/uploads\\\/2025\\\/07\\\/AG25_Assemblee1-2-1024x464.jpg\",\"datePublished\":\"2012-09-20T00:44:46+00:00\",\"dateModified\":\"2026-03-24T10:52:11+00:00\",\"description\":\"Assembl\u00e9e g\u00e9n\u00e9rale de l'association de protection de l'enfance Sauvegarde 93. Elle assure une mission de service public.\",\"breadcrumb\":{\"@id\":\"https:\\\/\\\/www.sauvegarde93.fr\\\/?page_id=472#breadcrumb\"},\"inLanguage\":\"fr-FR\",\"potentialAction\":[{\"@type\":\"ReadAction\",\"target\":[\"https:\\\/\\\/www.sauvegarde93.fr\\\/?page_id=472\"]}]},{\"@type\":\"ImageObject\",\"inLanguage\":\"fr-FR\",\"@id\":\"https:\\\/\\\/www.sauvegarde93.fr\\\/?page_id=472#primaryimage\",\"url\":\"https:\\\/\\\/www.sauvegarde93.fr\\\/wp-content\\\/uploads\\\/2025\\\/07\\\/AG25_Assemblee1-2.jpg\",\"contentUrl\":\"https:\\\/\\\/www.sauvegarde93.fr\\\/wp-content\\\/uploads\\\/2025\\\/07\\\/AG25_Assemblee1-2.jpg\",\"width\":1150,\"height\":521},{\"@type\":\"BreadcrumbList\",\"@id\":\"https:\\\/\\\/www.sauvegarde93.fr\\\/?page_id=472#breadcrumb\",\"itemListElement\":[{\"@type\":\"ListItem\",\"position\":1,\"name\":\"Accueil\",\"item\":\"https:\\\/\\\/www.sauvegarde93.fr\\\/\"},{\"@type\":\"ListItem\",\"position\":2,\"name\":\"L&rsquo;association\",\"item\":\"https:\\\/\\\/www.sauvegarde93.fr\\\/?page_id=1199\"},{\"@type\":\"ListItem\",\"position\":3,\"name\":\"Assembl\u00e9e G\u00e9n\u00e9rale et Rapports activit\u00e9\"}]},{\"@type\":\"WebSite\",\"@id\":\"https:\\\/\\\/www.sauvegarde93.fr\\\/#website\",\"url\":\"https:\\\/\\\/www.sauvegarde93.fr\\\/\",\"name\":\"Sauvegarde de Seine-Saint-Denis\",\"description\":\"Association de protection de l\u2019enfance, de l\u2019adolescence et de l\u2019adulte\",\"publisher\":{\"@id\":\"https:\\\/\\\/www.sauvegarde93.fr\\\/#organization\"},\"potentialAction\":[{\"@type\":\"SearchAction\",\"target\":{\"@type\":\"EntryPoint\",\"urlTemplate\":\"https:\\\/\\\/www.sauvegarde93.fr\\\/?s={search_term_string}\"},\"query-input\":{\"@type\":\"PropertyValueSpecification\",\"valueRequired\":true,\"valueName\":\"search_term_string\"}}],\"inLanguage\":\"fr-FR\"},{\"@type\":\"Organization\",\"@id\":\"https:\\\/\\\/www.sauvegarde93.fr\\\/#organization\",\"name\":\"Sauvegarde de Seine-Saint-Denis\",\"url\":\"https:\\\/\\\/www.sauvegarde93.fr\\\/\",\"logo\":{\"@type\":\"ImageObject\",\"inLanguage\":\"fr-FR\",\"@id\":\"https:\\\/\\\/www.sauvegarde93.fr\\\/#\\\/schema\\\/logo\\\/image\\\/\",\"url\":\"https:\\\/\\\/www.sauvegarde93.fr\\\/wp-content\\\/uploads\\\/2024\\\/04\\\/logo_S93.png\",\"contentUrl\":\"https:\\\/\\\/www.sauvegarde93.fr\\\/wp-content\\\/uploads\\\/2024\\\/04\\\/logo_S93.png\",\"width\":209,\"height\":92,\"caption\":\"Sauvegarde de Seine-Saint-Denis\"},\"image\":{\"@id\":\"https:\\\/\\\/www.sauvegarde93.fr\\\/#\\\/schema\\\/logo\\\/image\\\/\"},\"sameAs\":[\"https:\\\/\\\/www.linkedin.com\\\/company\\\/sauvegarde-de-seine-saint-denis\\\/\"]}]}<\/script>\n<!-- \/ Yoast SEO plugin. -->","yoast_head_json":{"title":"Assembl\u00e9e G\u00e9n\u00e9rale et Rapports activit\u00e9 - Sauvegarde de Seine-Saint-Denis","description":"Assembl\u00e9e g\u00e9n\u00e9rale de l'association de protection de l'enfance Sauvegarde 93. Elle assure une mission de service public.","robots":{"index":"index","follow":"follow","max-snippet":"max-snippet:-1","max-image-preview":"max-image-preview:large","max-video-preview":"max-video-preview:-1"},"canonical":"https:\/\/www.sauvegarde93.fr\/?page_id=472","og_locale":"fr_FR","og_type":"article","og_title":"Assembl\u00e9e G\u00e9n\u00e9rale et Rapports activit\u00e9 - Sauvegarde de Seine-Saint-Denis","og_description":"Assembl\u00e9e g\u00e9n\u00e9rale de l'association de protection de l'enfance Sauvegarde 93. Elle assure une mission de service public.","og_url":"https:\/\/www.sauvegarde93.fr\/?page_id=472","og_site_name":"Sauvegarde de Seine-Saint-Denis","article_modified_time":"2026-03-24T10:52:11+00:00","og_image":[{"width":1150,"height":521,"url":"https:\/\/www.sauvegarde93.fr\/wp-content\/uploads\/2025\/07\/AG25_Assemblee1-2.jpg","type":"image\/jpeg"}],"twitter_card":"summary_large_image","twitter_misc":{"Dur\u00e9e de lecture estim\u00e9e":"1 minute"},"schema":{"@context":"https:\/\/schema.org","@graph":[{"@type":"WebPage","@id":"https:\/\/www.sauvegarde93.fr\/?page_id=472","url":"https:\/\/www.sauvegarde93.fr\/?page_id=472","name":"Assembl\u00e9e G\u00e9n\u00e9rale et Rapports activit\u00e9 - Sauvegarde de Seine-Saint-Denis","isPartOf":{"@id":"https:\/\/www.sauvegarde93.fr\/#website"},"primaryImageOfPage":{"@id":"https:\/\/www.sauvegarde93.fr\/?page_id=472#primaryimage"},"image":{"@id":"https:\/\/www.sauvegarde93.fr\/?page_id=472#primaryimage"},"thumbnailUrl":"https:\/\/www.sauvegarde93.fr\/wp-content\/uploads\/2025\/07\/AG25_Assemblee1-2-1024x464.jpg","datePublished":"2012-09-20T00:44:46+00:00","dateModified":"2026-03-24T10:52:11+00:00","description":"Assembl\u00e9e g\u00e9n\u00e9rale de l'association de protection de l'enfance Sauvegarde 93. Elle assure une mission de service public.","breadcrumb":{"@id":"https:\/\/www.sauvegarde93.fr\/?page_id=472#breadcrumb"},"inLanguage":"fr-FR","potentialAction":[{"@type":"ReadAction","target":["https:\/\/www.sauvegarde93.fr\/?page_id=472"]}]},{"@type":"ImageObject","inLanguage":"fr-FR","@id":"https:\/\/www.sauvegarde93.fr\/?page_id=472#primaryimage","url":"https:\/\/www.sauvegarde93.fr\/wp-content\/uploads\/2025\/07\/AG25_Assemblee1-2.jpg","contentUrl":"https:\/\/www.sauvegarde93.fr\/wp-content\/uploads\/2025\/07\/AG25_Assemblee1-2.jpg","width":1150,"height":521},{"@type":"BreadcrumbList","@id":"https:\/\/www.sauvegarde93.fr\/?page_id=472#breadcrumb","itemListElement":[{"@type":"ListItem","position":1,"name":"Accueil","item":"https:\/\/www.sauvegarde93.fr\/"},{"@type":"ListItem","position":2,"name":"L&rsquo;association","item":"https:\/\/www.sauvegarde93.fr\/?page_id=1199"},{"@type":"ListItem","position":3,"name":"Assembl\u00e9e G\u00e9n\u00e9rale et Rapports activit\u00e9"}]},{"@type":"WebSite","@id":"https:\/\/www.sauvegarde93.fr\/#website","url":"https:\/\/www.sauvegarde93.fr\/","name":"Sauvegarde de Seine-Saint-Denis","description":"Association de protection de l\u2019enfance, de l\u2019adolescence et de l\u2019adulte","publisher":{"@id":"https:\/\/www.sauvegarde93.fr\/#organization"},"potentialAction":[{"@type":"SearchAction","target":{"@type":"EntryPoint","urlTemplate":"https:\/\/www.sauvegarde93.fr\/?s={search_term_string}"},"query-input":{"@type":"PropertyValueSpecification","valueRequired":true,"valueName":"search_term_string"}}],"inLanguage":"fr-FR"},{"@type":"Organization","@id":"https:\/\/www.sauvegarde93.fr\/#organization","name":"Sauvegarde de Seine-Saint-Denis","url":"https:\/\/www.sauvegarde93.fr\/","logo":{"@type":"ImageObject","inLanguage":"fr-FR","@id":"https:\/\/www.sauvegarde93.fr\/#\/schema\/logo\/image\/","url":"https:\/\/www.sauvegarde93.fr\/wp-content\/uploads\/2024\/04\/logo_S93.png","contentUrl":"https:\/\/www.sauvegarde93.fr\/wp-content\/uploads\/2024\/04\/logo_S93.png","width":209,"height":92,"caption":"Sauvegarde de Seine-Saint-Denis"},"image":{"@id":"https:\/\/www.sauvegarde93.fr\/#\/schema\/logo\/image\/"},"sameAs":["https:\/\/www.linkedin.com\/company\/sauvegarde-de-seine-saint-denis\/"]}]}},"_links":{"self":[{"href":"https:\/\/www.sauvegarde93.fr\/index.php?rest_route=\/wp\/v2\/pages\/472","targetHints":{"allow":["GET"]}}],"collection":[{"href":"https:\/\/www.sauvegarde93.fr\/index.php?rest_route=\/wp\/v2\/pages"}],"about":[{"href":"https:\/\/www.sauvegarde93.fr\/index.php?rest_route=\/wp\/v2\/types\/page"}],"author":[{"embeddable":true,"href":"https:\/\/www.sauvegarde93.fr\/index.php?rest_route=\/wp\/v2\/users\/2"}],"replies":[{"embeddable":true,"href":"https:\/\/www.sauvegarde93.fr\/index.php?rest_route=%2Fwp%2Fv2%2Fcomments&post=472"}],"version-history":[{"count":30,"href":"https:\/\/www.sauvegarde93.fr\/index.php?rest_route=\/wp\/v2\/pages\/472\/revisions"}],"predecessor-version":[{"id":6855,"href":"https:\/\/www.sauvegarde93.fr\/index.php?rest_route=\/wp\/v2\/pages\/472\/revisions\/6855"}],"up":[{"embeddable":true,"href":"https:\/\/www.sauvegarde93.fr\/index.php?rest_route=\/wp\/v2\/pages\/1199"}],"wp:attachment":[{"href":"https:\/\/www.sauvegarde93.fr\/index.php?rest_route=%2Fwp%2Fv2%2Fmedia&parent=472"}],"curies":[{"name":"wp","href":"https:\/\/api.w.org\/{rel}","templated":true}]}}